{"id":99,"date":"2022-06-24T16:30:37","date_gmt":"2022-06-24T14:30:37","guid":{"rendered":"http:\/\/www.thorsten-schneider.com\/blog\/?page_id=99"},"modified":"2023-05-15T10:56:28","modified_gmt":"2023-05-15T08:56:28","slug":"steel-blue","status":"publish","type":"page","link":"https:\/\/www.thorsten-schneider.com\/blog\/steel-blue\/","title":{"rendered":"Steel Blue"},"content":{"rendered":"\n<figure class=\"wp-block-image size-large\"><img loading=\"lazy\" decoding=\"async\" width=\"1024\" height=\"768\" src=\"https:\/\/www.thorsten-schneider.com\/blog\/wp-content\/uploads\/2023\/05\/steelblue_1-1024x768.jpeg\" alt=\"\" class=\"wp-image-2380\" srcset=\"https:\/\/www.thorsten-schneider.com\/blog\/wp-content\/uploads\/2023\/05\/steelblue_1-1024x768.jpeg 1024w, https:\/\/www.thorsten-schneider.com\/blog\/wp-content\/uploads\/2023\/05\/steelblue_1-300x225.jpeg 300w, https:\/\/www.thorsten-schneider.com\/blog\/wp-content\/uploads\/2023\/05\/steelblue_1-768x576.jpeg 768w, https:\/\/www.thorsten-schneider.com\/blog\/wp-content\/uploads\/2023\/05\/steelblue_1-1536x1152.jpeg 1536w, https:\/\/www.thorsten-schneider.com\/blog\/wp-content\/uploads\/2023\/05\/steelblue_1.jpeg 1600w\" sizes=\"auto, (max-width: 767px) 89vw, (max-width: 1000px) 54vw, (max-width: 1071px) 543px, 580px\" \/><\/figure>\n\n\n\n<figure class=\"wp-block-image size-large\"><img loading=\"lazy\" decoding=\"async\" width=\"1024\" height=\"768\" src=\"https:\/\/www.thorsten-schneider.com\/blog\/wp-content\/uploads\/2023\/05\/steelblue_2-1024x768.jpeg\" alt=\"\" class=\"wp-image-2382\" srcset=\"https:\/\/www.thorsten-schneider.com\/blog\/wp-content\/uploads\/2023\/05\/steelblue_2-1024x768.jpeg 1024w, https:\/\/www.thorsten-schneider.com\/blog\/wp-content\/uploads\/2023\/05\/steelblue_2-300x225.jpeg 300w, https:\/\/www.thorsten-schneider.com\/blog\/wp-content\/uploads\/2023\/05\/steelblue_2-768x576.jpeg 768w, https:\/\/www.thorsten-schneider.com\/blog\/wp-content\/uploads\/2023\/05\/steelblue_2-1536x1152.jpeg 1536w, https:\/\/www.thorsten-schneider.com\/blog\/wp-content\/uploads\/2023\/05\/steelblue_2.jpeg 1600w\" sizes=\"auto, (max-width: 767px) 89vw, (max-width: 1000px) 54vw, (max-width: 1071px) 543px, 580px\" \/><\/figure>\n\n\n\n<figure class=\"wp-block-table is-style-stripes\"><table><tbody><tr><td>Inspiration<\/td><td>&#8211;<\/td><\/tr><tr><td>Basis<\/td><td>Vostok Amphibia 100XXX<\/td><\/tr><tr><td>Geh\u00e4use<\/td><td>100 Edelstahl <strong>mattiert<\/strong><\/td><\/tr><tr><td>Geh\u00e4useboden<\/td><td><strong>Boctok &#8222;B&#8220; Edelstahl<\/strong><\/td><\/tr><tr><td><\/td><td><\/td><\/tr><tr><td>Zifferblatt<\/td><td><strong>Amphibia 659 blau<\/strong><\/td><\/tr><tr><td>Werk<\/td><td>Vostok 2416B Automatik<\/td><\/tr><tr><td>Werkhaltering<\/td><td><strong>Edelstahl<\/strong><\/td><\/tr><tr><td>Armierungsring<\/td><td>Edelstahl poliert<\/td><\/tr><tr><td>Datumsscheibe<\/td><td>&#8211;<\/td><\/tr><tr><td>Stundenzeiger<\/td><td><strong>Rafflestime Marine Master silber<\/strong><\/td><\/tr><tr><td>Minutenzeiger<\/td><td><strong>Rafflestime Marine Master silber<\/strong><\/td><\/tr><tr><td>Sekundenzeiger<\/td><td><strong>Favinov wei\u00df<\/strong><\/td><\/tr><tr><td>Krone<\/td><td>Edelstahl<strong> mattiert mit Fase<\/strong><\/td><\/tr><tr><td>L\u00fcnette 1<\/td><td><strong>Komandirskie 280 Edelstahl mit wei\u00df lackierten Indizes<\/strong><\/td><\/tr><tr><td>L\u00fcnette 2<\/td><td><strong>Seiko-kompatibel Edelstahl<\/strong><\/td><\/tr><tr><td>L\u00fcnetteninlay<\/td><td><strong>Aluminium mattiert<\/strong><\/td><\/tr><tr><td><\/td><td><\/td><\/tr><tr><td>Stahl<\/td><td><strong>Edelstahl IWC-Stil massiv, mattiert<\/strong><\/td><\/tr><\/tbody><\/table><figcaption class=\"wp-element-caption\">Alle von mir durchgef\u00fchrten \u00c4nderungen zum Serienmodell und das auf dem Foto abgebildete Band sind <strong>fett<\/strong> markiert.<\/figcaption><\/figure>\n\n\n\n<p><a href=\"https:\/\/www.thorsten-schneider.com\/blog\/blue-boys\/\" data-type=\"page\" data-id=\"1173\">zur\u00fcck zur Auswahl &gt;<\/a><\/p>\n","protected":false},"excerpt":{"rendered":"<p>Inspiration &#8211; Basis Vostok Amphibia 100XXX Geh\u00e4use 100 Edelstahl mattiert Geh\u00e4useboden Boctok &#8222;B&#8220; Edelstahl Zifferblatt Amphibia 659 blau Werk Vostok 2416B Automatik Werkhaltering Edelstahl Armierungsring Edelstahl poliert Datumsscheibe &#8211; Stundenzeiger Rafflestime Marine Master silber Minutenzeiger Rafflestime Marine Master silber Sekundenzeiger Favinov wei\u00df Krone Edelstahl mattiert mit Fase L\u00fcnette 1 Komandirskie 280 Edelstahl mit wei\u00df lackierten &hellip; <\/p>\n<p class=\"link-more\"><a href=\"https:\/\/www.thorsten-schneider.com\/blog\/steel-blue\/\" class=\"more-link\"><span class=\"screen-reader-text\">\u201eSteel Blue\u201c <\/span>weiterlesen<\/a><\/p>\n","protected":false},"author":1,"featured_media":0,"parent":0,"menu_order":0,"comment_status":"closed","ping_status":"closed","template":"","meta":{"footnotes":""},"class_list":["post-99","page","type-page","status-publish","hentry"],"_links":{"self":[{"href":"https:\/\/www.thorsten-schneider.com\/blog\/wp-json\/wp\/v2\/pages\/99","targetHints":{"allow":["GET"]}}],"collection":[{"href":"https:\/\/www.thorsten-schneider.com\/blog\/wp-json\/wp\/v2\/pages"}],"about":[{"href":"https:\/\/www.thorsten-schneider.com\/blog\/wp-json\/wp\/v2\/types\/page"}],"author":[{"embeddable":true,"href":"https:\/\/www.thorsten-schneider.com\/blog\/wp-json\/wp\/v2\/users\/1"}],"replies":[{"embeddable":true,"href":"https:\/\/www.thorsten-schneider.com\/blog\/wp-json\/wp\/v2\/comments?post=99"}],"version-history":[{"count":21,"href":"https:\/\/www.thorsten-schneider.com\/blog\/wp-json\/wp\/v2\/pages\/99\/revisions"}],"predecessor-version":[{"id":2386,"href":"https:\/\/www.thorsten-schneider.com\/blog\/wp-json\/wp\/v2\/pages\/99\/revisions\/2386"}],"wp:attachment":[{"href":"https:\/\/www.thorsten-schneider.com\/blog\/wp-json\/wp\/v2\/media?parent=99"}],"curies":[{"name":"wp","href":"https:\/\/api.w.org\/{rel}","templated":true}]}}