{"id":937,"date":"2022-09-02T13:18:00","date_gmt":"2022-09-02T11:18:00","guid":{"rendered":"http:\/\/www.thorsten-schneider.com\/blog\/?page_id=937"},"modified":"2023-03-31T12:47:43","modified_gmt":"2023-03-31T10:47:43","slug":"vachtmaster-neptun-green","status":"publish","type":"page","link":"https:\/\/www.thorsten-schneider.com\/blog\/vachtmaster-neptun-green\/","title":{"rendered":"Vachtmaster Neptun Green"},"content":{"rendered":"\n<figure class=\"wp-block-image size-large\"><img loading=\"lazy\" decoding=\"async\" width=\"1024\" height=\"768\" src=\"https:\/\/www.thorsten-schneider.com\/blog\/wp-content\/uploads\/2023\/03\/vachtmaster_neptun_green-1024x768.jpeg\" alt=\"\" class=\"wp-image-2222\" srcset=\"https:\/\/www.thorsten-schneider.com\/blog\/wp-content\/uploads\/2023\/03\/vachtmaster_neptun_green-1024x768.jpeg 1024w, https:\/\/www.thorsten-schneider.com\/blog\/wp-content\/uploads\/2023\/03\/vachtmaster_neptun_green-300x225.jpeg 300w, https:\/\/www.thorsten-schneider.com\/blog\/wp-content\/uploads\/2023\/03\/vachtmaster_neptun_green-768x576.jpeg 768w, https:\/\/www.thorsten-schneider.com\/blog\/wp-content\/uploads\/2023\/03\/vachtmaster_neptun_green-1536x1152.jpeg 1536w, https:\/\/www.thorsten-schneider.com\/blog\/wp-content\/uploads\/2023\/03\/vachtmaster_neptun_green.jpeg 1600w\" sizes=\"auto, (max-width: 767px) 89vw, (max-width: 1000px) 54vw, (max-width: 1071px) 543px, 580px\" \/><\/figure>\n\n\n\n<figure class=\"wp-block-table is-style-stripes\"><table><tbody><tr><td>Inspiration<\/td><td>Vostok <strong>Neptun<\/strong><\/td><\/tr><tr><td>Basis<\/td><td>Vostok Komandirskie 020715<\/td><\/tr><tr><td>Geh\u00e4use<\/td><td>020 Edelstahl mattiert<\/td><\/tr><tr><td>Geh\u00e4useboden<\/td><td><strong>Meranom Glasboden mit gro\u00dfem Sichtfenster<\/strong><\/td><\/tr><tr><td><\/td><td><\/td><\/tr><tr><td>Zifferblatt<\/td><td><strong>Neptun 758 dunkelgr\u00fcn<\/strong><\/td><\/tr><tr><td>Werk<\/td><td>Vostok 2416B Automatik<\/td><\/tr><tr><td>Werkhaltering<\/td><td><strong>Edelstahl<\/strong><\/td><\/tr><tr><td>Armierungsring<\/td><td>Edelstahl poliert<\/td><\/tr><tr><td>Datumsscheibe<\/td><td><strong>schwarz, Datum auf 6 Uhr<\/strong><\/td><\/tr><tr><td>Stundenzeiger<\/td><td><strong>VW24 Paddle silber<\/strong><\/td><\/tr><tr><td>Minutenzeiger<\/td><td><strong>VW24 Paddle silber<\/strong><\/td><\/tr><tr><td>Sekundenzeiger<\/td><td><strong>VW24 Pfeilzeiger orange<\/strong><\/td><\/tr><tr><td>Krone<\/td><td>Edelstahl mattiert<\/td><\/tr><tr><td>L\u00fcnette<\/td><td><strong>Stavros Edelstahl<\/strong><\/td><\/tr><tr><td>L\u00fcnetteninlay<\/td><td><strong>Yachtmaster-Stil silber<\/strong><\/td><\/tr><tr><td><\/td><td><\/td><\/tr><tr><td>Leder<\/td><td><strong>Rallye schwarz mit wei\u00dfer Naht und Edelstahl-Dornschlie\u00dfe<\/strong><\/td><\/tr><tr><td>Leder<\/td><td>Vintage hellbraun mit Edelstahl-Dornschlie\u00dfe<\/td><\/tr><tr><td>Stahl<\/td><td>Edelstahl massiv mit angefasten Gliedern und Butterfly-Faltschlie\u00dfe<\/td><\/tr><tr><td>Paratrooper<\/td><td>grau mit wei\u00dfem Streifen und Edelstahl-Hakenschlie\u00dfe<\/td><\/tr><tr><td>Paratrooper<\/td><td>beige mit wei\u00dfem Streifen und Edelstahl-Hakenschlie\u00dfe<\/td><\/tr><\/tbody><\/table><figcaption class=\"wp-element-caption\">Alle von mir durchgef\u00fchrten \u00c4nderungen zum Serienmodell und das auf dem Foto abgebildete Band sind <strong>fett<\/strong> markiert.<\/figcaption><\/figure>\n\n\n\n<p><a href=\"https:\/\/www.thorsten-schneider.com\/blog\/united-colors-of-vostok\/\" data-type=\"page\" data-id=\"1182\">zur\u00fcck zur Auswahl &gt;<\/a><\/p>\n","protected":false},"excerpt":{"rendered":"<p>Inspiration Vostok Neptun Basis Vostok Komandirskie 020715 Geh\u00e4use 020 Edelstahl mattiert Geh\u00e4useboden Meranom Glasboden mit gro\u00dfem Sichtfenster Zifferblatt Neptun 758 dunkelgr\u00fcn Werk Vostok 2416B Automatik Werkhaltering Edelstahl Armierungsring Edelstahl poliert Datumsscheibe schwarz, Datum auf 6 Uhr Stundenzeiger VW24 Paddle silber Minutenzeiger VW24 Paddle silber Sekundenzeiger VW24 Pfeilzeiger orange Krone Edelstahl mattiert L\u00fcnette Stavros Edelstahl L\u00fcnetteninlay &hellip; <\/p>\n<p class=\"link-more\"><a href=\"https:\/\/www.thorsten-schneider.com\/blog\/vachtmaster-neptun-green\/\" class=\"more-link\"><span class=\"screen-reader-text\">\u201eVachtmaster Neptun Green\u201c <\/span>weiterlesen<\/a><\/p>\n","protected":false},"author":1,"featured_media":0,"parent":0,"menu_order":0,"comment_status":"closed","ping_status":"closed","template":"","meta":{"footnotes":""},"class_list":["post-937","page","type-page","status-publish","hentry"],"_links":{"self":[{"href":"https:\/\/www.thorsten-schneider.com\/blog\/wp-json\/wp\/v2\/pages\/937","targetHints":{"allow":["GET"]}}],"collection":[{"href":"https:\/\/www.thorsten-schneider.com\/blog\/wp-json\/wp\/v2\/pages"}],"about":[{"href":"https:\/\/www.thorsten-schneider.com\/blog\/wp-json\/wp\/v2\/types\/page"}],"author":[{"embeddable":true,"href":"https:\/\/www.thorsten-schneider.com\/blog\/wp-json\/wp\/v2\/users\/1"}],"replies":[{"embeddable":true,"href":"https:\/\/www.thorsten-schneider.com\/blog\/wp-json\/wp\/v2\/comments?post=937"}],"version-history":[{"count":9,"href":"https:\/\/www.thorsten-schneider.com\/blog\/wp-json\/wp\/v2\/pages\/937\/revisions"}],"predecessor-version":[{"id":2223,"href":"https:\/\/www.thorsten-schneider.com\/blog\/wp-json\/wp\/v2\/pages\/937\/revisions\/2223"}],"wp:attachment":[{"href":"https:\/\/www.thorsten-schneider.com\/blog\/wp-json\/wp\/v2\/media?parent=937"}],"curies":[{"name":"wp","href":"https:\/\/api.w.org\/{rel}","templated":true}]}}