{"id":93,"date":"2022-09-02T13:18:21","date_gmt":"2022-09-02T11:18:21","guid":{"rendered":"http:\/\/www.thorsten-schneider.com\/blog\/?page_id=93"},"modified":"2022-12-22T12:37:29","modified_gmt":"2022-12-22T11:37:29","slug":"volova-oceanographer","status":"publish","type":"page","link":"https:\/\/www.thorsten-schneider.com\/blog\/volova-oceanographer\/","title":{"rendered":"Volova Oceanographer"},"content":{"rendered":"\n<figure class=\"wp-block-image size-large\"><img loading=\"lazy\" decoding=\"async\" width=\"1024\" height=\"768\" src=\"https:\/\/www.thorsten-schneider.com\/blog\/wp-content\/uploads\/2022\/09\/volova_oceanographer_1-1024x768.jpg\" alt=\"\" class=\"wp-image-1161\" srcset=\"https:\/\/www.thorsten-schneider.com\/blog\/wp-content\/uploads\/2022\/09\/volova_oceanographer_1-1024x768.jpg 1024w, https:\/\/www.thorsten-schneider.com\/blog\/wp-content\/uploads\/2022\/09\/volova_oceanographer_1-300x225.jpg 300w, https:\/\/www.thorsten-schneider.com\/blog\/wp-content\/uploads\/2022\/09\/volova_oceanographer_1-768x576.jpg 768w, https:\/\/www.thorsten-schneider.com\/blog\/wp-content\/uploads\/2022\/09\/volova_oceanographer_1-1536x1152.jpg 1536w, https:\/\/www.thorsten-schneider.com\/blog\/wp-content\/uploads\/2022\/09\/volova_oceanographer_1.jpg 1600w\" sizes=\"auto, (max-width: 767px) 89vw, (max-width: 1000px) 54vw, (max-width: 1071px) 543px, 580px\" \/><\/figure>\n\n\n\n<figure class=\"wp-block-table is-style-stripes\"><table><tbody><tr><td>Inspiration<\/td><td>Bulova Oceanographer<\/td><\/tr><tr><td>Basis<\/td><td>Vostok Amphibia 710XXX<\/td><\/tr><tr><td>Geh\u00e4use<\/td><td>710 Edelstahl <strong>teilmattiert<\/strong><\/td><\/tr><tr><td>Geh\u00e4useboden<\/td><td><strong>Meranom Glasboden mit gro\u00dfem Sichtfenster<\/strong><\/td><\/tr><tr><td><\/td><td><\/td><\/tr><tr><td>Zifferblatt<\/td><td><strong>Rafflestime Milsub dunkelblau<\/strong><\/td><\/tr><tr><td>Werk<\/td><td>Vostok 2416B Automatik<\/td><\/tr><tr><td>Werkhaltering<\/td><td><strong>Edelstahl<\/strong><\/td><\/tr><tr><td>Armierungsring<\/td><td>Edelstahl poliert<\/td><\/tr><tr><td>Datumsscheibe<\/td><td>&#8211;<\/td><\/tr><tr><td>Stundenzeiger<\/td><td><strong>Favinov Paddle wei\u00df<\/strong><\/td><\/tr><tr><td>Minutenzeiger<\/td><td><strong>Favinov Paddle wei\u00df<\/strong><\/td><\/tr><tr><td>Sekundenzeiger<\/td><td><strong>One Second Closer &#8211; The Buran orange<\/strong><\/td><\/tr><tr><td>Krone<\/td><td><strong><strong>Edelstahl mattiert<\/strong><\/strong><\/td><\/tr><tr><td>L\u00fcnette<\/td><td><strong>One Second Closer &#8211; The Atlas Edelstahl<\/strong><\/td><\/tr><tr><td>L\u00fcnetteninlay<\/td><td><strong>Seamaster PO Stil blau-orange<\/strong><\/td><\/tr><tr><td><\/td><td><\/td><\/tr><tr><td>Stahl<\/td><td><strong>Edelstahl massiv im President-Stil, teilmattiert mit Faltschlie\u00dfe<\/strong><\/td><\/tr><tr><td>Leder<\/td><td>Wildleder dunkelblau mit orangefarbener Naht und Edelstahl-Dornschlie\u00dfe<\/td><\/tr><\/tbody><\/table><figcaption class=\"wp-element-caption\">Alle von mir durchgef\u00fchrten \u00c4nderungen zum Serienmodell und das auf dem Foto abgebildete Band sind <strong>fett<\/strong> markiert.<\/figcaption><\/figure>\n\n\n\n<p><a href=\"https:\/\/www.thorsten-schneider.com\/blog\/blue-boys\/\" data-type=\"page\" data-id=\"1173\">zur\u00fcck zur Auswahl &gt;<\/a><\/p>\n","protected":false},"excerpt":{"rendered":"<p>Inspiration Bulova Oceanographer Basis Vostok Amphibia 710XXX Geh\u00e4use 710 Edelstahl teilmattiert Geh\u00e4useboden Meranom Glasboden mit gro\u00dfem Sichtfenster Zifferblatt Rafflestime Milsub dunkelblau Werk Vostok 2416B Automatik Werkhaltering Edelstahl Armierungsring Edelstahl poliert Datumsscheibe &#8211; Stundenzeiger Favinov Paddle wei\u00df Minutenzeiger Favinov Paddle wei\u00df Sekundenzeiger One Second Closer &#8211; The Buran orange Krone Edelstahl mattiert L\u00fcnette One Second Closer &hellip; <\/p>\n<p class=\"link-more\"><a href=\"https:\/\/www.thorsten-schneider.com\/blog\/volova-oceanographer\/\" class=\"more-link\"><span class=\"screen-reader-text\">\u201eVolova Oceanographer\u201c <\/span>weiterlesen<\/a><\/p>\n","protected":false},"author":1,"featured_media":0,"parent":0,"menu_order":0,"comment_status":"closed","ping_status":"closed","template":"","meta":{"footnotes":""},"class_list":["post-93","page","type-page","status-publish","hentry"],"_links":{"self":[{"href":"https:\/\/www.thorsten-schneider.com\/blog\/wp-json\/wp\/v2\/pages\/93","targetHints":{"allow":["GET"]}}],"collection":[{"href":"https:\/\/www.thorsten-schneider.com\/blog\/wp-json\/wp\/v2\/pages"}],"about":[{"href":"https:\/\/www.thorsten-schneider.com\/blog\/wp-json\/wp\/v2\/types\/page"}],"author":[{"embeddable":true,"href":"https:\/\/www.thorsten-schneider.com\/blog\/wp-json\/wp\/v2\/users\/1"}],"replies":[{"embeddable":true,"href":"https:\/\/www.thorsten-schneider.com\/blog\/wp-json\/wp\/v2\/comments?post=93"}],"version-history":[{"count":15,"href":"https:\/\/www.thorsten-schneider.com\/blog\/wp-json\/wp\/v2\/pages\/93\/revisions"}],"predecessor-version":[{"id":2070,"href":"https:\/\/www.thorsten-schneider.com\/blog\/wp-json\/wp\/v2\/pages\/93\/revisions\/2070"}],"wp:attachment":[{"href":"https:\/\/www.thorsten-schneider.com\/blog\/wp-json\/wp\/v2\/media?parent=93"}],"curies":[{"name":"wp","href":"https:\/\/api.w.org\/{rel}","templated":true}]}}