{"id":860,"date":"2022-09-02T13:18:21","date_gmt":"2022-09-02T11:18:21","guid":{"rendered":"http:\/\/www.thorsten-schneider.com\/blog\/?page_id=860"},"modified":"2022-12-22T12:37:50","modified_gmt":"2022-12-22T11:37:50","slug":"voprof-mb-hommage","status":"publish","type":"page","link":"https:\/\/www.thorsten-schneider.com\/blog\/voprof-mb-hommage\/","title":{"rendered":"Voprof &#8222;MB Hommage&#8220;"},"content":{"rendered":"\n<figure class=\"wp-block-image size-large\"><img loading=\"lazy\" decoding=\"async\" width=\"1024\" height=\"768\" src=\"https:\/\/www.thorsten-schneider.com\/blog\/wp-content\/uploads\/2022\/09\/voprof_mb_1-1024x768.jpg\" alt=\"\" class=\"wp-image-1162\" srcset=\"https:\/\/www.thorsten-schneider.com\/blog\/wp-content\/uploads\/2022\/09\/voprof_mb_1-1024x768.jpg 1024w, https:\/\/www.thorsten-schneider.com\/blog\/wp-content\/uploads\/2022\/09\/voprof_mb_1-300x225.jpg 300w, https:\/\/www.thorsten-schneider.com\/blog\/wp-content\/uploads\/2022\/09\/voprof_mb_1-768x576.jpg 768w, https:\/\/www.thorsten-schneider.com\/blog\/wp-content\/uploads\/2022\/09\/voprof_mb_1-1536x1152.jpg 1536w, https:\/\/www.thorsten-schneider.com\/blog\/wp-content\/uploads\/2022\/09\/voprof_mb_1.jpg 1600w\" sizes=\"auto, (max-width: 767px) 89vw, (max-width: 1000px) 54vw, (max-width: 1071px) 543px, 580px\" \/><figcaption class=\"wp-element-caption\">Voprof &#8222;MB Hommage&#8220;<\/figcaption><\/figure>\n\n\n\n<figure class=\"wp-block-table is-style-stripes\"><table><tbody><tr><td>Inspiration<\/td><td>Omega Baby Ploprof<\/td><\/tr><tr><td>Basis<\/td><td>Vostok Amphibia 090486<\/td><\/tr><tr><td>Geh\u00e4use<\/td><td>090 Edelstahl matt gestrahlt<\/td><\/tr><tr><td>Geh\u00e4useboden<\/td><td><strong>Meranom Glasboden mit gro\u00dfem Sichtfenster<\/strong><\/td><\/tr><tr><td><\/td><td><\/td><\/tr><tr><td>Zifferblatt<\/td><td><strong>Amphibia 922 schwarz<\/strong><\/td><\/tr><tr><td>Werk<\/td><td>Vostok 2416B Automatik<\/td><\/tr><tr><td>Werkhaltering<\/td><td><strong>Edelstahl<\/strong><\/td><\/tr><tr><td>Armierungsring<\/td><td>silber<\/td><\/tr><tr><td>Datumsscheibe<\/td><td><strong>schwarz<\/strong><\/td><\/tr><tr><td>Stundenzeiger<\/td><td><strong>Rafflestime Ploprof wei\u00df<\/strong><\/td><\/tr><tr><td>Minutenzeiger<\/td><td><strong>Rafflestime Ploprof orange<\/strong><\/td><\/tr><tr><td>Sekundenzeiger<\/td><td><strong>Rafflestime Ploprof wei\u00df<\/strong><\/td><\/tr><tr><td>Krone<\/td><td><strong>Edelstahl mattiert<\/strong><\/td><\/tr><tr><td>L\u00fcnette<\/td><td><strong>Meranom Edelstahl<\/strong><\/td><\/tr><tr><td>L\u00fcnetteninlay<\/td><td><strong>Meranom 3D dunkelgrau<\/strong><\/td><\/tr><tr><td><\/td><td><\/td><\/tr><tr><td>Stahl<\/td><td><strong>Edelstahl Shark Mesh mattiert mit Faltschlie\u00dfe<\/strong><\/td><\/tr><\/tbody><\/table><figcaption class=\"wp-element-caption\">Alle von mir durchgef\u00fchrten \u00c4nderungen zum Serienmodell und das auf dem Foto abgebildete Band sind <strong>fett<\/strong> markiert.<\/figcaption><\/figure>\n\n\n\n<p><a href=\"https:\/\/www.thorsten-schneider.com\/blog\/black-dial-society\/\" data-type=\"page\" data-id=\"185\">zur\u00fcck zur Auswahl &gt;<\/a><\/p>\n","protected":false},"excerpt":{"rendered":"<p>Inspiration Omega Baby Ploprof Basis Vostok Amphibia 090486 Geh\u00e4use 090 Edelstahl matt gestrahlt Geh\u00e4useboden Meranom Glasboden mit gro\u00dfem Sichtfenster Zifferblatt Amphibia 922 schwarz Werk Vostok 2416B Automatik Werkhaltering Edelstahl Armierungsring silber Datumsscheibe schwarz Stundenzeiger Rafflestime Ploprof wei\u00df Minutenzeiger Rafflestime Ploprof orange Sekundenzeiger Rafflestime Ploprof wei\u00df Krone Edelstahl mattiert L\u00fcnette Meranom Edelstahl L\u00fcnetteninlay Meranom 3D dunkelgrau &hellip; <\/p>\n<p class=\"link-more\"><a href=\"https:\/\/www.thorsten-schneider.com\/blog\/voprof-mb-hommage\/\" class=\"more-link\"><span class=\"screen-reader-text\">\u201eVoprof &#8222;MB Hommage&#8220;\u201c <\/span>weiterlesen<\/a><\/p>\n","protected":false},"author":1,"featured_media":0,"parent":0,"menu_order":0,"comment_status":"closed","ping_status":"closed","template":"","meta":{"footnotes":""},"class_list":["post-860","page","type-page","status-publish","hentry"],"_links":{"self":[{"href":"https:\/\/www.thorsten-schneider.com\/blog\/wp-json\/wp\/v2\/pages\/860","targetHints":{"allow":["GET"]}}],"collection":[{"href":"https:\/\/www.thorsten-schneider.com\/blog\/wp-json\/wp\/v2\/pages"}],"about":[{"href":"https:\/\/www.thorsten-schneider.com\/blog\/wp-json\/wp\/v2\/types\/page"}],"author":[{"embeddable":true,"href":"https:\/\/www.thorsten-schneider.com\/blog\/wp-json\/wp\/v2\/users\/1"}],"replies":[{"embeddable":true,"href":"https:\/\/www.thorsten-schneider.com\/blog\/wp-json\/wp\/v2\/comments?post=860"}],"version-history":[{"count":3,"href":"https:\/\/www.thorsten-schneider.com\/blog\/wp-json\/wp\/v2\/pages\/860\/revisions"}],"predecessor-version":[{"id":2071,"href":"https:\/\/www.thorsten-schneider.com\/blog\/wp-json\/wp\/v2\/pages\/860\/revisions\/2071"}],"wp:attachment":[{"href":"https:\/\/www.thorsten-schneider.com\/blog\/wp-json\/wp\/v2\/media?parent=860"}],"curies":[{"name":"wp","href":"https:\/\/api.w.org\/{rel}","templated":true}]}}