{"id":858,"date":"2022-09-02T13:18:21","date_gmt":"2022-09-02T11:18:21","guid":{"rendered":"http:\/\/www.thorsten-schneider.com\/blog\/?page_id=858"},"modified":"2022-10-26T14:45:07","modified_gmt":"2022-10-26T12:45:07","slug":"voxa-orange","status":"publish","type":"page","link":"https:\/\/www.thorsten-schneider.com\/blog\/voxa-orange\/","title":{"rendered":"Voxa Orange"},"content":{"rendered":"\n<figure class=\"wp-block-image size-large\"><img loading=\"lazy\" decoding=\"async\" width=\"1024\" height=\"768\" src=\"https:\/\/www.thorsten-schneider.com\/blog\/wp-content\/uploads\/2022\/10\/voxa_orange_1-1024x768.jpeg\" alt=\"\" class=\"wp-image-1833\" srcset=\"https:\/\/www.thorsten-schneider.com\/blog\/wp-content\/uploads\/2022\/10\/voxa_orange_1-1024x768.jpeg 1024w, https:\/\/www.thorsten-schneider.com\/blog\/wp-content\/uploads\/2022\/10\/voxa_orange_1-300x225.jpeg 300w, https:\/\/www.thorsten-schneider.com\/blog\/wp-content\/uploads\/2022\/10\/voxa_orange_1-768x576.jpeg 768w, https:\/\/www.thorsten-schneider.com\/blog\/wp-content\/uploads\/2022\/10\/voxa_orange_1-1536x1152.jpeg 1536w, https:\/\/www.thorsten-schneider.com\/blog\/wp-content\/uploads\/2022\/10\/voxa_orange_1.jpeg 1600w\" sizes=\"auto, (max-width: 767px) 89vw, (max-width: 1000px) 54vw, (max-width: 1071px) 543px, 580px\" \/><\/figure>\n\n\n\n<figure class=\"wp-block-table is-style-stripes\"><table><tbody><tr><td>Inspiration<\/td><td>Doxa Sub 300T orange<\/td><\/tr><tr><td>Basis<\/td><td>Vostok Amphibia 710XXX<\/td><\/tr><tr><td>Geh\u00e4use<\/td><td>710 Edelstahl <strong>mattiert<\/strong><\/td><\/tr><tr><td>Geh\u00e4useboden<\/td><td><strong>Meranom Glasboden mit gro\u00dfem Sichtfenster<\/strong><\/td><\/tr><tr><td><\/td><td><\/td><\/tr><tr><td>Zifferblatt<\/td><td><strong>Favinov 916 orange mit blauem Lume<\/strong><\/td><\/tr><tr><td>Werk<\/td><td>Vostok 2416B Automatik<\/td><\/tr><tr><td>Werkhaltering<\/td><td><strong>Edelstahl<\/strong><\/td><\/tr><tr><td>Armierungsring<\/td><td>Edelstahl poliert<\/td><\/tr><tr><td>Datumsscheibe<\/td><td>&#8211;<\/td><\/tr><tr><td>Stundenzeiger<\/td><td><strong>VW24 Paddle wei\u00df<\/strong><\/td><\/tr><tr><td>Minutenzeiger<\/td><td><strong>VW24 Paddle wei\u00df<\/strong><\/td><\/tr><tr><td>Sekundenzeiger<\/td><td><strong>Vostok SE wei\u00df<\/strong><\/td><\/tr><tr><td>Krone<\/td><td><strong>Edelstahl mattiert<\/strong><\/td><\/tr><tr><td>L\u00fcnette<\/td><td><strong>Arkustime Edelstahl<\/strong><\/td><\/tr><tr><td>L\u00fcnetteninlay<\/td><td><strong>One Second Closer Scandi silber<\/strong><\/td><\/tr><tr><td><\/td><td><\/td><\/tr><tr><td>Stahl<\/td><td><strong>Edelstahl Uncle Seiko mattiert mit Faltschlie\u00dfe<\/strong><\/td><\/tr><tr><td>Stahl<\/td><td>Edelstahl Jubilee, mattiert, mit Faltschlie\u00dfe<\/td><\/tr><tr><td>Leder<\/td><td>Vintage Racing Stil grau mit orangefarbener Naht und Edelstahl-Dornschlie\u00dfe<\/td><\/tr><\/tbody><\/table><figcaption>Alle von mir durchgef\u00fchrten \u00c4nderungen zum Serienmodell und das auf dem Foto abgebildete Band sind <strong>fett<\/strong> markiert.<\/figcaption><\/figure>\n\n\n\n<p><a href=\"https:\/\/www.thorsten-schneider.com\/blog\/united-colors-of-vostok\/\" data-type=\"page\" data-id=\"1182\">zur\u00fcck zur Auswahl &gt;<\/a><\/p>\n","protected":false},"excerpt":{"rendered":"<p>Inspiration Doxa Sub 300T orange Basis Vostok Amphibia 710XXX Geh\u00e4use 710 Edelstahl mattiert Geh\u00e4useboden Meranom Glasboden mit gro\u00dfem Sichtfenster Zifferblatt Favinov 916 orange mit blauem Lume Werk Vostok 2416B Automatik Werkhaltering Edelstahl Armierungsring Edelstahl poliert Datumsscheibe &#8211; Stundenzeiger VW24 Paddle wei\u00df Minutenzeiger VW24 Paddle wei\u00df Sekundenzeiger Vostok SE wei\u00df Krone Edelstahl mattiert L\u00fcnette Arkustime Edelstahl &hellip; <\/p>\n<p class=\"link-more\"><a href=\"https:\/\/www.thorsten-schneider.com\/blog\/voxa-orange\/\" class=\"more-link\"><span class=\"screen-reader-text\">\u201eVoxa Orange\u201c <\/span>weiterlesen<\/a><\/p>\n","protected":false},"author":1,"featured_media":0,"parent":0,"menu_order":0,"comment_status":"closed","ping_status":"closed","template":"","meta":{"footnotes":""},"class_list":["post-858","page","type-page","status-publish","hentry"],"_links":{"self":[{"href":"https:\/\/www.thorsten-schneider.com\/blog\/wp-json\/wp\/v2\/pages\/858","targetHints":{"allow":["GET"]}}],"collection":[{"href":"https:\/\/www.thorsten-schneider.com\/blog\/wp-json\/wp\/v2\/pages"}],"about":[{"href":"https:\/\/www.thorsten-schneider.com\/blog\/wp-json\/wp\/v2\/types\/page"}],"author":[{"embeddable":true,"href":"https:\/\/www.thorsten-schneider.com\/blog\/wp-json\/wp\/v2\/users\/1"}],"replies":[{"embeddable":true,"href":"https:\/\/www.thorsten-schneider.com\/blog\/wp-json\/wp\/v2\/comments?post=858"}],"version-history":[{"count":5,"href":"https:\/\/www.thorsten-schneider.com\/blog\/wp-json\/wp\/v2\/pages\/858\/revisions"}],"predecessor-version":[{"id":1834,"href":"https:\/\/www.thorsten-schneider.com\/blog\/wp-json\/wp\/v2\/pages\/858\/revisions\/1834"}],"wp:attachment":[{"href":"https:\/\/www.thorsten-schneider.com\/blog\/wp-json\/wp\/v2\/media?parent=858"}],"curies":[{"name":"wp","href":"https:\/\/api.w.org\/{rel}","templated":true}]}}