{"id":854,"date":"2022-09-02T13:17:45","date_gmt":"2022-09-02T11:17:45","guid":{"rendered":"http:\/\/www.thorsten-schneider.com\/blog\/?page_id=854"},"modified":"2022-12-22T10:55:00","modified_gmt":"2022-12-22T09:55:00","slug":"brixton-chess","status":"publish","type":"page","link":"https:\/\/www.thorsten-schneider.com\/blog\/brixton-chess\/","title":{"rendered":"Brixton Chess"},"content":{"rendered":"\n<figure class=\"wp-block-image size-large\"><img loading=\"lazy\" decoding=\"async\" width=\"1024\" height=\"768\" src=\"https:\/\/www.thorsten-schneider.com\/blog\/wp-content\/uploads\/2022\/09\/brixton_chess_1-1024x768.jpg\" alt=\"\" class=\"wp-image-1107\" srcset=\"https:\/\/www.thorsten-schneider.com\/blog\/wp-content\/uploads\/2022\/09\/brixton_chess_1-1024x768.jpg 1024w, https:\/\/www.thorsten-schneider.com\/blog\/wp-content\/uploads\/2022\/09\/brixton_chess_1-300x225.jpg 300w, https:\/\/www.thorsten-schneider.com\/blog\/wp-content\/uploads\/2022\/09\/brixton_chess_1-768x576.jpg 768w, https:\/\/www.thorsten-schneider.com\/blog\/wp-content\/uploads\/2022\/09\/brixton_chess_1-1536x1152.jpg 1536w, https:\/\/www.thorsten-schneider.com\/blog\/wp-content\/uploads\/2022\/09\/brixton_chess_1.jpg 1600w\" sizes=\"auto, (max-width: 767px) 89vw, (max-width: 1000px) 54vw, (max-width: 1071px) 543px, 580px\" \/><\/figure>\n\n\n\n<figure class=\"wp-block-table is-style-stripes\"><table><tbody><tr><td>Inspiration<\/td><td>&#8211;<\/td><\/tr><tr><td>Basis<\/td><td>Vostok Amphibia 710448<\/td><\/tr><tr><td>Geh\u00e4use<\/td><td>710 Edelstahl <strong>mattiert<\/strong><\/td><\/tr><tr><td>Geh\u00e4useboden<\/td><td><strong>Vostok &#8222;B&#8220; Edelstahl<\/strong><\/td><\/tr><tr><td><\/td><td><\/td><\/tr><tr><td>Zifferblatt<\/td><td><strong>Vostok entlackt &amp; schwarz foliert<\/strong><\/td><\/tr><tr><td>Werk<\/td><td>Vostok 2416B Automatik<\/td><\/tr><tr><td>Werkhaltering<\/td><td><strong>Edelstahl<\/strong><\/td><\/tr><tr><td>Armierungsring<\/td><td>Edelstahl poliert<\/td><\/tr><tr><td>Datumsscheibe<\/td><td>&#8211;<\/td><\/tr><tr><td>Stundenzeiger<\/td><td><strong>Amphibia, wei\u00df lackiert<\/strong><\/td><\/tr><tr><td>Minutenzeiger<\/td><td><strong><strong><strong><strong>Amphibia, wei\u00df lackiert<\/strong><\/strong><\/strong><\/strong><\/td><\/tr><tr><td>Sekundenzeiger<\/td><td><strong>Vostok SE wei\u00df<\/strong><\/td><\/tr><tr><td>Krone<\/td><td>Edelstahl <strong>mattiert mit Fase<\/strong><\/td><\/tr><tr><td>L\u00fcnette<\/td><td><strong>Arkustime Edelstahl<\/strong><\/td><\/tr><tr><td>L\u00fcnetteninlay<\/td><td><strong>One Second Closer Scandi schwarz<\/strong><\/td><\/tr><tr><td><\/td><td><\/td><\/tr><tr><td>Paratrooper<\/td><td><strong>schwarz mit wei\u00dfem Streifen und Edelstahl-Hakenschlie\u00dfe<\/strong><\/td><\/tr><tr><td>Sailcloth<\/td><td>Bradystraps schwarz<\/td><\/tr><\/tbody><\/table><figcaption class=\"wp-element-caption\">Alle von mir durchgef\u00fchrten \u00c4nderungen zum Serienmodell und das auf dem Foto abgebildete Band sind <strong>fett<\/strong> markiert.<\/figcaption><\/figure>\n\n\n\n<p><a href=\"https:\/\/www.thorsten-schneider.com\/blog\/black-dial-society\/\" data-type=\"page\" data-id=\"185\">zur\u00fcck zur Auswahl &gt;<\/a><\/p>\n","protected":false},"excerpt":{"rendered":"<p>Inspiration &#8211; Basis Vostok Amphibia 710448 Geh\u00e4use 710 Edelstahl mattiert Geh\u00e4useboden Vostok &#8222;B&#8220; Edelstahl Zifferblatt Vostok entlackt &amp; schwarz foliert Werk Vostok 2416B Automatik Werkhaltering Edelstahl Armierungsring Edelstahl poliert Datumsscheibe &#8211; Stundenzeiger Amphibia, wei\u00df lackiert Minutenzeiger Amphibia, wei\u00df lackiert Sekundenzeiger Vostok SE wei\u00df Krone Edelstahl mattiert mit Fase L\u00fcnette Arkustime Edelstahl L\u00fcnetteninlay One Second Closer &hellip; <\/p>\n<p class=\"link-more\"><a href=\"https:\/\/www.thorsten-schneider.com\/blog\/brixton-chess\/\" class=\"more-link\"><span class=\"screen-reader-text\">\u201eBrixton Chess\u201c <\/span>weiterlesen<\/a><\/p>\n","protected":false},"author":1,"featured_media":0,"parent":0,"menu_order":0,"comment_status":"closed","ping_status":"closed","template":"","meta":{"footnotes":""},"class_list":["post-854","page","type-page","status-publish","hentry"],"_links":{"self":[{"href":"https:\/\/www.thorsten-schneider.com\/blog\/wp-json\/wp\/v2\/pages\/854","targetHints":{"allow":["GET"]}}],"collection":[{"href":"https:\/\/www.thorsten-schneider.com\/blog\/wp-json\/wp\/v2\/pages"}],"about":[{"href":"https:\/\/www.thorsten-schneider.com\/blog\/wp-json\/wp\/v2\/types\/page"}],"author":[{"embeddable":true,"href":"https:\/\/www.thorsten-schneider.com\/blog\/wp-json\/wp\/v2\/users\/1"}],"replies":[{"embeddable":true,"href":"https:\/\/www.thorsten-schneider.com\/blog\/wp-json\/wp\/v2\/comments?post=854"}],"version-history":[{"count":4,"href":"https:\/\/www.thorsten-schneider.com\/blog\/wp-json\/wp\/v2\/pages\/854\/revisions"}],"predecessor-version":[{"id":1997,"href":"https:\/\/www.thorsten-schneider.com\/blog\/wp-json\/wp\/v2\/pages\/854\/revisions\/1997"}],"wp:attachment":[{"href":"https:\/\/www.thorsten-schneider.com\/blog\/wp-json\/wp\/v2\/media?parent=854"}],"curies":[{"name":"wp","href":"https:\/\/api.w.org\/{rel}","templated":true}]}}