{"id":8,"date":"2019-08-12T17:22:38","date_gmt":"2019-08-12T15:22:38","guid":{"rendered":"http:\/\/www.thorsten-schneider.com\/blog\/?page_id=8"},"modified":"2022-09-23T11:34:00","modified_gmt":"2022-09-23T09:34:00","slug":"startseite","status":"publish","type":"page","link":"https:\/\/www.thorsten-schneider.com\/blog\/","title":{"rendered":"Tach zusammen!"},"content":{"rendered":"\n<p>Wenn ihr Interesse an individuell (um)gebauten Uhren, progressiver Rockmusik oder Langstreckenlauf habt, hat Google einen guten Job gemacht und Euch passend hierher gef\u00fchrt. Dann schon mal viel Spa\u00df!<\/p>\n\n\n\n<p>Falls nicht, langweilt Ihr Euch hier entweder zu Tode, seid ganz schnell wieder weg oder entdeckt vielleicht die Faszination f\u00fcr eines oder sogar mehrere meiner Hobbies. Letzteres w\u00fcrde mich nat\u00fcrlich sehr freuen.<\/p>\n\n\n\n<p>Euer Thorsten<\/p>\n","protected":false},"excerpt":{"rendered":"<p>Wenn ihr Interesse an individuell (um)gebauten Uhren, progressiver Rockmusik oder Langstreckenlauf habt, hat Google einen guten Job gemacht und Euch passend hierher gef\u00fchrt. Dann schon mal viel Spa\u00df! Falls nicht, langweilt Ihr Euch hier entweder zu Tode, seid ganz schnell wieder weg oder entdeckt vielleicht die Faszination f\u00fcr eines oder sogar mehrere meiner Hobbies. Letzteres &hellip; <\/p>\n<p class=\"link-more\"><a href=\"https:\/\/www.thorsten-schneider.com\/blog\/\" class=\"more-link\"><span class=\"screen-reader-text\">\u201eTach zusammen!\u201c <\/span>weiterlesen<\/a><\/p>\n","protected":false},"author":1,"featured_media":0,"parent":0,"menu_order":0,"comment_status":"closed","ping_status":"closed","template":"","meta":{"footnotes":""},"class_list":["post-8","page","type-page","status-publish","hentry"],"_links":{"self":[{"href":"https:\/\/www.thorsten-schneider.com\/blog\/wp-json\/wp\/v2\/pages\/8","targetHints":{"allow":["GET"]}}],"collection":[{"href":"https:\/\/www.thorsten-schneider.com\/blog\/wp-json\/wp\/v2\/pages"}],"about":[{"href":"https:\/\/www.thorsten-schneider.com\/blog\/wp-json\/wp\/v2\/types\/page"}],"author":[{"embeddable":true,"href":"https:\/\/www.thorsten-schneider.com\/blog\/wp-json\/wp\/v2\/users\/1"}],"replies":[{"embeddable":true,"href":"https:\/\/www.thorsten-schneider.com\/blog\/wp-json\/wp\/v2\/comments?post=8"}],"version-history":[{"count":11,"href":"https:\/\/www.thorsten-schneider.com\/blog\/wp-json\/wp\/v2\/pages\/8\/revisions"}],"predecessor-version":[{"id":1735,"href":"https:\/\/www.thorsten-schneider.com\/blog\/wp-json\/wp\/v2\/pages\/8\/revisions\/1735"}],"wp:attachment":[{"href":"https:\/\/www.thorsten-schneider.com\/blog\/wp-json\/wp\/v2\/media?parent=8"}],"curies":[{"name":"wp","href":"https:\/\/api.w.org\/{rel}","templated":true}]}}