{"id":704,"date":"2022-09-02T13:17:45","date_gmt":"2022-09-02T11:17:45","guid":{"rendered":"http:\/\/www.thorsten-schneider.com\/blog\/?page_id=704"},"modified":"2022-12-22T10:57:06","modified_gmt":"2022-12-22T09:57:06","slug":"captain-dude-brass-automatic","status":"publish","type":"page","link":"https:\/\/www.thorsten-schneider.com\/blog\/captain-dude-brass-automatic\/","title":{"rendered":"Captain Dude Brass Automatic"},"content":{"rendered":"\n<figure class=\"wp-block-image size-large\"><img loading=\"lazy\" decoding=\"async\" width=\"1024\" height=\"768\" src=\"https:\/\/www.thorsten-schneider.com\/blog\/wp-content\/uploads\/2022\/09\/captain_dude_brass_1-1024x768.jpeg\" alt=\"\" class=\"wp-image-1683\" srcset=\"https:\/\/www.thorsten-schneider.com\/blog\/wp-content\/uploads\/2022\/09\/captain_dude_brass_1-1024x768.jpeg 1024w, https:\/\/www.thorsten-schneider.com\/blog\/wp-content\/uploads\/2022\/09\/captain_dude_brass_1-300x225.jpeg 300w, https:\/\/www.thorsten-schneider.com\/blog\/wp-content\/uploads\/2022\/09\/captain_dude_brass_1-768x576.jpeg 768w, https:\/\/www.thorsten-schneider.com\/blog\/wp-content\/uploads\/2022\/09\/captain_dude_brass_1-1536x1152.jpeg 1536w, https:\/\/www.thorsten-schneider.com\/blog\/wp-content\/uploads\/2022\/09\/captain_dude_brass_1.jpeg 1600w\" sizes=\"auto, (max-width: 767px) 89vw, (max-width: 1000px) 54vw, (max-width: 1071px) 543px, 580px\" \/><\/figure>\n\n\n\n<figure class=\"wp-block-table is-style-stripes\"><table><tbody><tr><td>Inspiration<\/td><td>Rado Captain Cook Bronze<\/td><\/tr><tr><td>Basis<\/td><td>Vostok Komandirskie 201XXX<\/td><\/tr><tr><td>Geh\u00e4use<\/td><td>201 Messing <strong>entchromt &amp; patiniert<\/strong><\/td><\/tr><tr><td>Geh\u00e4useboden<\/td><td>Orca Edelstahl<\/td><\/tr><tr><td><\/td><td><\/td><\/tr><tr><td>Zifferblatt<\/td><td><strong>Amphibia 059 &#8222;Scuba Dude&#8220; t\u00fcrkis<\/strong><\/td><\/tr><tr><td>Werk<\/td><td>Vostok 2416B Automatik<\/td><\/tr><tr><td>Werkhaltering<\/td><td>Edelstahl<\/td><\/tr><tr><td>Armierungsring<\/td><td>Edelstahl poliert<\/td><\/tr><tr><td>Datumsscheibe<\/td><td>wei\u00df<\/td><\/tr><tr><td>Stundenzeiger<\/td><td><strong>Kom.com Pfeilzeiger silber<\/strong><\/td><\/tr><tr><td>Minutenzeiger<\/td><td>Amphibia silber<\/td><\/tr><tr><td>Sekundenzeiger<\/td><td><strong>Vostok SE wei\u00df<\/strong><\/td><\/tr><tr><td>Krone<\/td><td>Messing <strong>entchromt &amp; mattiert<\/strong><\/td><\/tr><tr><td>L\u00fcnette<\/td><td><strong>Seiko-kompatibel<\/strong> <strong>Bronze<\/strong><\/td><\/tr><tr><td>L\u00fcnetteninlay<\/td><td><strong>Seamaster Planet Ocean Stil Keramik dunkelblau<\/strong><\/td><\/tr><tr><td><\/td><td><\/td><\/tr><tr><td>Leder<\/td><td><strong>Vintage dunkelbraun 22mm mit Bronze-Pre-V-Dornschlie\u00dfe<\/strong><\/td><\/tr><tr><td>Leder<\/td><td>Vintage mittelbraun mit Bronze-Dornschlie\u00dfe<\/td><\/tr><tr><td>Single Pass Strap<\/td><td>anthrazit mit Bronze-Dornschlie\u00dfe<\/td><\/tr><tr><td>Canvas<\/td><td>dunkelgrau mit Bronze-Dornschlie\u00dfe<\/td><\/tr><\/tbody><\/table><figcaption class=\"wp-element-caption\">Alle von mir durchgef\u00fchrten \u00c4nderungen zum Serienmodell und das auf dem Foto abgebildete Band sind <strong>fett<\/strong> markiert.<\/figcaption><\/figure>\n\n\n\n<p><a href=\"https:\/\/www.thorsten-schneider.com\/blog\/the-brass-band\/\" data-type=\"page\" data-id=\"1178\">zur\u00fcck zur Auswahl &gt;<\/a><\/p>\n","protected":false},"excerpt":{"rendered":"<p>Inspiration Rado Captain Cook Bronze Basis Vostok Komandirskie 201XXX Geh\u00e4use 201 Messing entchromt &amp; patiniert Geh\u00e4useboden Orca Edelstahl Zifferblatt Amphibia 059 &#8222;Scuba Dude&#8220; t\u00fcrkis Werk Vostok 2416B Automatik Werkhaltering Edelstahl Armierungsring Edelstahl poliert Datumsscheibe wei\u00df Stundenzeiger Kom.com Pfeilzeiger silber Minutenzeiger Amphibia silber Sekundenzeiger Vostok SE wei\u00df Krone Messing entchromt &amp; mattiert L\u00fcnette Seiko-kompatibel Bronze L\u00fcnetteninlay &hellip; <\/p>\n<p class=\"link-more\"><a href=\"https:\/\/www.thorsten-schneider.com\/blog\/captain-dude-brass-automatic\/\" class=\"more-link\"><span class=\"screen-reader-text\">\u201eCaptain Dude Brass Automatic\u201c <\/span>weiterlesen<\/a><\/p>\n","protected":false},"author":1,"featured_media":0,"parent":0,"menu_order":0,"comment_status":"closed","ping_status":"closed","template":"","meta":{"footnotes":""},"class_list":["post-704","page","type-page","status-publish","hentry"],"_links":{"self":[{"href":"https:\/\/www.thorsten-schneider.com\/blog\/wp-json\/wp\/v2\/pages\/704","targetHints":{"allow":["GET"]}}],"collection":[{"href":"https:\/\/www.thorsten-schneider.com\/blog\/wp-json\/wp\/v2\/pages"}],"about":[{"href":"https:\/\/www.thorsten-schneider.com\/blog\/wp-json\/wp\/v2\/types\/page"}],"author":[{"embeddable":true,"href":"https:\/\/www.thorsten-schneider.com\/blog\/wp-json\/wp\/v2\/users\/1"}],"replies":[{"embeddable":true,"href":"https:\/\/www.thorsten-schneider.com\/blog\/wp-json\/wp\/v2\/comments?post=704"}],"version-history":[{"count":11,"href":"https:\/\/www.thorsten-schneider.com\/blog\/wp-json\/wp\/v2\/pages\/704\/revisions"}],"predecessor-version":[{"id":2000,"href":"https:\/\/www.thorsten-schneider.com\/blog\/wp-json\/wp\/v2\/pages\/704\/revisions\/2000"}],"wp:attachment":[{"href":"https:\/\/www.thorsten-schneider.com\/blog\/wp-json\/wp\/v2\/media?parent=704"}],"curies":[{"name":"wp","href":"https:\/\/api.w.org\/{rel}","templated":true}]}}