{"id":681,"date":"2022-09-02T13:18:21","date_gmt":"2022-09-02T11:18:21","guid":{"rendered":"http:\/\/www.thorsten-schneider.com\/blog\/?page_id=681"},"modified":"2022-12-22T12:39:43","modified_gmt":"2022-12-22T11:39:43","slug":"vostok-legend-diver","status":"publish","type":"page","link":"https:\/\/www.thorsten-schneider.com\/blog\/vostok-legend-diver\/","title":{"rendered":"Vostok Legend Diver"},"content":{"rendered":"\n<figure class=\"wp-block-image size-large\"><img loading=\"lazy\" decoding=\"async\" width=\"1024\" height=\"768\" src=\"https:\/\/www.thorsten-schneider.com\/blog\/wp-content\/uploads\/2022\/12\/vostok_legend_diver_1-1024x768.jpeg\" alt=\"\" class=\"wp-image-1951\" srcset=\"https:\/\/www.thorsten-schneider.com\/blog\/wp-content\/uploads\/2022\/12\/vostok_legend_diver_1-1024x768.jpeg 1024w, https:\/\/www.thorsten-schneider.com\/blog\/wp-content\/uploads\/2022\/12\/vostok_legend_diver_1-300x225.jpeg 300w, https:\/\/www.thorsten-schneider.com\/blog\/wp-content\/uploads\/2022\/12\/vostok_legend_diver_1-768x576.jpeg 768w, https:\/\/www.thorsten-schneider.com\/blog\/wp-content\/uploads\/2022\/12\/vostok_legend_diver_1-1536x1152.jpeg 1536w, https:\/\/www.thorsten-schneider.com\/blog\/wp-content\/uploads\/2022\/12\/vostok_legend_diver_1.jpeg 1600w\" sizes=\"auto, (max-width: 767px) 89vw, (max-width: 1000px) 54vw, (max-width: 1071px) 543px, 580px\" \/><\/figure>\n\n\n\n<figure class=\"wp-block-table is-style-stripes\"><table><tbody><tr><td>Inspiration<\/td><td>Longines Legend Diver Black<\/td><\/tr><tr><td>Basis<\/td><td>Vostok Amphibia 710XXX<\/td><\/tr><tr><td>Geh\u00e4use<\/td><td>710 Edelstahl <strong>mattiert<\/strong><\/td><\/tr><tr><td>Geh\u00e4useboden<\/td><td><strong>Boctok &#8222;B&#8220; Edelstahl<\/strong><\/td><\/tr><tr><td><\/td><td><\/td><\/tr><tr><td>Zifferblatt<\/td><td><strong>Amphibia 864 schwarz<\/strong><\/td><\/tr><tr><td>Werk<\/td><td>Vostok 2416B Automatik<\/td><\/tr><tr><td>Werkhaltering<\/td><td><strong>Edelstahl<\/strong><\/td><\/tr><tr><td>Armierungsring<\/td><td>Edelstahl poliert<\/td><\/tr><tr><td>Datumsscheibe<\/td><td><strong>schwarz<\/strong><\/td><\/tr><tr><td>Stundenzeiger<\/td><td><strong>Rafflestime Ranger wei\u00df<\/strong><\/td><\/tr><tr><td>Minutenzeiger<\/td><td><strong><strong><strong><strong><strong>Rafflestime Ranger wei\u00df<\/strong><\/strong><\/strong><\/strong><\/strong><\/td><\/tr><tr><td>Sekundenzeiger<\/td><td><strong>Rafflestime Ranger wei\u00df<\/strong><\/td><\/tr><tr><td>Krone<\/td><td><strong>Edelstahl mattiert mit Fase<\/strong><\/td><\/tr><tr><td>L\u00fcnette<\/td><td><strong>Komandirskie.com Edelstahl blank mattiert<\/strong><\/td><\/tr><tr><td>L\u00fcnetteninlay<\/td><td>&#8211;<\/td><\/tr><tr><td><\/td><td><\/td><\/tr><tr><td>Leder<\/td><td><strong>Single Pass Zulu hellbraun mit Edelstahl-Dornschlie\u00dfe<\/strong><\/td><\/tr><\/tbody><\/table><figcaption class=\"wp-element-caption\">Alle von mir durchgef\u00fchrten \u00c4nderungen zum Serienmodell und das auf dem Foto abgebildete Band sind <strong>fett<\/strong> markiert.<\/figcaption><\/figure>\n\n\n\n<p><a href=\"https:\/\/www.thorsten-schneider.com\/blog\/black-dial-society\/\" data-type=\"page\" data-id=\"185\">zur\u00fcck zur Auswahl &gt;<\/a><\/p>\n","protected":false},"excerpt":{"rendered":"<p>Inspiration Longines Legend Diver Black Basis Vostok Amphibia 710XXX Geh\u00e4use 710 Edelstahl mattiert Geh\u00e4useboden Boctok &#8222;B&#8220; Edelstahl Zifferblatt Amphibia 864 schwarz Werk Vostok 2416B Automatik Werkhaltering Edelstahl Armierungsring Edelstahl poliert Datumsscheibe schwarz Stundenzeiger Rafflestime Ranger wei\u00df Minutenzeiger Rafflestime Ranger wei\u00df Sekundenzeiger Rafflestime Ranger wei\u00df Krone Edelstahl mattiert mit Fase L\u00fcnette Komandirskie.com Edelstahl blank mattiert L\u00fcnetteninlay &hellip; <\/p>\n<p class=\"link-more\"><a href=\"https:\/\/www.thorsten-schneider.com\/blog\/vostok-legend-diver\/\" class=\"more-link\"><span class=\"screen-reader-text\">\u201eVostok Legend Diver\u201c <\/span>weiterlesen<\/a><\/p>\n","protected":false},"author":1,"featured_media":0,"parent":0,"menu_order":0,"comment_status":"closed","ping_status":"closed","template":"","meta":{"footnotes":""},"class_list":["post-681","page","type-page","status-publish","hentry"],"_links":{"self":[{"href":"https:\/\/www.thorsten-schneider.com\/blog\/wp-json\/wp\/v2\/pages\/681","targetHints":{"allow":["GET"]}}],"collection":[{"href":"https:\/\/www.thorsten-schneider.com\/blog\/wp-json\/wp\/v2\/pages"}],"about":[{"href":"https:\/\/www.thorsten-schneider.com\/blog\/wp-json\/wp\/v2\/types\/page"}],"author":[{"embeddable":true,"href":"https:\/\/www.thorsten-schneider.com\/blog\/wp-json\/wp\/v2\/users\/1"}],"replies":[{"embeddable":true,"href":"https:\/\/www.thorsten-schneider.com\/blog\/wp-json\/wp\/v2\/comments?post=681"}],"version-history":[{"count":9,"href":"https:\/\/www.thorsten-schneider.com\/blog\/wp-json\/wp\/v2\/pages\/681\/revisions"}],"predecessor-version":[{"id":2074,"href":"https:\/\/www.thorsten-schneider.com\/blog\/wp-json\/wp\/v2\/pages\/681\/revisions\/2074"}],"wp:attachment":[{"href":"https:\/\/www.thorsten-schneider.com\/blog\/wp-json\/wp\/v2\/media?parent=681"}],"curies":[{"name":"wp","href":"https:\/\/api.w.org\/{rel}","templated":true}]}}