{"id":674,"date":"2022-09-02T13:18:09","date_gmt":"2022-09-02T11:18:09","guid":{"rendered":"http:\/\/www.thorsten-schneider.com\/blog\/?page_id=674"},"modified":"2023-03-31T12:43:48","modified_gmt":"2023-03-31T10:43:48","slug":"the-titans-bastard","status":"publish","type":"page","link":"https:\/\/www.thorsten-schneider.com\/blog\/the-titans-bastard\/","title":{"rendered":"The Titan&#8217;s Bastard"},"content":{"rendered":"\n<figure class=\"wp-block-image size-large\"><img loading=\"lazy\" decoding=\"async\" width=\"1024\" height=\"768\" src=\"https:\/\/www.thorsten-schneider.com\/blog\/wp-content\/uploads\/2023\/03\/titans_bastard-1024x768.jpeg\" alt=\"\" class=\"wp-image-2176\" srcset=\"https:\/\/www.thorsten-schneider.com\/blog\/wp-content\/uploads\/2023\/03\/titans_bastard-1024x768.jpeg 1024w, https:\/\/www.thorsten-schneider.com\/blog\/wp-content\/uploads\/2023\/03\/titans_bastard-300x225.jpeg 300w, https:\/\/www.thorsten-schneider.com\/blog\/wp-content\/uploads\/2023\/03\/titans_bastard-768x576.jpeg 768w, https:\/\/www.thorsten-schneider.com\/blog\/wp-content\/uploads\/2023\/03\/titans_bastard-1536x1152.jpeg 1536w, https:\/\/www.thorsten-schneider.com\/blog\/wp-content\/uploads\/2023\/03\/titans_bastard.jpeg 1600w\" sizes=\"auto, (max-width: 767px) 89vw, (max-width: 1000px) 54vw, (max-width: 1071px) 543px, 580px\" \/><\/figure>\n\n\n\n<figure class=\"wp-block-table is-style-stripes\"><table><tbody><tr><td>Inspiration<\/td><td>&#8211;<\/td><\/tr><tr><td>Basis<\/td><td>Vostok Aphibia 627XXX<\/td><\/tr><tr><td>Geh\u00e4use<\/td><td>627 Titan poliert<\/td><\/tr><tr><td>Geh\u00e4useboden<\/td><td><strong>Komandirskie.com Glasboden mit kleinem Sichtfenster<\/strong><\/td><\/tr><tr><td><\/td><td><\/td><\/tr><tr><td>Zifferblatt<\/td><td><strong>Roytone 660 Sandwich schwarz<\/strong><\/td><\/tr><tr><td>Werk<\/td><td>Vostok 2416B Automatik<\/td><\/tr><tr><td>Armierungsring<\/td><td>Edelstahl poliert<\/td><\/tr><tr><td>Datumsscheibe<\/td><td>&#8211;<\/td><\/tr><tr><td>Stundenzeiger<\/td><td><strong>Favinov Paddle silber<\/strong><\/td><\/tr><tr><td>Minutenzeiger<\/td><td><strong>Favinov Paddle silber<\/strong><\/td><\/tr><tr><td>Sekundenzeiger<\/td><td><strong><strong><strong>Favinov silber<\/strong><\/strong><\/strong><\/td><\/tr><tr><td>Krone<\/td><td><strong>Edelstahl mattiert<\/strong><\/td><\/tr><tr><td>L\u00fcnette<\/td><td><strong>Seiko-kompatibel Edelstahl<\/strong><\/td><\/tr><tr><td>L\u00fcnetteninlay<\/td><td><strong>45er schwarz gl\u00e4nzend<\/strong><\/td><\/tr><tr><td><\/td><td><\/td><\/tr><tr><td>Canvas<\/td><td><strong>grau 22mm mit Edelstahl-Dornschlie\u00dfe<\/strong><\/td><\/tr><tr><td>Leder<\/td><td>Vintage dunkelbraun 22mm mit Edelstahl-Dornschlie\u00dfe<\/td><\/tr><\/tbody><\/table><figcaption class=\"wp-element-caption\">Alle von mir durchgef\u00fchrten \u00c4nderungen zum Serienmodell und das auf dem Foto abgebildete Band sind <strong>fett<\/strong> markiert.<\/figcaption><\/figure>\n\n\n\n<p><a href=\"https:\/\/www.thorsten-schneider.com\/blog\/black-dial-society\/\" data-type=\"page\" data-id=\"185\">zur\u00fcck zur Auswahl &gt;<\/a><\/p>\n","protected":false},"excerpt":{"rendered":"<p>Inspiration &#8211; Basis Vostok Aphibia 627XXX Geh\u00e4use 627 Titan poliert Geh\u00e4useboden Komandirskie.com Glasboden mit kleinem Sichtfenster Zifferblatt Roytone 660 Sandwich schwarz Werk Vostok 2416B Automatik Armierungsring Edelstahl poliert Datumsscheibe &#8211; Stundenzeiger Favinov Paddle silber Minutenzeiger Favinov Paddle silber Sekundenzeiger Favinov silber Krone Edelstahl mattiert L\u00fcnette Seiko-kompatibel Edelstahl L\u00fcnetteninlay 45er schwarz gl\u00e4nzend Canvas grau 22mm mit &hellip; <\/p>\n<p class=\"link-more\"><a href=\"https:\/\/www.thorsten-schneider.com\/blog\/the-titans-bastard\/\" class=\"more-link\"><span class=\"screen-reader-text\">\u201eThe Titan&#8217;s Bastard\u201c <\/span>weiterlesen<\/a><\/p>\n","protected":false},"author":1,"featured_media":0,"parent":0,"menu_order":0,"comment_status":"closed","ping_status":"closed","template":"","meta":{"footnotes":""},"class_list":["post-674","page","type-page","status-publish","hentry"],"_links":{"self":[{"href":"https:\/\/www.thorsten-schneider.com\/blog\/wp-json\/wp\/v2\/pages\/674","targetHints":{"allow":["GET"]}}],"collection":[{"href":"https:\/\/www.thorsten-schneider.com\/blog\/wp-json\/wp\/v2\/pages"}],"about":[{"href":"https:\/\/www.thorsten-schneider.com\/blog\/wp-json\/wp\/v2\/types\/page"}],"author":[{"embeddable":true,"href":"https:\/\/www.thorsten-schneider.com\/blog\/wp-json\/wp\/v2\/users\/1"}],"replies":[{"embeddable":true,"href":"https:\/\/www.thorsten-schneider.com\/blog\/wp-json\/wp\/v2\/comments?post=674"}],"version-history":[{"count":7,"href":"https:\/\/www.thorsten-schneider.com\/blog\/wp-json\/wp\/v2\/pages\/674\/revisions"}],"predecessor-version":[{"id":2220,"href":"https:\/\/www.thorsten-schneider.com\/blog\/wp-json\/wp\/v2\/pages\/674\/revisions\/2220"}],"wp:attachment":[{"href":"https:\/\/www.thorsten-schneider.com\/blog\/wp-json\/wp\/v2\/media?parent=674"}],"curies":[{"name":"wp","href":"https:\/\/api.w.org\/{rel}","templated":true}]}}