{"id":658,"date":"2022-09-02T13:17:45","date_gmt":"2022-09-02T11:17:45","guid":{"rendered":"http:\/\/www.thorsten-schneider.com\/blog\/?page_id=658"},"modified":"2022-12-22T11:09:34","modified_gmt":"2022-12-22T10:09:34","slug":"komandibia-albatros","status":"publish","type":"page","link":"https:\/\/www.thorsten-schneider.com\/blog\/komandibia-albatros\/","title":{"rendered":"Komandibia Albatros"},"content":{"rendered":"\n<figure class=\"wp-block-image size-large\"><img loading=\"lazy\" decoding=\"async\" width=\"1024\" height=\"768\" src=\"https:\/\/www.thorsten-schneider.com\/blog\/wp-content\/uploads\/2022\/09\/komandibia_albatros_1-1024x768.jpg\" alt=\"\" class=\"wp-image-1119\" srcset=\"https:\/\/www.thorsten-schneider.com\/blog\/wp-content\/uploads\/2022\/09\/komandibia_albatros_1-1024x768.jpg 1024w, https:\/\/www.thorsten-schneider.com\/blog\/wp-content\/uploads\/2022\/09\/komandibia_albatros_1-300x225.jpg 300w, https:\/\/www.thorsten-schneider.com\/blog\/wp-content\/uploads\/2022\/09\/komandibia_albatros_1-768x576.jpg 768w, https:\/\/www.thorsten-schneider.com\/blog\/wp-content\/uploads\/2022\/09\/komandibia_albatros_1-1536x1152.jpg 1536w, https:\/\/www.thorsten-schneider.com\/blog\/wp-content\/uploads\/2022\/09\/komandibia_albatros_1.jpg 1600w\" sizes=\"auto, (max-width: 767px) 89vw, (max-width: 1000px) 54vw, (max-width: 1071px) 543px, 580px\" \/><\/figure>\n\n\n\n<figure class=\"wp-block-table is-style-stripes\"><table><tbody><tr><td>Inspiration<\/td><td>&#8211;<\/td><\/tr><tr><td>Basis<\/td><td>Vostok Komandirskie 470XXX<\/td><\/tr><tr><td>Geh\u00e4use<\/td><td>470 Edelstahl mattiert<\/td><\/tr><tr><td>Geh\u00e4useboden<\/td><td>Amphibia Edelstahl flach<\/td><\/tr><tr><td><\/td><td><\/td><\/tr><tr><td>Zifferblatt<\/td><td>Komandirskie wei\u00df mit hellgr\u00fcnen Indizes<\/td><\/tr><tr><td>Werk<\/td><td>Vostok 2214 Handaufzug<\/td><\/tr><tr><td>Werkhaltering<\/td><td>Edelstahl<\/td><\/tr><tr><td>Armierungsring<\/td><td>Edelstahl poliert<\/td><\/tr><tr><td>Datumsscheibe<\/td><td>wei\u00df mit roten Ziffern<\/td><\/tr><tr><td>Stundenzeiger<\/td><td>Amphibia silber<\/td><\/tr><tr><td>Minutenzeiger<\/td><td>Amphibia silber<\/td><\/tr><tr><td>Sekundenzeiger<\/td><td>Amphibia rot<\/td><\/tr><tr><td>Krone<\/td><td>Messing mit Edelstahl-Kappe, poliert<\/td><\/tr><tr><td>L\u00fcnette<\/td><td><strong>Amphibia Vintage Taucherl\u00fcnette<\/strong><\/td><\/tr><tr><td>L\u00fcnetteninlay<\/td><td><strong>Hochglanz schwarz<\/strong><\/td><\/tr><tr><td><\/td><td><\/td><\/tr><tr><td>Canvas<\/td><td><strong>schwarz mit Edelstahl-Dornschlie\u00dfe<\/strong><\/td><\/tr><tr><td>Leder<\/td><td>Vintage dunkelgrau mit Edelstahl-Dornschlie\u00dfe<\/td><\/tr><tr><td>Leder<\/td><td>Vintage hellbraun mit Edelstahl-Dornschlie\u00dfe<\/td><\/tr><\/tbody><\/table><figcaption class=\"wp-element-caption\">  Alle von mir durchgef\u00fchrten \u00c4nderungen zum Serienmodell und das auf dem Foto abgebildete Band sind <strong>fett<\/strong> markiert.<\/figcaption><\/figure>\n\n\n\n<p><a href=\"https:\/\/www.thorsten-schneider.com\/blog\/white-walkers\/\" data-type=\"page\" data-id=\"1190\">zur\u00fcck zur Auswahl &gt;<\/a><\/p>\n","protected":false},"excerpt":{"rendered":"<p>Inspiration &#8211; Basis Vostok Komandirskie 470XXX Geh\u00e4use 470 Edelstahl mattiert Geh\u00e4useboden Amphibia Edelstahl flach Zifferblatt Komandirskie wei\u00df mit hellgr\u00fcnen Indizes Werk Vostok 2214 Handaufzug Werkhaltering Edelstahl Armierungsring Edelstahl poliert Datumsscheibe wei\u00df mit roten Ziffern Stundenzeiger Amphibia silber Minutenzeiger Amphibia silber Sekundenzeiger Amphibia rot Krone Messing mit Edelstahl-Kappe, poliert L\u00fcnette Amphibia Vintage Taucherl\u00fcnette L\u00fcnetteninlay Hochglanz schwarz &hellip; <\/p>\n<p class=\"link-more\"><a href=\"https:\/\/www.thorsten-schneider.com\/blog\/komandibia-albatros\/\" class=\"more-link\"><span class=\"screen-reader-text\">\u201eKomandibia Albatros\u201c <\/span>weiterlesen<\/a><\/p>\n","protected":false},"author":1,"featured_media":0,"parent":0,"menu_order":0,"comment_status":"closed","ping_status":"closed","template":"","meta":{"footnotes":""},"class_list":["post-658","page","type-page","status-publish","hentry"],"_links":{"self":[{"href":"https:\/\/www.thorsten-schneider.com\/blog\/wp-json\/wp\/v2\/pages\/658","targetHints":{"allow":["GET"]}}],"collection":[{"href":"https:\/\/www.thorsten-schneider.com\/blog\/wp-json\/wp\/v2\/pages"}],"about":[{"href":"https:\/\/www.thorsten-schneider.com\/blog\/wp-json\/wp\/v2\/types\/page"}],"author":[{"embeddable":true,"href":"https:\/\/www.thorsten-schneider.com\/blog\/wp-json\/wp\/v2\/users\/1"}],"replies":[{"embeddable":true,"href":"https:\/\/www.thorsten-schneider.com\/blog\/wp-json\/wp\/v2\/comments?post=658"}],"version-history":[{"count":8,"href":"https:\/\/www.thorsten-schneider.com\/blog\/wp-json\/wp\/v2\/pages\/658\/revisions"}],"predecessor-version":[{"id":2018,"href":"https:\/\/www.thorsten-schneider.com\/blog\/wp-json\/wp\/v2\/pages\/658\/revisions\/2018"}],"wp:attachment":[{"href":"https:\/\/www.thorsten-schneider.com\/blog\/wp-json\/wp\/v2\/media?parent=658"}],"curies":[{"name":"wp","href":"https:\/\/api.w.org\/{rel}","templated":true}]}}