{"id":650,"date":"2022-06-25T13:46:36","date_gmt":"2022-06-25T11:46:36","guid":{"rendered":"http:\/\/www.thorsten-schneider.com\/blog\/?page_id=650"},"modified":"2022-12-22T12:41:45","modified_gmt":"2022-12-22T11:41:45","slug":"white-city-master","status":"publish","type":"page","link":"https:\/\/www.thorsten-schneider.com\/blog\/white-city-master\/","title":{"rendered":"White CIty Master"},"content":{"rendered":"\n<figure class=\"wp-block-image size-large\"><img loading=\"lazy\" decoding=\"async\" width=\"1024\" height=\"768\" src=\"https:\/\/www.thorsten-schneider.com\/blog\/wp-content\/uploads\/2022\/09\/white_city_master_1-1024x768.jpeg\" alt=\"\" class=\"wp-image-1576\" srcset=\"https:\/\/www.thorsten-schneider.com\/blog\/wp-content\/uploads\/2022\/09\/white_city_master_1-1024x768.jpeg 1024w, https:\/\/www.thorsten-schneider.com\/blog\/wp-content\/uploads\/2022\/09\/white_city_master_1-300x225.jpeg 300w, https:\/\/www.thorsten-schneider.com\/blog\/wp-content\/uploads\/2022\/09\/white_city_master_1-768x576.jpeg 768w, https:\/\/www.thorsten-schneider.com\/blog\/wp-content\/uploads\/2022\/09\/white_city_master_1-1536x1152.jpeg 1536w, https:\/\/www.thorsten-schneider.com\/blog\/wp-content\/uploads\/2022\/09\/white_city_master_1.jpeg 1600w\" sizes=\"auto, (max-width: 767px) 89vw, (max-width: 1000px) 54vw, (max-width: 1071px) 543px, 580px\" \/><\/figure>\n\n\n\n<figure class=\"wp-block-table is-style-stripes\"><table><tbody><tr><td>Inspiration<\/td><td>&#8211;<\/td><\/tr><tr><td>Basis<\/td><td>Vostok Komandirskie 650XXX<\/td><\/tr><tr><td>Geh\u00e4use<\/td><td>650 Edelstahl mattiert<\/td><\/tr><tr><td>Geh\u00e4useboden<\/td><td>Boctok &#8222;B&#8220; Edelstahl<\/td><\/tr><tr><td><\/td><td><\/td><\/tr><tr><td>Zifferblatt<\/td><td><strong>419 wei\u00df<\/strong><\/td><\/tr><tr><td>Werk<\/td><td>Vostok 2416B Automatik<\/td><\/tr><tr><td>Werkhaltering<\/td><td><strong>Edelstahl<\/strong><\/td><\/tr><tr><td>Armierungsring<\/td><td>Edelstahl poliert<\/td><\/tr><tr><td>Datumsscheibe<\/td><td>wei\u00df<\/td><\/tr><tr><td>Stundenzeiger<\/td><td><strong>VW24 Marine Master schwarz<\/strong><\/td><\/tr><tr><td>Minutenzeiger<\/td><td><strong><strong>VW24 Marine Master schwarz<\/strong><\/strong><\/td><\/tr><tr><td>Sekundenzeiger<\/td><td><strong>Vostok SE rot<\/strong><\/td><\/tr><tr><td>Krone<\/td><td>Edelstahl mattiert<\/td><\/tr><tr><td>L\u00fcnette<\/td><td><strong>VW24 Edelstahl<\/strong><\/td><\/tr><tr><td>L\u00fcnetteninlay<\/td><td><strong>Cities silber<\/strong><\/td><\/tr><tr><td><\/td><td><\/td><\/tr><tr><td>Single Pass Strap<\/td><td><strong>Bordeaux mit beigefarbenem Streifen und Edelstahl-Dornschlie\u00dfe<\/strong><\/td><\/tr><tr><td>Stahl<\/td><td>Edelstahl massiv, mattiert mit angefasten Gliedern und Faltschlie\u00dfe<\/td><\/tr><\/tbody><\/table><figcaption class=\"wp-element-caption\">Alle von mir durchgef\u00fchrten \u00c4nderungen zum Serienmodell und das auf dem Foto abgebildete Band sind <strong>fett<\/strong> markiert.<\/figcaption><\/figure>\n\n\n\n<p><a href=\"https:\/\/www.thorsten-schneider.com\/blog\/white-walkers\/\" data-type=\"page\" data-id=\"1190\">zur\u00fcck zur Auswahl &gt;<\/a><\/p>\n","protected":false},"excerpt":{"rendered":"<p>Inspiration &#8211; Basis Vostok Komandirskie 650XXX Geh\u00e4use 650 Edelstahl mattiert Geh\u00e4useboden Boctok &#8222;B&#8220; Edelstahl Zifferblatt 419 wei\u00df Werk Vostok 2416B Automatik Werkhaltering Edelstahl Armierungsring Edelstahl poliert Datumsscheibe wei\u00df Stundenzeiger VW24 Marine Master schwarz Minutenzeiger VW24 Marine Master schwarz Sekundenzeiger Vostok SE rot Krone Edelstahl mattiert L\u00fcnette VW24 Edelstahl L\u00fcnetteninlay Cities silber Single Pass Strap Bordeaux &hellip; <\/p>\n<p class=\"link-more\"><a href=\"https:\/\/www.thorsten-schneider.com\/blog\/white-city-master\/\" class=\"more-link\"><span class=\"screen-reader-text\">\u201eWhite CIty Master\u201c <\/span>weiterlesen<\/a><\/p>\n","protected":false},"author":1,"featured_media":0,"parent":0,"menu_order":0,"comment_status":"closed","ping_status":"closed","template":"","meta":{"footnotes":""},"class_list":["post-650","page","type-page","status-publish","hentry"],"_links":{"self":[{"href":"https:\/\/www.thorsten-schneider.com\/blog\/wp-json\/wp\/v2\/pages\/650","targetHints":{"allow":["GET"]}}],"collection":[{"href":"https:\/\/www.thorsten-schneider.com\/blog\/wp-json\/wp\/v2\/pages"}],"about":[{"href":"https:\/\/www.thorsten-schneider.com\/blog\/wp-json\/wp\/v2\/types\/page"}],"author":[{"embeddable":true,"href":"https:\/\/www.thorsten-schneider.com\/blog\/wp-json\/wp\/v2\/users\/1"}],"replies":[{"embeddable":true,"href":"https:\/\/www.thorsten-schneider.com\/blog\/wp-json\/wp\/v2\/comments?post=650"}],"version-history":[{"count":9,"href":"https:\/\/www.thorsten-schneider.com\/blog\/wp-json\/wp\/v2\/pages\/650\/revisions"}],"predecessor-version":[{"id":2078,"href":"https:\/\/www.thorsten-schneider.com\/blog\/wp-json\/wp\/v2\/pages\/650\/revisions\/2078"}],"wp:attachment":[{"href":"https:\/\/www.thorsten-schneider.com\/blog\/wp-json\/wp\/v2\/media?parent=650"}],"curies":[{"name":"wp","href":"https:\/\/api.w.org\/{rel}","templated":true}]}}