{"id":626,"date":"2022-09-02T13:15:31","date_gmt":"2022-09-02T11:15:31","guid":{"rendered":"http:\/\/www.thorsten-schneider.com\/blog\/?page_id=626"},"modified":"2022-12-22T10:26:10","modified_gmt":"2022-12-22T09:26:10","slug":"amphiscaphe-hd","status":"publish","type":"page","link":"https:\/\/www.thorsten-schneider.com\/blog\/amphiscaphe-hd\/","title":{"rendered":"Amphiscaphe HD"},"content":{"rendered":"\n<figure class=\"wp-block-image size-large\"><img loading=\"lazy\" decoding=\"async\" width=\"1024\" height=\"768\" src=\"https:\/\/www.thorsten-schneider.com\/blog\/wp-content\/uploads\/2022\/09\/amphiscaphe_hd_1-1024x768.jpg\" alt=\"\" class=\"wp-image-1096\" srcset=\"https:\/\/www.thorsten-schneider.com\/blog\/wp-content\/uploads\/2022\/09\/amphiscaphe_hd_1-1024x768.jpg 1024w, https:\/\/www.thorsten-schneider.com\/blog\/wp-content\/uploads\/2022\/09\/amphiscaphe_hd_1-300x225.jpg 300w, https:\/\/www.thorsten-schneider.com\/blog\/wp-content\/uploads\/2022\/09\/amphiscaphe_hd_1-768x576.jpg 768w, https:\/\/www.thorsten-schneider.com\/blog\/wp-content\/uploads\/2022\/09\/amphiscaphe_hd_1-1536x1152.jpg 1536w, https:\/\/www.thorsten-schneider.com\/blog\/wp-content\/uploads\/2022\/09\/amphiscaphe_hd_1.jpg 1600w\" sizes=\"auto, (max-width: 767px) 89vw, (max-width: 1000px) 54vw, (max-width: 1071px) 543px, 580px\" \/><\/figure>\n\n\n\n<figure class=\"wp-block-table is-style-stripes\"><table><tbody><tr><td>Inspiration<\/td><td>Blancpain Fifty Fathoms Bathyscaphe Hodinkee<\/td><\/tr><tr><td>Basis<\/td><td>Vostok Komandirskie 020XXX<\/td><\/tr><tr><td>Geh\u00e4use<\/td><td>020 Edelstahl mattiert<\/td><\/tr><tr><td>Geh\u00e4useboden<\/td><td><strong>Komandirskie.com Glasboden mit kleinem Sichtfenster<\/strong><\/td><\/tr><tr><td><\/td><td><\/td><\/tr><tr><td>Zifferblatt<\/td><td><strong>Amphibia 660 schwarz<\/strong><\/td><\/tr><tr><td>Werk<\/td><td>Vostok 2415B Automatik<\/td><\/tr><tr><td>Werkhaltering<\/td><td><strong>Edelstahl<\/strong><\/td><\/tr><tr><td>Armierungsring<\/td><td>Edelstahl poliert<\/td><\/tr><tr><td>Datumsscheibe<\/td><td>&#8211;<\/td><\/tr><tr><td>Stundenzeiger<\/td><td><strong>Favinov Paddle silber<\/strong><\/td><\/tr><tr><td>Minutenzeiger<\/td><td><strong>Favinov Paddle silber<\/strong><\/td><\/tr><tr><td>Sekundenzeiger<\/td><td><strong><strong>Vostok SE wei\u00df<\/strong><\/strong><\/td><\/tr><tr><td>Krone<\/td><td>Vostok Edelstahl mattiert<\/td><\/tr><tr><td>L\u00fcnette<\/td><td><strong>Edelstahl mattiert<\/strong><\/td><\/tr><tr><td>L\u00fcnetteninlay<\/td><td><strong>45er Keramik schwarz gl\u00e4nzend<\/strong><\/td><\/tr><tr><td><\/td><td><\/td><\/tr><tr><td>Stahl<\/td><td><strong>Edelstahl massiv teilmattiert mit Faltschlie\u00dfe<\/strong><\/td><\/tr><tr><td>Stahl<\/td><td>Edelstahl mattiert mit angefasten Gliedern und Faltschlie\u00dfe<\/td><\/tr><tr><td>Leder<\/td><td>Vintage dunkelbraun mit Edelstahl-Dornschlie\u00dfe<\/td><\/tr><tr><td>Leder<\/td><td>Vintage hellbraun mit Edelstahl-Dornschlie\u00dfe<\/td><\/tr><tr><td>Kautschuk<\/td><td>Tropic schwarz mit Edelstahl-Dornschlie\u00dfe<\/td><\/tr><tr><td>Canvas<\/td><td>schwarz mit Edelstahl-Dornschlie\u00dfe<\/td><\/tr><\/tbody><\/table><figcaption class=\"wp-element-caption\">Alle von mir durchgef\u00fchrten \u00c4nderungen zum Serienmodell und das auf dem Foto abgebildete Band sind <strong>fett<\/strong> markiert.<\/figcaption><\/figure>\n\n\n\n<p><a href=\"https:\/\/www.thorsten-schneider.com\/blog\/black-dial-society\/\" data-type=\"page\" data-id=\"185\">zur\u00fcck zur Auswahl &gt;<\/a><\/p>\n","protected":false},"excerpt":{"rendered":"<p>Inspiration Blancpain Fifty Fathoms Bathyscaphe Hodinkee Basis Vostok Komandirskie 020XXX Geh\u00e4use 020 Edelstahl mattiert Geh\u00e4useboden Komandirskie.com Glasboden mit kleinem Sichtfenster Zifferblatt Amphibia 660 schwarz Werk Vostok 2415B Automatik Werkhaltering Edelstahl Armierungsring Edelstahl poliert Datumsscheibe &#8211; Stundenzeiger Favinov Paddle silber Minutenzeiger Favinov Paddle silber Sekundenzeiger Vostok SE wei\u00df Krone Vostok Edelstahl mattiert L\u00fcnette Edelstahl mattiert L\u00fcnetteninlay &hellip; <\/p>\n<p class=\"link-more\"><a href=\"https:\/\/www.thorsten-schneider.com\/blog\/amphiscaphe-hd\/\" class=\"more-link\"><span class=\"screen-reader-text\">\u201eAmphiscaphe HD\u201c <\/span>weiterlesen<\/a><\/p>\n","protected":false},"author":1,"featured_media":0,"parent":0,"menu_order":0,"comment_status":"closed","ping_status":"closed","template":"","meta":{"footnotes":""},"class_list":["post-626","page","type-page","status-publish","hentry"],"_links":{"self":[{"href":"https:\/\/www.thorsten-schneider.com\/blog\/wp-json\/wp\/v2\/pages\/626","targetHints":{"allow":["GET"]}}],"collection":[{"href":"https:\/\/www.thorsten-schneider.com\/blog\/wp-json\/wp\/v2\/pages"}],"about":[{"href":"https:\/\/www.thorsten-schneider.com\/blog\/wp-json\/wp\/v2\/types\/page"}],"author":[{"embeddable":true,"href":"https:\/\/www.thorsten-schneider.com\/blog\/wp-json\/wp\/v2\/users\/1"}],"replies":[{"embeddable":true,"href":"https:\/\/www.thorsten-schneider.com\/blog\/wp-json\/wp\/v2\/comments?post=626"}],"version-history":[{"count":5,"href":"https:\/\/www.thorsten-schneider.com\/blog\/wp-json\/wp\/v2\/pages\/626\/revisions"}],"predecessor-version":[{"id":1981,"href":"https:\/\/www.thorsten-schneider.com\/blog\/wp-json\/wp\/v2\/pages\/626\/revisions\/1981"}],"wp:attachment":[{"href":"https:\/\/www.thorsten-schneider.com\/blog\/wp-json\/wp\/v2\/media?parent=626"}],"curies":[{"name":"wp","href":"https:\/\/api.w.org\/{rel}","templated":true}]}}