{"id":620,"date":"2022-09-02T13:15:31","date_gmt":"2022-09-02T11:15:31","guid":{"rendered":"http:\/\/www.thorsten-schneider.com\/blog\/?page_id=620"},"modified":"2024-11-28T14:43:28","modified_gmt":"2024-11-28T13:43:28","slug":"62vos","status":"publish","type":"page","link":"https:\/\/www.thorsten-schneider.com\/blog\/62vos\/","title":{"rendered":"62VOS"},"content":{"rendered":"\n<figure class=\"wp-block-image size-large\"><img loading=\"lazy\" decoding=\"async\" width=\"1024\" height=\"768\" src=\"https:\/\/www.thorsten-schneider.com\/blog\/wp-content\/uploads\/2024\/11\/62VOS-1024x768.jpeg\" alt=\"\" class=\"wp-image-3684\" srcset=\"https:\/\/www.thorsten-schneider.com\/blog\/wp-content\/uploads\/2024\/11\/62VOS-1024x768.jpeg 1024w, https:\/\/www.thorsten-schneider.com\/blog\/wp-content\/uploads\/2024\/11\/62VOS-300x225.jpeg 300w, https:\/\/www.thorsten-schneider.com\/blog\/wp-content\/uploads\/2024\/11\/62VOS-768x576.jpeg 768w, https:\/\/www.thorsten-schneider.com\/blog\/wp-content\/uploads\/2024\/11\/62VOS-1536x1152.jpeg 1536w, https:\/\/www.thorsten-schneider.com\/blog\/wp-content\/uploads\/2024\/11\/62VOS.jpeg 1600w\" sizes=\"auto, (max-width: 767px) 89vw, (max-width: 1000px) 54vw, (max-width: 1071px) 543px, 580px\" \/><\/figure>\n\n\n\n<figure class=\"wp-block-table is-style-stripes\"><table><tbody><tr><td>Inspiration<\/td><td>Seiko <strong>62<\/strong>MA<strong>S<\/strong><\/td><\/tr><tr><td>Basis<\/td><td>Vostok Komandirskie 650536<\/td><\/tr><tr><td>Geh\u00e4use<\/td><td>650 Edelstahl mattiert<\/td><\/tr><tr><td>Geh\u00e4useboden<\/td><td>Boctok &#8222;B&#8220; Edelstahl<\/td><\/tr><tr><td><\/td><td><\/td><\/tr><tr><td>Zifferblatt<\/td><td><strong>Vostok Troika schwarz<\/strong><\/td><\/tr><tr><td>Werk<\/td><td>Vostok 2416B Automatik<\/td><\/tr><tr><td>Werkhaltering<\/td><td><strong>Edelstahl<\/strong><\/td><\/tr><tr><td>Armierungsring<\/td><td>Edelstahl poliert<\/td><\/tr><tr><td>Datumsscheibe<\/td><td><strong>schwarz<\/strong><\/td><\/tr><tr><td>Stundenzeiger<\/td><td><strong>Century Time silber<\/strong><\/td><\/tr><tr><td>Minutenzeiger<\/td><td><strong><strong><strong>Century Time silber<\/strong><\/strong><\/strong><\/td><\/tr><tr><td>Sekundenzeiger<\/td><td><strong><strong>Century Time silber<\/strong><\/strong><\/td><\/tr><tr><td>Krone<\/td><td>Vostok Edelstahl mattiert<\/td><\/tr><tr><td>L\u00fcnette<\/td><td><strong>Meranom Edelstahl<\/strong><\/td><\/tr><tr><td>L\u00fcnetteninlay<\/td><td><strong>schwarz mit wei\u00dfen Ziffern<\/strong><\/td><\/tr><tr><td><\/td><td><\/td><\/tr><tr><td>Leder<\/td><td><strong>Vintage schwarz mit Edelstahl-Dornschlie\u00dfe<\/strong><\/td><\/tr><tr><td>Stahl<\/td><td>Mesh mattiert mit Faltschlie\u00dfe<\/td><\/tr><tr><td>Stahl<\/td><td>Edelstahl massiv, mattiert, mit angefasten Gliedern und Faltschlie\u00dfe<\/td><\/tr><tr><td>Kautschuk<\/td><td>Tropic schwarz mit Edelstahl-Dornschlie\u00dfe<\/td><\/tr><\/tbody><\/table><figcaption class=\"wp-element-caption\">Alle von mir durchgef\u00fchrten \u00c4nderungen zum Serienmodell und das auf dem Foto abgebildete Band sind <strong>fett<\/strong> markiert.<\/figcaption><\/figure>\n\n\n\n<p><a href=\"https:\/\/www.thorsten-schneider.com\/blog\/black-dial-society\/\" data-type=\"page\" data-id=\"185\">zur\u00fcck zur Auswahl &gt;<\/a><\/p>\n","protected":false},"excerpt":{"rendered":"<p>Inspiration Seiko 62MAS Basis Vostok Komandirskie 650536 Geh\u00e4use 650 Edelstahl mattiert Geh\u00e4useboden Boctok &#8222;B&#8220; Edelstahl Zifferblatt Vostok Troika schwarz Werk Vostok 2416B Automatik Werkhaltering Edelstahl Armierungsring Edelstahl poliert Datumsscheibe schwarz Stundenzeiger Century Time silber Minutenzeiger Century Time silber Sekundenzeiger Century Time silber Krone Vostok Edelstahl mattiert L\u00fcnette Meranom Edelstahl L\u00fcnetteninlay schwarz mit wei\u00dfen Ziffern Leder &hellip; <\/p>\n<p class=\"link-more\"><a href=\"https:\/\/www.thorsten-schneider.com\/blog\/62vos\/\" class=\"more-link\"><span class=\"screen-reader-text\">\u201e62VOS\u201c <\/span>weiterlesen<\/a><\/p>\n","protected":false},"author":1,"featured_media":0,"parent":0,"menu_order":0,"comment_status":"closed","ping_status":"closed","template":"","meta":{"footnotes":""},"class_list":["post-620","page","type-page","status-publish","hentry"],"_links":{"self":[{"href":"https:\/\/www.thorsten-schneider.com\/blog\/wp-json\/wp\/v2\/pages\/620","targetHints":{"allow":["GET"]}}],"collection":[{"href":"https:\/\/www.thorsten-schneider.com\/blog\/wp-json\/wp\/v2\/pages"}],"about":[{"href":"https:\/\/www.thorsten-schneider.com\/blog\/wp-json\/wp\/v2\/types\/page"}],"author":[{"embeddable":true,"href":"https:\/\/www.thorsten-schneider.com\/blog\/wp-json\/wp\/v2\/users\/1"}],"replies":[{"embeddable":true,"href":"https:\/\/www.thorsten-schneider.com\/blog\/wp-json\/wp\/v2\/comments?post=620"}],"version-history":[{"count":10,"href":"https:\/\/www.thorsten-schneider.com\/blog\/wp-json\/wp\/v2\/pages\/620\/revisions"}],"predecessor-version":[{"id":3694,"href":"https:\/\/www.thorsten-schneider.com\/blog\/wp-json\/wp\/v2\/pages\/620\/revisions\/3694"}],"wp:attachment":[{"href":"https:\/\/www.thorsten-schneider.com\/blog\/wp-json\/wp\/v2\/media?parent=620"}],"curies":[{"name":"wp","href":"https:\/\/api.w.org\/{rel}","templated":true}]}}