{"id":604,"date":"2022-09-02T13:15:32","date_gmt":"2022-09-02T11:15:32","guid":{"rendered":"http:\/\/www.thorsten-schneider.com\/blog\/?page_id=604"},"modified":"2023-07-03T08:41:25","modified_gmt":"2023-07-03T06:41:25","slug":"bluewave","status":"publish","type":"page","link":"https:\/\/www.thorsten-schneider.com\/blog\/bluewave\/","title":{"rendered":"BlueWave"},"content":{"rendered":"\n<figure class=\"wp-block-image size-large\"><img loading=\"lazy\" decoding=\"async\" width=\"1024\" height=\"768\" src=\"https:\/\/www.thorsten-schneider.com\/blog\/wp-content\/uploads\/2023\/07\/blue_wave-1024x768.jpeg\" alt=\"\" class=\"wp-image-2459\" srcset=\"https:\/\/www.thorsten-schneider.com\/blog\/wp-content\/uploads\/2023\/07\/blue_wave-1024x768.jpeg 1024w, https:\/\/www.thorsten-schneider.com\/blog\/wp-content\/uploads\/2023\/07\/blue_wave-300x225.jpeg 300w, https:\/\/www.thorsten-schneider.com\/blog\/wp-content\/uploads\/2023\/07\/blue_wave-768x576.jpeg 768w, https:\/\/www.thorsten-schneider.com\/blog\/wp-content\/uploads\/2023\/07\/blue_wave-1536x1152.jpeg 1536w, https:\/\/www.thorsten-schneider.com\/blog\/wp-content\/uploads\/2023\/07\/blue_wave.jpeg 1600w\" sizes=\"auto, (max-width: 767px) 89vw, (max-width: 1000px) 54vw, (max-width: 1071px) 543px, 580px\" \/><\/figure>\n\n\n\n<figure class=\"wp-block-table is-style-stripes\"><table><tbody><tr><td>Inspiration<\/td><td>&#8211;<\/td><\/tr><tr><td>Basis<\/td><td>Vostok Amphibia 150346<\/td><\/tr><tr><td>Geh\u00e4use<\/td><td>150 Edelstahl <strong>mattiert<\/strong><\/td><\/tr><tr><td>Geh\u00e4useboden<\/td><td><strong>Orca Edelstahl<\/strong><\/td><\/tr><tr><td><\/td><td><\/td><\/tr><tr><td>Zifferblatt<\/td><td>Amphibia 346 blau<\/td><\/tr><tr><td>Werk<\/td><td>Vostok 2416B Automatik<\/td><\/tr><tr><td>Werkhaltering<\/td><td><strong>Edelstahl<\/strong><\/td><\/tr><tr><td>Armierungsring<\/td><td>Edelstahl poliert<\/td><\/tr><tr><td>Datumsscheibe<\/td><td>wei\u00df<\/td><\/tr><tr><td>Stundenzeiger<\/td><td>Amphibia silber<\/td><\/tr><tr><td>Minutenzeiger<\/td><td>Amphibia silber<\/td><\/tr><tr><td>Sekundenzeiger<\/td><td><strong>Vostok SE wei\u00df<\/strong><\/td><\/tr><tr><td>Krone<\/td><td><strong>Edelstahl mattiert<\/strong><\/td><\/tr><tr><td>L\u00fcnette<\/td><td><strong>Komandirskie Edelstahl 24h mattiert<\/strong><\/td><\/tr><tr><td>L\u00fcnetteninlay<\/td><td>&#8211;<\/td><\/tr><tr><td><\/td><td><\/td><\/tr><tr><td>Leder<\/td><td><strong>Single Pass Zulu hellbraun mit Edelstahl-Dornschlie\u00dfe<\/strong><\/td><\/tr><tr><td>Stahl<\/td><td>Edelstahl Mesh mattiert mit Faltschlie\u00dfe<\/td><\/tr><tr><td>Leder<\/td><td>Vintage mittelbraun mit wei\u00dfer Naht und Edelstahl-Dornschlie\u00dfe<\/td><\/tr><tr><td>Single Pass Strap<\/td><td>beige-wei\u00df mit Edelstahl-Dornschlie\u00dfe<\/td><\/tr><tr><td>Canvas<\/td><td>beige mit Edelstahl-Dornschlie\u00dfe<\/td><\/tr><\/tbody><\/table><figcaption class=\"wp-element-caption\">Alle von mir durchgef\u00fchrten \u00c4nderungen zum Serienmodell und das auf dem Foto abgebildete Band sind <strong>fett<\/strong> markiert.<\/figcaption><\/figure>\n\n\n\n<p><a href=\"https:\/\/www.thorsten-schneider.com\/blog\/blue-boys\/\" data-type=\"page\" data-id=\"1173\">zur\u00fcck zur Auswahl &gt;<\/a><\/p>\n","protected":false},"excerpt":{"rendered":"<p>Inspiration &#8211; Basis Vostok Amphibia 150346 Geh\u00e4use 150 Edelstahl mattiert Geh\u00e4useboden Orca Edelstahl Zifferblatt Amphibia 346 blau Werk Vostok 2416B Automatik Werkhaltering Edelstahl Armierungsring Edelstahl poliert Datumsscheibe wei\u00df Stundenzeiger Amphibia silber Minutenzeiger Amphibia silber Sekundenzeiger Vostok SE wei\u00df Krone Edelstahl mattiert L\u00fcnette Komandirskie Edelstahl 24h mattiert L\u00fcnetteninlay &#8211; Leder Single Pass Zulu hellbraun mit Edelstahl-Dornschlie\u00dfe &hellip; <\/p>\n<p class=\"link-more\"><a href=\"https:\/\/www.thorsten-schneider.com\/blog\/bluewave\/\" class=\"more-link\"><span class=\"screen-reader-text\">\u201eBlueWave\u201c <\/span>weiterlesen<\/a><\/p>\n","protected":false},"author":1,"featured_media":0,"parent":0,"menu_order":0,"comment_status":"closed","ping_status":"closed","template":"","meta":{"footnotes":""},"class_list":["post-604","page","type-page","status-publish","hentry"],"_links":{"self":[{"href":"https:\/\/www.thorsten-schneider.com\/blog\/wp-json\/wp\/v2\/pages\/604","targetHints":{"allow":["GET"]}}],"collection":[{"href":"https:\/\/www.thorsten-schneider.com\/blog\/wp-json\/wp\/v2\/pages"}],"about":[{"href":"https:\/\/www.thorsten-schneider.com\/blog\/wp-json\/wp\/v2\/types\/page"}],"author":[{"embeddable":true,"href":"https:\/\/www.thorsten-schneider.com\/blog\/wp-json\/wp\/v2\/users\/1"}],"replies":[{"embeddable":true,"href":"https:\/\/www.thorsten-schneider.com\/blog\/wp-json\/wp\/v2\/comments?post=604"}],"version-history":[{"count":7,"href":"https:\/\/www.thorsten-schneider.com\/blog\/wp-json\/wp\/v2\/pages\/604\/revisions"}],"predecessor-version":[{"id":2463,"href":"https:\/\/www.thorsten-schneider.com\/blog\/wp-json\/wp\/v2\/pages\/604\/revisions\/2463"}],"wp:attachment":[{"href":"https:\/\/www.thorsten-schneider.com\/blog\/wp-json\/wp\/v2\/media?parent=604"}],"curies":[{"name":"wp","href":"https:\/\/api.w.org\/{rel}","templated":true}]}}