{"id":5199,"date":"2026-03-25T15:16:49","date_gmt":"2026-03-25T14:16:49","guid":{"rendered":"https:\/\/www.thorsten-schneider.com\/blog\/?page_id=5199"},"modified":"2026-03-26T09:36:01","modified_gmt":"2026-03-26T08:36:01","slug":"1-dresswatch-red","status":"publish","type":"page","link":"https:\/\/www.thorsten-schneider.com\/blog\/1-dresswatch-red\/","title":{"rendered":"1 &#8211; Dresswatch Red"},"content":{"rendered":"\n<figure class=\"wp-block-image size-large\"><img loading=\"lazy\" decoding=\"async\" width=\"1024\" height=\"768\" src=\"https:\/\/www.thorsten-schneider.com\/blog\/wp-content\/uploads\/2026\/03\/dresswatch_red-1024x768.jpeg\" alt=\"\" class=\"wp-image-5219\" srcset=\"https:\/\/www.thorsten-schneider.com\/blog\/wp-content\/uploads\/2026\/03\/dresswatch_red-1024x768.jpeg 1024w, https:\/\/www.thorsten-schneider.com\/blog\/wp-content\/uploads\/2026\/03\/dresswatch_red-300x225.jpeg 300w, https:\/\/www.thorsten-schneider.com\/blog\/wp-content\/uploads\/2026\/03\/dresswatch_red-768x576.jpeg 768w, https:\/\/www.thorsten-schneider.com\/blog\/wp-content\/uploads\/2026\/03\/dresswatch_red-1536x1152.jpeg 1536w, https:\/\/www.thorsten-schneider.com\/blog\/wp-content\/uploads\/2026\/03\/dresswatch_red.jpeg 1600w\" sizes=\"auto, (max-width: 767px) 89vw, (max-width: 1000px) 54vw, (max-width: 1071px) 543px, 580px\" \/><\/figure>\n\n\n\n<figure class=\"wp-block-table is-style-stripes\"><table><tbody><tr><td>Inspiration<\/td><td>&#8211;<\/td><\/tr><tr><td>Basis<\/td><td>Dresswatch 41mm<\/td><\/tr><tr><td>Geh\u00e4use<\/td><td>Dresswatch poliert\/mattiert 40mm mit wei\u00dfem Rehaut<\/td><\/tr><tr><td>Geh\u00e4useboden<\/td><td>Glasboden<\/td><\/tr><tr><td><\/td><td><\/td><\/tr><tr><td>Zifferblatt<\/td><td><strong>dunkelrot Sonnenschliff mit wei\u00dfen Indizes (28,5mm)<\/strong><\/td><\/tr><tr><td>Werk<\/td><td>Seiko NH35<\/td><\/tr><tr><td>Datumsscheibe<\/td><td>wei\u00df<\/td><\/tr><tr><td>Stundenzeiger<\/td><td><strong>Milspec silber poliert mit wei\u00dfem Lume<\/strong><\/td><\/tr><tr><td>Minutenzeiger<\/td><td><strong><strong>Milspec silber poliert mit wei\u00dfem Lume<\/strong><\/strong><\/td><\/tr><tr><td>Sekundenzeiger<\/td><td><strong><strong>Snowflake-Stil silber poliert mit wei\u00dfem Lume<\/strong><\/strong><\/td><\/tr><tr><td>Krone<\/td><td>Edelstahl poliert<\/td><\/tr><tr><td>L\u00fcnette<\/td><td>Edelstahl poliert<\/td><\/tr><tr><td>L\u00fcnetteninlay<\/td><td>&#8211;<\/td><\/tr><tr><td><\/td><td><\/td><\/tr><tr><td>Leder<\/td><td><strong>Racing-Stil grau mit Edelstahl-Faltschlie\u00dfe<\/strong><\/td><\/tr><tr><td>Wildleder<\/td><td>grau mit wei\u00dfer Ziernaht und Edelstahl-Dornschlie\u00dfe<\/td><\/tr><tr><td>Leder<\/td><td>grau mit wei\u00dfer Ziernaht und Edelstahl-Dornschlie\u00dfe<\/td><\/tr><tr><td>Leder<\/td><td>hellbraun mit wei\u00dfer Ziernaht und Edelstahl-Dornschlie\u00dfe<\/td><\/tr><\/tbody><\/table><figcaption class=\"wp-element-caption\">Alle von mir durchgef\u00fchrten \u00c4nderungen zum Serienmodell und die auf dem Foto abgebildeten B\u00e4nder sind <strong>fett<\/strong> markiert.<\/figcaption><\/figure>\n\n\n\n<p><a href=\"https:\/\/www.thorsten-schneider.com\/blog\/asian-mod-cooperative\/\" data-type=\"page\" data-id=\"2748\">zur\u00fcck zur Auswahl &gt;<\/a><\/p>\n","protected":false},"excerpt":{"rendered":"<p>Inspiration &#8211; Basis Dresswatch 41mm Geh\u00e4use Dresswatch poliert\/mattiert 40mm mit wei\u00dfem Rehaut Geh\u00e4useboden Glasboden Zifferblatt dunkelrot Sonnenschliff mit wei\u00dfen Indizes (28,5mm) Werk Seiko NH35 Datumsscheibe wei\u00df Stundenzeiger Milspec silber poliert mit wei\u00dfem Lume Minutenzeiger Milspec silber poliert mit wei\u00dfem Lume Sekundenzeiger Snowflake-Stil silber poliert mit wei\u00dfem Lume Krone Edelstahl poliert L\u00fcnette Edelstahl poliert L\u00fcnetteninlay &#8211; &hellip; <\/p>\n<p class=\"link-more\"><a href=\"https:\/\/www.thorsten-schneider.com\/blog\/1-dresswatch-red\/\" class=\"more-link\"><span class=\"screen-reader-text\">\u201e1 &#8211; Dresswatch Red\u201c <\/span>weiterlesen<\/a><\/p>\n","protected":false},"author":1,"featured_media":0,"parent":0,"menu_order":0,"comment_status":"closed","ping_status":"closed","template":"","meta":{"footnotes":""},"class_list":["post-5199","page","type-page","status-publish","hentry"],"_links":{"self":[{"href":"https:\/\/www.thorsten-schneider.com\/blog\/wp-json\/wp\/v2\/pages\/5199","targetHints":{"allow":["GET"]}}],"collection":[{"href":"https:\/\/www.thorsten-schneider.com\/blog\/wp-json\/wp\/v2\/pages"}],"about":[{"href":"https:\/\/www.thorsten-schneider.com\/blog\/wp-json\/wp\/v2\/types\/page"}],"author":[{"embeddable":true,"href":"https:\/\/www.thorsten-schneider.com\/blog\/wp-json\/wp\/v2\/users\/1"}],"replies":[{"embeddable":true,"href":"https:\/\/www.thorsten-schneider.com\/blog\/wp-json\/wp\/v2\/comments?post=5199"}],"version-history":[{"count":2,"href":"https:\/\/www.thorsten-schneider.com\/blog\/wp-json\/wp\/v2\/pages\/5199\/revisions"}],"predecessor-version":[{"id":5224,"href":"https:\/\/www.thorsten-schneider.com\/blog\/wp-json\/wp\/v2\/pages\/5199\/revisions\/5224"}],"wp:attachment":[{"href":"https:\/\/www.thorsten-schneider.com\/blog\/wp-json\/wp\/v2\/media?parent=5199"}],"curies":[{"name":"wp","href":"https:\/\/api.w.org\/{rel}","templated":true}]}}