{"id":517,"date":"2022-06-24T16:26:39","date_gmt":"2022-06-24T14:26:39","guid":{"rendered":"http:\/\/www.thorsten-schneider.com\/blog\/?page_id=517"},"modified":"2024-11-28T14:48:58","modified_gmt":"2024-11-28T13:48:58","slug":"sailboat-gulfibia","status":"publish","type":"page","link":"https:\/\/www.thorsten-schneider.com\/blog\/sailboat-gulfibia\/","title":{"rendered":"Sailboat Gulfibia"},"content":{"rendered":"\n<figure class=\"wp-block-image size-large\"><img loading=\"lazy\" decoding=\"async\" width=\"1024\" height=\"768\" src=\"https:\/\/www.thorsten-schneider.com\/blog\/wp-content\/uploads\/2024\/11\/sailboat_gulfibia-1024x768.jpeg\" alt=\"\" class=\"wp-image-3682\" srcset=\"https:\/\/www.thorsten-schneider.com\/blog\/wp-content\/uploads\/2024\/11\/sailboat_gulfibia-1024x768.jpeg 1024w, https:\/\/www.thorsten-schneider.com\/blog\/wp-content\/uploads\/2024\/11\/sailboat_gulfibia-300x225.jpeg 300w, https:\/\/www.thorsten-schneider.com\/blog\/wp-content\/uploads\/2024\/11\/sailboat_gulfibia-768x576.jpeg 768w, https:\/\/www.thorsten-schneider.com\/blog\/wp-content\/uploads\/2024\/11\/sailboat_gulfibia-1536x1152.jpeg 1536w, https:\/\/www.thorsten-schneider.com\/blog\/wp-content\/uploads\/2024\/11\/sailboat_gulfibia.jpeg 1600w\" sizes=\"auto, (max-width: 767px) 89vw, (max-width: 1000px) 54vw, (max-width: 1071px) 543px, 580px\" \/><\/figure>\n\n\n\n<figure class=\"wp-block-table is-style-stripes\"><table><tbody><tr><td>Inspiration<\/td><td>&#8211;<\/td><\/tr><tr><td>Basis<\/td><td>Vostok Komandirskie 350XXX<\/td><\/tr><tr><td>Geh\u00e4use<\/td><td>350 Edelstahl mattiert<\/td><\/tr><tr><td>Geh\u00e4useboden<\/td><td><strong>Antarktika Edelstahl<\/strong><\/td><\/tr><tr><td><\/td><td><\/td><\/tr><tr><td>Zifferblatt<\/td><td>Amphibia 615 wei\u00df &#8222;Sailboat&#8220;<\/td><\/tr><tr><td>Werk<\/td><td>Vostok 2416B Automatik<\/td><\/tr><tr><td>Werkhaltering<\/td><td><strong>Edelstahl<\/strong><\/td><\/tr><tr><td>Armierungsring<\/td><td>Edelstahl<strong> orange lackiert<\/strong><\/td><\/tr><tr><td>Datumsscheibe<\/td><td>wei\u00df<\/td><\/tr><tr><td>Stundenzeiger<\/td><td><strong>VW24 New Paddle, Lume hellblau lackiert<\/strong><\/td><\/tr><tr><td>Minutenzeiger<\/td><td><strong>VW24 New Paddle, Lume hellblau lackiert<\/strong><\/td><\/tr><tr><td>Sekundenzeiger<\/td><td><strong>VW24 orange<\/strong><\/td><\/tr><tr><td>Krone<\/td><td>Edelstahl mattiert <strong>mit 2 Nuten<\/strong><\/td><\/tr><tr><td>L\u00fcnette<\/td><td><strong>Amphibia 120 Edelstahl mattiert &amp; entlackt<\/strong><\/td><\/tr><tr><td>L\u00fcnetteninlay<\/td><td>&#8211;<\/td><\/tr><tr><td><\/td><td><\/td><\/tr><tr><td>Nato<\/td><td><strong>2-Piece Gulf Racing mit Edelstahl-Dornschlie\u00dfe<\/strong><\/td><\/tr><tr><td>Stahlband<\/td><td>Edelstahl massiv, mattiert, mit angefasten Gliedern und Faltschlie\u00dfe<\/td><\/tr><\/tbody><\/table><figcaption class=\"wp-element-caption\">Alle von mir durchgef\u00fchrten \u00c4nderungen zum Serienmodell und das auf dem Foto abgebildete Band sind <strong>fett<\/strong> markiert.<\/figcaption><\/figure>\n\n\n\n<p><a href=\"https:\/\/www.thorsten-schneider.com\/blog\/white-walkers\/\" data-type=\"page\" data-id=\"1190\">zur\u00fcck zur Auswahl &gt;<\/a><\/p>\n","protected":false},"excerpt":{"rendered":"<p>Inspiration &#8211; Basis Vostok Komandirskie 350XXX Geh\u00e4use 350 Edelstahl mattiert Geh\u00e4useboden Antarktika Edelstahl Zifferblatt Amphibia 615 wei\u00df &#8222;Sailboat&#8220; Werk Vostok 2416B Automatik Werkhaltering Edelstahl Armierungsring Edelstahl orange lackiert Datumsscheibe wei\u00df Stundenzeiger VW24 New Paddle, Lume hellblau lackiert Minutenzeiger VW24 New Paddle, Lume hellblau lackiert Sekundenzeiger VW24 orange Krone Edelstahl mattiert mit 2 Nuten L\u00fcnette Amphibia &hellip; <\/p>\n<p class=\"link-more\"><a href=\"https:\/\/www.thorsten-schneider.com\/blog\/sailboat-gulfibia\/\" class=\"more-link\"><span class=\"screen-reader-text\">\u201eSailboat Gulfibia\u201c <\/span>weiterlesen<\/a><\/p>\n","protected":false},"author":1,"featured_media":0,"parent":0,"menu_order":0,"comment_status":"closed","ping_status":"closed","template":"","meta":{"footnotes":""},"class_list":["post-517","page","type-page","status-publish","hentry"],"_links":{"self":[{"href":"https:\/\/www.thorsten-schneider.com\/blog\/wp-json\/wp\/v2\/pages\/517","targetHints":{"allow":["GET"]}}],"collection":[{"href":"https:\/\/www.thorsten-schneider.com\/blog\/wp-json\/wp\/v2\/pages"}],"about":[{"href":"https:\/\/www.thorsten-schneider.com\/blog\/wp-json\/wp\/v2\/types\/page"}],"author":[{"embeddable":true,"href":"https:\/\/www.thorsten-schneider.com\/blog\/wp-json\/wp\/v2\/users\/1"}],"replies":[{"embeddable":true,"href":"https:\/\/www.thorsten-schneider.com\/blog\/wp-json\/wp\/v2\/comments?post=517"}],"version-history":[{"count":11,"href":"https:\/\/www.thorsten-schneider.com\/blog\/wp-json\/wp\/v2\/pages\/517\/revisions"}],"predecessor-version":[{"id":3696,"href":"https:\/\/www.thorsten-schneider.com\/blog\/wp-json\/wp\/v2\/pages\/517\/revisions\/3696"}],"wp:attachment":[{"href":"https:\/\/www.thorsten-schneider.com\/blog\/wp-json\/wp\/v2\/media?parent=517"}],"curies":[{"name":"wp","href":"https:\/\/api.w.org\/{rel}","templated":true}]}}