{"id":5156,"date":"2026-03-18T12:12:25","date_gmt":"2026-03-18T11:12:25","guid":{"rendered":"https:\/\/www.thorsten-schneider.com\/blog\/?page_id=5156"},"modified":"2026-03-18T12:14:05","modified_gmt":"2026-03-18T11:14:05","slug":"1-lightgrey-fieldwatch","status":"publish","type":"page","link":"https:\/\/www.thorsten-schneider.com\/blog\/1-lightgrey-fieldwatch\/","title":{"rendered":"1 &#8211; LightGrey Fieldwatch"},"content":{"rendered":"\n<figure class=\"wp-block-image size-large\"><img loading=\"lazy\" decoding=\"async\" width=\"1024\" height=\"768\" src=\"https:\/\/www.thorsten-schneider.com\/blog\/wp-content\/uploads\/2026\/03\/lightgrey_fieldwatch-1024x768.jpeg\" alt=\"\" class=\"wp-image-5135\" srcset=\"https:\/\/www.thorsten-schneider.com\/blog\/wp-content\/uploads\/2026\/03\/lightgrey_fieldwatch-1024x768.jpeg 1024w, https:\/\/www.thorsten-schneider.com\/blog\/wp-content\/uploads\/2026\/03\/lightgrey_fieldwatch-300x225.jpeg 300w, https:\/\/www.thorsten-schneider.com\/blog\/wp-content\/uploads\/2026\/03\/lightgrey_fieldwatch-768x576.jpeg 768w, https:\/\/www.thorsten-schneider.com\/blog\/wp-content\/uploads\/2026\/03\/lightgrey_fieldwatch-1536x1152.jpeg 1536w, https:\/\/www.thorsten-schneider.com\/blog\/wp-content\/uploads\/2026\/03\/lightgrey_fieldwatch.jpeg 1600w\" sizes=\"auto, (max-width: 767px) 89vw, (max-width: 1000px) 54vw, (max-width: 1071px) 543px, 580px\" \/><\/figure>\n\n\n\n<figure class=\"wp-block-table is-style-stripes\"><table><tbody><tr><td>Inspiration<\/td><td>&#8211;<\/td><\/tr><tr><td>Basis<\/td><td>Tandorio Fieldwatch 38mm<\/td><\/tr><tr><td>Geh\u00e4use<\/td><td>Tandorio Fieldwatch Edelstahl mattiert 38mm<\/td><\/tr><tr><td>Geh\u00e4useboden<\/td><td>Edelstahl mattiert<\/td><\/tr><tr><td><\/td><td><\/td><\/tr><tr><td>Zifferblatt<\/td><td><strong>Secodhandmods hellgrau mit wei\u00dfen Indizes (28,5mm)<\/strong><\/td><\/tr><tr><td>Werk<\/td><td>Seiko NH35<\/td><\/tr><tr><td>Datumsscheibe<\/td><td>wei\u00df<\/td><\/tr><tr><td>Stundenzeiger<\/td><td><strong><strong>Pilot wei\u00df<\/strong><\/strong><\/td><\/tr><tr><td>Minutenzeiger<\/td><td><strong><strong><strong><strong><strong><strong>Pilot wei\u00df<\/strong><\/strong><\/strong><\/strong><\/strong><\/strong><\/td><\/tr><tr><td>Sekundenzeiger<\/td><td><strong>orange mit wei\u00dfem Lume<\/strong><\/td><\/tr><tr><td>Krone<\/td><td>Edelstahl mattiert<\/td><\/tr><tr><td>L\u00fcnette<\/td><td>Edelstahl mattiert<\/td><\/tr><tr><td>L\u00fcnetteninlay<\/td><td>&#8211;<\/td><\/tr><tr><td><\/td><td><\/td><\/tr><tr><td>Paratrooper<\/td><td><strong>2-Piece hellgrau mit orangefarbenem Streifen und Edelstahl-Dornschlie\u00dfe<\/strong><\/td><\/tr><tr><td>Canvas<\/td><td>orange mit Edelstahl-Dornschlie\u00dfe<\/td><\/tr><tr><td>Tropic<\/td><td>orange mit Edelstahl-Dornschlie\u00dfe<\/td><\/tr><\/tbody><\/table><figcaption class=\"wp-element-caption\">Alle von mir durchgef\u00fchrten \u00c4nderungen zum Serienmodell und das auf dem Foto abgebildete Band sind <strong>fett<\/strong> markiert.<\/figcaption><\/figure>\n\n\n\n<p><a href=\"https:\/\/www.thorsten-schneider.com\/blog\/asian-mod-cooperative\/\" data-type=\"page\" data-id=\"2748\">zur\u00fcck zur Auswahl &gt;<\/a><\/p>\n","protected":false},"excerpt":{"rendered":"<p>Inspiration &#8211; Basis Tandorio Fieldwatch 38mm Geh\u00e4use Tandorio Fieldwatch Edelstahl mattiert 38mm Geh\u00e4useboden Edelstahl mattiert Zifferblatt Secodhandmods hellgrau mit wei\u00dfen Indizes (28,5mm) Werk Seiko NH35 Datumsscheibe wei\u00df Stundenzeiger Pilot wei\u00df Minutenzeiger Pilot wei\u00df Sekundenzeiger orange mit wei\u00dfem Lume Krone Edelstahl mattiert L\u00fcnette Edelstahl mattiert L\u00fcnetteninlay &#8211; Paratrooper 2-Piece hellgrau mit orangefarbenem Streifen und Edelstahl-Dornschlie\u00dfe Canvas &hellip; <\/p>\n<p class=\"link-more\"><a href=\"https:\/\/www.thorsten-schneider.com\/blog\/1-lightgrey-fieldwatch\/\" class=\"more-link\"><span class=\"screen-reader-text\">\u201e1 &#8211; LightGrey Fieldwatch\u201c <\/span>weiterlesen<\/a><\/p>\n","protected":false},"author":1,"featured_media":0,"parent":0,"menu_order":0,"comment_status":"closed","ping_status":"closed","template":"","meta":{"footnotes":""},"class_list":["post-5156","page","type-page","status-publish","hentry"],"_links":{"self":[{"href":"https:\/\/www.thorsten-schneider.com\/blog\/wp-json\/wp\/v2\/pages\/5156","targetHints":{"allow":["GET"]}}],"collection":[{"href":"https:\/\/www.thorsten-schneider.com\/blog\/wp-json\/wp\/v2\/pages"}],"about":[{"href":"https:\/\/www.thorsten-schneider.com\/blog\/wp-json\/wp\/v2\/types\/page"}],"author":[{"embeddable":true,"href":"https:\/\/www.thorsten-schneider.com\/blog\/wp-json\/wp\/v2\/users\/1"}],"replies":[{"embeddable":true,"href":"https:\/\/www.thorsten-schneider.com\/blog\/wp-json\/wp\/v2\/comments?post=5156"}],"version-history":[{"count":3,"href":"https:\/\/www.thorsten-schneider.com\/blog\/wp-json\/wp\/v2\/pages\/5156\/revisions"}],"predecessor-version":[{"id":5159,"href":"https:\/\/www.thorsten-schneider.com\/blog\/wp-json\/wp\/v2\/pages\/5156\/revisions\/5159"}],"wp:attachment":[{"href":"https:\/\/www.thorsten-schneider.com\/blog\/wp-json\/wp\/v2\/media?parent=5156"}],"curies":[{"name":"wp","href":"https:\/\/api.w.org\/{rel}","templated":true}]}}