{"id":512,"date":"2022-09-02T13:18:00","date_gmt":"2022-09-02T11:18:00","guid":{"rendered":"http:\/\/www.thorsten-schneider.com\/blog\/?page_id=512"},"modified":"2023-03-31T12:37:50","modified_gmt":"2023-03-31T10:37:50","slug":"planet-vostok-blackolive","status":"publish","type":"page","link":"https:\/\/www.thorsten-schneider.com\/blog\/planet-vostok-blackolive\/","title":{"rendered":"Planet Vostok BlackOlive"},"content":{"rendered":"\n<figure class=\"wp-block-image size-large\"><img loading=\"lazy\" decoding=\"async\" width=\"1024\" height=\"768\" src=\"https:\/\/www.thorsten-schneider.com\/blog\/wp-content\/uploads\/2022\/09\/planet_vostok_blackolive_1-1024x768.jpg\" alt=\"\" class=\"wp-image-1128\" srcset=\"https:\/\/www.thorsten-schneider.com\/blog\/wp-content\/uploads\/2022\/09\/planet_vostok_blackolive_1-1024x768.jpg 1024w, https:\/\/www.thorsten-schneider.com\/blog\/wp-content\/uploads\/2022\/09\/planet_vostok_blackolive_1-300x225.jpg 300w, https:\/\/www.thorsten-schneider.com\/blog\/wp-content\/uploads\/2022\/09\/planet_vostok_blackolive_1-768x576.jpg 768w, https:\/\/www.thorsten-schneider.com\/blog\/wp-content\/uploads\/2022\/09\/planet_vostok_blackolive_1-1536x1152.jpg 1536w, https:\/\/www.thorsten-schneider.com\/blog\/wp-content\/uploads\/2022\/09\/planet_vostok_blackolive_1.jpg 1600w\" sizes=\"auto, (max-width: 767px) 89vw, (max-width: 1000px) 54vw, (max-width: 1071px) 543px, 580px\" \/><\/figure>\n\n\n\n<figure class=\"wp-block-image size-large\"><img loading=\"lazy\" decoding=\"async\" width=\"1024\" height=\"768\" src=\"https:\/\/www.thorsten-schneider.com\/blog\/wp-content\/uploads\/2022\/09\/planet_vostok_blackolive_2-1024x768.jpeg\" alt=\"\" class=\"wp-image-1679\" srcset=\"https:\/\/www.thorsten-schneider.com\/blog\/wp-content\/uploads\/2022\/09\/planet_vostok_blackolive_2-1024x768.jpeg 1024w, https:\/\/www.thorsten-schneider.com\/blog\/wp-content\/uploads\/2022\/09\/planet_vostok_blackolive_2-300x225.jpeg 300w, https:\/\/www.thorsten-schneider.com\/blog\/wp-content\/uploads\/2022\/09\/planet_vostok_blackolive_2-768x576.jpeg 768w, https:\/\/www.thorsten-schneider.com\/blog\/wp-content\/uploads\/2022\/09\/planet_vostok_blackolive_2-1536x1152.jpeg 1536w, https:\/\/www.thorsten-schneider.com\/blog\/wp-content\/uploads\/2022\/09\/planet_vostok_blackolive_2.jpeg 1600w\" sizes=\"auto, (max-width: 767px) 89vw, (max-width: 1000px) 54vw, (max-width: 1071px) 543px, 580px\" \/><\/figure>\n\n\n\n<figure class=\"wp-block-table is-style-stripes\"><table><tbody><tr><td>Inspiration<\/td><td>Omega Seamaster Planet Ocean<\/td><\/tr><tr><td>Basis<\/td><td>Vostok Komandirskie 020XXX<\/td><\/tr><tr><td>Geh\u00e4use<\/td><td>020 Edelstahl mattiert<\/td><\/tr><tr><td>Geh\u00e4useboden<\/td><td>Albatros Edelstahl<\/td><\/tr><tr><td><\/td><td><\/td><\/tr><tr><td>Zifferblatt<\/td><td>A<strong>mphibia 344 schwarz<\/strong><\/td><\/tr><tr><td>Werk<\/td><td>Vostok 2416B Automatik<\/td><\/tr><tr><td>Werkhaltering<\/td><td><strong>Edelstahl<\/strong><\/td><\/tr><tr><td>Armierungsring<\/td><td>Edelstahl poliert<\/td><\/tr><tr><td>Datumsscheibe<\/td><td><strong>schwarz<\/strong><\/td><\/tr><tr><td>Stundenzeiger<\/td><td><strong>Komandirskie.com Pfeilzeiger silber<\/strong><\/td><\/tr><tr><td>Minutenzeiger<\/td><td>Komandirskie silber<\/td><\/tr><tr><td>Sekundenzeiger<\/td><td><strong>One Second Closer Aurora orange<\/strong><\/td><\/tr><tr><td>Krone<\/td><td>Edelstahl mattiert<\/td><\/tr><tr><td>L\u00fcnette<\/td><td><strong>Komandirskie.com T1-10 Edelstahl<\/strong><\/td><\/tr><tr><td>L\u00fcnetteninlay<\/td><td><strong>Submariner olive<\/strong><\/td><\/tr><tr><td><\/td><td><\/td><\/tr><tr><td>Single Pass Strap<\/td><td><strong>beige mit wei\u00dfem Streifen und Edelstahl-Dornschlie\u00dfe<\/strong><\/td><\/tr><tr><td>Tropic<\/td><td><strong>orange mit Edelstahl-Dornschlie\u00dfe<\/strong><\/td><\/tr><tr><td>Paratrooper<\/td><td>hellgrau mit orangefarbenem Streifen und Edelstahl-Dornschlie\u00dfe<\/td><\/tr><tr><td>Stahl<\/td><td>Edelstahl massiv mattiert mit angefasten Gliedern und Butterfly-Faltschlie\u00dfe<\/td><\/tr><\/tbody><\/table><figcaption class=\"wp-element-caption\">Alle von mir durchgef\u00fchrten \u00c4nderungen zum Serienmodell und die auf den Fotos abgebildeten B\u00e4nder sind <strong>fett<\/strong> markiert.<\/figcaption><\/figure>\n\n\n\n<p><a href=\"https:\/\/www.thorsten-schneider.com\/blog\/black-dial-society\/\" data-type=\"page\" data-id=\"185\">zur\u00fcck zur Auswahl &gt;<\/a><\/p>\n","protected":false},"excerpt":{"rendered":"<p>Inspiration Omega Seamaster Planet Ocean Basis Vostok Komandirskie 020XXX Geh\u00e4use 020 Edelstahl mattiert Geh\u00e4useboden Albatros Edelstahl Zifferblatt Amphibia 344 schwarz Werk Vostok 2416B Automatik Werkhaltering Edelstahl Armierungsring Edelstahl poliert Datumsscheibe schwarz Stundenzeiger Komandirskie.com Pfeilzeiger silber Minutenzeiger Komandirskie silber Sekundenzeiger One Second Closer Aurora orange Krone Edelstahl mattiert L\u00fcnette Komandirskie.com T1-10 Edelstahl L\u00fcnetteninlay Submariner olive Single &hellip; <\/p>\n<p class=\"link-more\"><a href=\"https:\/\/www.thorsten-schneider.com\/blog\/planet-vostok-blackolive\/\" class=\"more-link\"><span class=\"screen-reader-text\">\u201ePlanet Vostok BlackOlive\u201c <\/span>weiterlesen<\/a><\/p>\n","protected":false},"author":1,"featured_media":0,"parent":0,"menu_order":0,"comment_status":"closed","ping_status":"closed","template":"","meta":{"footnotes":""},"class_list":["post-512","page","type-page","status-publish","hentry"],"_links":{"self":[{"href":"https:\/\/www.thorsten-schneider.com\/blog\/wp-json\/wp\/v2\/pages\/512","targetHints":{"allow":["GET"]}}],"collection":[{"href":"https:\/\/www.thorsten-schneider.com\/blog\/wp-json\/wp\/v2\/pages"}],"about":[{"href":"https:\/\/www.thorsten-schneider.com\/blog\/wp-json\/wp\/v2\/types\/page"}],"author":[{"embeddable":true,"href":"https:\/\/www.thorsten-schneider.com\/blog\/wp-json\/wp\/v2\/users\/1"}],"replies":[{"embeddable":true,"href":"https:\/\/www.thorsten-schneider.com\/blog\/wp-json\/wp\/v2\/comments?post=512"}],"version-history":[{"count":14,"href":"https:\/\/www.thorsten-schneider.com\/blog\/wp-json\/wp\/v2\/pages\/512\/revisions"}],"predecessor-version":[{"id":2212,"href":"https:\/\/www.thorsten-schneider.com\/blog\/wp-json\/wp\/v2\/pages\/512\/revisions\/2212"}],"wp:attachment":[{"href":"https:\/\/www.thorsten-schneider.com\/blog\/wp-json\/wp\/v2\/media?parent=512"}],"curies":[{"name":"wp","href":"https:\/\/api.w.org\/{rel}","templated":true}]}}