{"id":5085,"date":"2026-03-10T10:46:21","date_gmt":"2026-03-10T09:46:21","guid":{"rendered":"https:\/\/www.thorsten-schneider.com\/blog\/?page_id=5085"},"modified":"2026-03-26T09:39:59","modified_gmt":"2026-03-26T08:39:59","slug":"1-ux-light-blue-mod","status":"publish","type":"page","link":"https:\/\/www.thorsten-schneider.com\/blog\/1-ux-light-blue-mod\/","title":{"rendered":"1 &#8211; UX Light Blue Mod"},"content":{"rendered":"\n<figure class=\"wp-block-image size-large\"><img loading=\"lazy\" decoding=\"async\" width=\"1024\" height=\"768\" src=\"https:\/\/www.thorsten-schneider.com\/blog\/wp-content\/uploads\/2026\/03\/ux_lightblue_mod_steel-1024x768.jpeg\" alt=\"\" class=\"wp-image-5215\" srcset=\"https:\/\/www.thorsten-schneider.com\/blog\/wp-content\/uploads\/2026\/03\/ux_lightblue_mod_steel-1024x768.jpeg 1024w, https:\/\/www.thorsten-schneider.com\/blog\/wp-content\/uploads\/2026\/03\/ux_lightblue_mod_steel-300x225.jpeg 300w, https:\/\/www.thorsten-schneider.com\/blog\/wp-content\/uploads\/2026\/03\/ux_lightblue_mod_steel-768x576.jpeg 768w, https:\/\/www.thorsten-schneider.com\/blog\/wp-content\/uploads\/2026\/03\/ux_lightblue_mod_steel-1536x1152.jpeg 1536w, https:\/\/www.thorsten-schneider.com\/blog\/wp-content\/uploads\/2026\/03\/ux_lightblue_mod_steel.jpeg 1600w\" sizes=\"auto, (max-width: 767px) 89vw, (max-width: 1000px) 54vw, (max-width: 1071px) 543px, 580px\" \/><\/figure>\n\n\n\n<figure class=\"wp-block-image size-large\"><img loading=\"lazy\" decoding=\"async\" width=\"1024\" height=\"768\" src=\"https:\/\/www.thorsten-schneider.com\/blog\/wp-content\/uploads\/2026\/03\/ux_lightblue-1024x768.jpeg\" alt=\"\" class=\"wp-image-5098\" srcset=\"https:\/\/www.thorsten-schneider.com\/blog\/wp-content\/uploads\/2026\/03\/ux_lightblue-1024x768.jpeg 1024w, https:\/\/www.thorsten-schneider.com\/blog\/wp-content\/uploads\/2026\/03\/ux_lightblue-300x225.jpeg 300w, https:\/\/www.thorsten-schneider.com\/blog\/wp-content\/uploads\/2026\/03\/ux_lightblue-768x576.jpeg 768w, https:\/\/www.thorsten-schneider.com\/blog\/wp-content\/uploads\/2026\/03\/ux_lightblue-1536x1152.jpeg 1536w, https:\/\/www.thorsten-schneider.com\/blog\/wp-content\/uploads\/2026\/03\/ux_lightblue.jpeg 1600w\" sizes=\"auto, (max-width: 767px) 89vw, (max-width: 1000px) 54vw, (max-width: 1071px) 543px, 580px\" \/><\/figure>\n\n\n\n<figure class=\"wp-block-table is-style-stripes\"><table><tbody><tr><td>Inspiration<\/td><td>Sinn UX<\/td><\/tr><tr><td>Basis<\/td><td>Seiko-SEA-Stil Edelstahl Edelstahl 42mm<\/td><\/tr><tr><td>Geh\u00e4use<\/td><td>Seiko-SEA-Stil Edelstahl Edelstahl teilmattiert 42mm<\/td><\/tr><tr><td>Geh\u00e4useboden<\/td><td>Glasboden<\/td><\/tr><tr><td><\/td><td><\/td><\/tr><tr><td>Zifferblatt<\/td><td><strong><strong>Secondhandmods hellblau mit wei\u00dfen Indizes (28,5mm)<\/strong><\/strong><\/td><\/tr><tr><td>Werk<\/td><td>Seiko NH35<\/td><\/tr><tr><td>Datumsscheibe<\/td><td>wei\u00df<\/td><\/tr><tr><td>Stundenzeiger<\/td><td><strong><strong>Pilot wei\u00df<\/strong><\/strong><\/td><\/tr><tr><td>Minutenzeiger<\/td><td><strong><strong><strong><strong>Pilot wei\u00df<\/strong><\/strong><\/strong><\/strong><\/td><\/tr><tr><td>Sekundenzeiger<\/td><td><strong>wei\u00df mit roter Spitze<\/strong><\/td><\/tr><tr><td>Krone<\/td><td>Edelstahl poliert<\/td><\/tr><tr><td>L\u00fcnette<\/td><td>Edelstahl poliert<\/td><\/tr><tr><td>L\u00fcnetteninlay<\/td><td>Edelstahl mattiert <strong>mit hellblau lackierten Indizes<\/strong><\/td><\/tr><tr><td><\/td><td><\/td><\/tr><tr><td>Edelstahl<\/td><td><strong>massiv mattiert mit Edelstahl-Faltschlie\u00dfe<\/strong><\/td><\/tr><tr><td>Wildleder<\/td><td><strong>grau mit Edelstahl-Dornschlie\u00dfe<\/strong><\/td><\/tr><tr><td>Leder<\/td><td>grau mit Edelstahl-Dornschlie\u00dfe<\/td><\/tr><tr><td>Canvas<\/td><td>grau mit Edelstahl-Dornschlie\u00dfe<\/td><\/tr><\/tbody><\/table><figcaption class=\"wp-element-caption\">Alle von mir durchgef\u00fchrten \u00c4nderungen zum Serienmodell und den auf den Fotos abgebildeten B\u00e4ndern sind <strong>fett<\/strong> markiert.<\/figcaption><\/figure>\n\n\n\n<p><a href=\"https:\/\/www.thorsten-schneider.com\/blog\/asian-mod-cooperative\/\" data-type=\"page\" data-id=\"2748\">zur\u00fcck zur Auswahl &gt;<\/a><\/p>\n","protected":false},"excerpt":{"rendered":"<p>Inspiration Sinn UX Basis Seiko-SEA-Stil Edelstahl Edelstahl 42mm Geh\u00e4use Seiko-SEA-Stil Edelstahl Edelstahl teilmattiert 42mm Geh\u00e4useboden Glasboden Zifferblatt Secondhandmods hellblau mit wei\u00dfen Indizes (28,5mm) Werk Seiko NH35 Datumsscheibe wei\u00df Stundenzeiger Pilot wei\u00df Minutenzeiger Pilot wei\u00df Sekundenzeiger wei\u00df mit roter Spitze Krone Edelstahl poliert L\u00fcnette Edelstahl poliert L\u00fcnetteninlay Edelstahl mattiert mit hellblau lackierten Indizes Edelstahl massiv mattiert &hellip; <\/p>\n<p class=\"link-more\"><a href=\"https:\/\/www.thorsten-schneider.com\/blog\/1-ux-light-blue-mod\/\" class=\"more-link\"><span class=\"screen-reader-text\">\u201e1 &#8211; UX Light Blue Mod\u201c <\/span>weiterlesen<\/a><\/p>\n","protected":false},"author":1,"featured_media":0,"parent":0,"menu_order":0,"comment_status":"closed","ping_status":"closed","template":"","meta":{"footnotes":""},"class_list":["post-5085","page","type-page","status-publish","hentry"],"_links":{"self":[{"href":"https:\/\/www.thorsten-schneider.com\/blog\/wp-json\/wp\/v2\/pages\/5085","targetHints":{"allow":["GET"]}}],"collection":[{"href":"https:\/\/www.thorsten-schneider.com\/blog\/wp-json\/wp\/v2\/pages"}],"about":[{"href":"https:\/\/www.thorsten-schneider.com\/blog\/wp-json\/wp\/v2\/types\/page"}],"author":[{"embeddable":true,"href":"https:\/\/www.thorsten-schneider.com\/blog\/wp-json\/wp\/v2\/users\/1"}],"replies":[{"embeddable":true,"href":"https:\/\/www.thorsten-schneider.com\/blog\/wp-json\/wp\/v2\/comments?post=5085"}],"version-history":[{"count":5,"href":"https:\/\/www.thorsten-schneider.com\/blog\/wp-json\/wp\/v2\/pages\/5085\/revisions"}],"predecessor-version":[{"id":5230,"href":"https:\/\/www.thorsten-schneider.com\/blog\/wp-json\/wp\/v2\/pages\/5085\/revisions\/5230"}],"wp:attachment":[{"href":"https:\/\/www.thorsten-schneider.com\/blog\/wp-json\/wp\/v2\/media?parent=5085"}],"curies":[{"name":"wp","href":"https:\/\/api.w.org\/{rel}","templated":true}]}}