{"id":4964,"date":"2026-01-26T11:56:27","date_gmt":"2026-01-26T10:56:27","guid":{"rendered":"https:\/\/www.thorsten-schneider.com\/blog\/?page_id=4964"},"modified":"2026-03-18T12:08:22","modified_gmt":"2026-03-18T11:08:22","slug":"1-neolux-titanium-mod","status":"publish","type":"page","link":"https:\/\/www.thorsten-schneider.com\/blog\/1-neolux-titanium-mod\/","title":{"rendered":"1 &#8211; TealBlack Pilot"},"content":{"rendered":"\n<figure class=\"wp-block-image size-large\"><img loading=\"lazy\" decoding=\"async\" width=\"1024\" height=\"768\" src=\"https:\/\/www.thorsten-schneider.com\/blog\/wp-content\/uploads\/2026\/03\/tealblack_pilot-1024x768.jpeg\" alt=\"\" class=\"wp-image-5139\" srcset=\"https:\/\/www.thorsten-schneider.com\/blog\/wp-content\/uploads\/2026\/03\/tealblack_pilot-1024x768.jpeg 1024w, https:\/\/www.thorsten-schneider.com\/blog\/wp-content\/uploads\/2026\/03\/tealblack_pilot-300x225.jpeg 300w, https:\/\/www.thorsten-schneider.com\/blog\/wp-content\/uploads\/2026\/03\/tealblack_pilot-768x576.jpeg 768w, https:\/\/www.thorsten-schneider.com\/blog\/wp-content\/uploads\/2026\/03\/tealblack_pilot-1536x1152.jpeg 1536w, https:\/\/www.thorsten-schneider.com\/blog\/wp-content\/uploads\/2026\/03\/tealblack_pilot.jpeg 1600w\" sizes=\"auto, (max-width: 767px) 89vw, (max-width: 1000px) 54vw, (max-width: 1071px) 543px, 580px\" \/><\/figure>\n\n\n\n<figure class=\"wp-block-table is-style-stripes\"><table><tbody><tr><td>Inspiration<\/td><td>Lilienthal Neolux petrol \/ Sternglas Naos Bronze<\/td><\/tr><tr><td>Basis<\/td><td>Tandorio Pilot Titan 39mm<\/td><\/tr><tr><td>Geh\u00e4use<\/td><td>Tandorio Titan matt gestrahlt 39mm<\/td><\/tr><tr><td>Geh\u00e4useboden<\/td><td>Titan matt gestrahlt<\/td><\/tr><tr><td><\/td><td><\/td><\/tr><tr><td>Zifferblatt<\/td><td><strong>Secodhandmods petrol mit wei\u00dfen Indizes (28,5mm) und separatem schwarzen Rehaut<\/strong><\/td><\/tr><tr><td>Werk<\/td><td>Seiko NH35<\/td><\/tr><tr><td>Datumsscheibe<\/td><td>wei\u00df<\/td><\/tr><tr><td>Stundenzeiger<\/td><td><strong><strong>Pilot schwarz-wei\u00df<\/strong><\/strong><\/td><\/tr><tr><td>Minutenzeiger<\/td><td><strong><strong><strong><strong><strong><strong>Pilot schwarz-wei\u00df<\/strong><\/strong><\/strong><\/strong><\/strong><\/strong><\/td><\/tr><tr><td>Sekundenzeiger<\/td><td><strong>Pfeilzeiger orange mit wei\u00dfem Lume<\/strong><\/td><\/tr><tr><td>Krone<\/td><td>Titan matt gestrahlt<\/td><\/tr><tr><td>L\u00fcnette<\/td><td>Titan matt gestrahlt<\/td><\/tr><tr><td>L\u00fcnetteninlay<\/td><td>&#8211;<\/td><\/tr><tr><td><\/td><td><\/td><\/tr><tr><td>Leder<\/td><td><strong>braun mit wei\u00dfer Ziernaht und Titan-Dornschlie\u00dfe<\/strong><\/td><\/tr><tr><td>Canvas<\/td><td>beige mit Titan-Dornschlie\u00dfe<\/td><\/tr><\/tbody><\/table><figcaption class=\"wp-element-caption\">Alle von mir durchgef\u00fchrten \u00c4nderungen zum Serienmodell und das auf dem Foto abgebildete Band sind <strong>fett<\/strong> markiert.<\/figcaption><\/figure>\n\n\n\n<p><a href=\"https:\/\/www.thorsten-schneider.com\/blog\/asian-mod-cooperative\/\" data-type=\"page\" data-id=\"2748\">zur\u00fcck zur Auswahl &gt;<\/a><\/p>\n","protected":false},"excerpt":{"rendered":"<p>Inspiration Lilienthal Neolux petrol \/ Sternglas Naos Bronze Basis Tandorio Pilot Titan 39mm Geh\u00e4use Tandorio Titan matt gestrahlt 39mm Geh\u00e4useboden Titan matt gestrahlt Zifferblatt Secodhandmods petrol mit wei\u00dfen Indizes (28,5mm) und separatem schwarzen Rehaut Werk Seiko NH35 Datumsscheibe wei\u00df Stundenzeiger Pilot schwarz-wei\u00df Minutenzeiger Pilot schwarz-wei\u00df Sekundenzeiger Pfeilzeiger orange mit wei\u00dfem Lume Krone Titan matt gestrahlt &hellip; <\/p>\n<p class=\"link-more\"><a href=\"https:\/\/www.thorsten-schneider.com\/blog\/1-neolux-titanium-mod\/\" class=\"more-link\"><span class=\"screen-reader-text\">\u201e1 &#8211; TealBlack Pilot\u201c <\/span>weiterlesen<\/a><\/p>\n","protected":false},"author":1,"featured_media":0,"parent":0,"menu_order":0,"comment_status":"closed","ping_status":"closed","template":"","meta":{"footnotes":""},"class_list":["post-4964","page","type-page","status-publish","hentry"],"_links":{"self":[{"href":"https:\/\/www.thorsten-schneider.com\/blog\/wp-json\/wp\/v2\/pages\/4964","targetHints":{"allow":["GET"]}}],"collection":[{"href":"https:\/\/www.thorsten-schneider.com\/blog\/wp-json\/wp\/v2\/pages"}],"about":[{"href":"https:\/\/www.thorsten-schneider.com\/blog\/wp-json\/wp\/v2\/types\/page"}],"author":[{"embeddable":true,"href":"https:\/\/www.thorsten-schneider.com\/blog\/wp-json\/wp\/v2\/users\/1"}],"replies":[{"embeddable":true,"href":"https:\/\/www.thorsten-schneider.com\/blog\/wp-json\/wp\/v2\/comments?post=4964"}],"version-history":[{"count":4,"href":"https:\/\/www.thorsten-schneider.com\/blog\/wp-json\/wp\/v2\/pages\/4964\/revisions"}],"predecessor-version":[{"id":5153,"href":"https:\/\/www.thorsten-schneider.com\/blog\/wp-json\/wp\/v2\/pages\/4964\/revisions\/5153"}],"wp:attachment":[{"href":"https:\/\/www.thorsten-schneider.com\/blog\/wp-json\/wp\/v2\/media?parent=4964"}],"curies":[{"name":"wp","href":"https:\/\/api.w.org\/{rel}","templated":true}]}}