{"id":4869,"date":"2025-12-22T10:18:59","date_gmt":"2025-12-22T09:18:59","guid":{"rendered":"https:\/\/www.thorsten-schneider.com\/blog\/?page_id=4869"},"modified":"2026-03-18T11:59:10","modified_gmt":"2026-03-18T10:59:10","slug":"1-white-black-pilot","status":"publish","type":"page","link":"https:\/\/www.thorsten-schneider.com\/blog\/1-white-black-pilot\/","title":{"rendered":"1 &#8211; White  &amp; Black Pilot"},"content":{"rendered":"\n<figure class=\"wp-block-image size-large\"><img loading=\"lazy\" decoding=\"async\" width=\"1024\" height=\"768\" src=\"https:\/\/www.thorsten-schneider.com\/blog\/wp-content\/uploads\/2026\/03\/white_black_pilot-1024x768.jpeg\" alt=\"\" class=\"wp-image-5131\" srcset=\"https:\/\/www.thorsten-schneider.com\/blog\/wp-content\/uploads\/2026\/03\/white_black_pilot-1024x768.jpeg 1024w, https:\/\/www.thorsten-schneider.com\/blog\/wp-content\/uploads\/2026\/03\/white_black_pilot-300x225.jpeg 300w, https:\/\/www.thorsten-schneider.com\/blog\/wp-content\/uploads\/2026\/03\/white_black_pilot-768x576.jpeg 768w, https:\/\/www.thorsten-schneider.com\/blog\/wp-content\/uploads\/2026\/03\/white_black_pilot-1536x1152.jpeg 1536w, https:\/\/www.thorsten-schneider.com\/blog\/wp-content\/uploads\/2026\/03\/white_black_pilot.jpeg 1600w\" sizes=\"auto, (max-width: 767px) 89vw, (max-width: 1000px) 54vw, (max-width: 1071px) 543px, 580px\" \/><\/figure>\n\n\n\n<figure class=\"wp-block-table is-style-stripes\"><table><tbody><tr><td>Inspiration<\/td><td>&#8211;<\/td><\/tr><tr><td>Basis<\/td><td>Pilot 38mm<\/td><\/tr><tr><td>Geh\u00e4use<\/td><td>Pilot Edelstahl schwarz matt\/gl\u00e4nzend PVD 38mm<\/td><\/tr><tr><td>Geh\u00e4useboden<\/td><td>Glasboden<\/td><\/tr><tr><td><\/td><td><\/td><\/tr><tr><td>Zifferblatt<\/td><td><strong><strong>Explorer-Stil wei\u00df matt mit schwarzen Ziffern (28,5mm)<\/strong><\/strong><\/td><\/tr><tr><td>Werk<\/td><td>Seiko NH35<\/td><\/tr><tr><td>Datumsscheibe<\/td><td>schwarz<\/td><\/tr><tr><td>Stundenzeiger<\/td><td><strong>Pilot dunkelgrau gl\u00e4nzend mit wei\u00dfem Lume<\/strong><\/td><\/tr><tr><td>Minutenzeiger<\/td><td><strong><strong><strong><strong>Pilot dunkelgrau <\/strong>gl\u00e4nzend mit wei\u00dfem Lume<\/strong><\/strong><\/strong><\/td><\/tr><tr><td>Sekundenzeiger<\/td><td><strong><strong><strong>dunkelgrau <\/strong>gl\u00e4nzend mit wei\u00dfem Lume<\/strong><\/strong><\/td><\/tr><tr><td>Krone<\/td><td>Edelstahl schwarz matt\/gl\u00e4nzend PVD<\/td><\/tr><tr><td>L\u00fcnette<\/td><td>Edelstahl schwarz gl\u00e4nzend PVD<\/td><\/tr><tr><td>L\u00fcnetteninlay<\/td><td>&#8211;<\/td><\/tr><tr><td><\/td><td><\/td><\/tr><tr><td>Leder<\/td><td><strong>Racing-Stil schwarz mit wei\u00dfer Ziernaht und schwarzer PVD-Dornschlie\u00dfe<\/strong><\/td><\/tr><tr><td>Paratrooper<\/td><td>schwarz mit wei\u00dfem Streifen und schwarzer PVD-Hakenschlie\u00dfe<\/td><\/tr><tr><td>Canvas<\/td><td>schwarz mit schwarzer PVD-Dornschlie\u00dfe<\/td><\/tr><\/tbody><\/table><figcaption class=\"wp-element-caption\">Alle von mir durchgef\u00fchrten \u00c4nderungen zum Serienmodell und das auf dem Foto abgebildete Band sind <strong>fett<\/strong> markiert.<\/figcaption><\/figure>\n\n\n\n<p><a href=\"https:\/\/www.thorsten-schneider.com\/blog\/asian-mod-cooperative\/\" data-type=\"page\" data-id=\"2748\">zur\u00fcck zur Auswahl &gt;<\/a><\/p>\n","protected":false},"excerpt":{"rendered":"<p>Inspiration &#8211; Basis Pilot 38mm Geh\u00e4use Pilot Edelstahl schwarz matt\/gl\u00e4nzend PVD 38mm Geh\u00e4useboden Glasboden Zifferblatt Explorer-Stil wei\u00df matt mit schwarzen Ziffern (28,5mm) Werk Seiko NH35 Datumsscheibe schwarz Stundenzeiger Pilot dunkelgrau gl\u00e4nzend mit wei\u00dfem Lume Minutenzeiger Pilot dunkelgrau gl\u00e4nzend mit wei\u00dfem Lume Sekundenzeiger dunkelgrau gl\u00e4nzend mit wei\u00dfem Lume Krone Edelstahl schwarz matt\/gl\u00e4nzend PVD L\u00fcnette Edelstahl schwarz &hellip; <\/p>\n<p class=\"link-more\"><a href=\"https:\/\/www.thorsten-schneider.com\/blog\/1-white-black-pilot\/\" class=\"more-link\"><span class=\"screen-reader-text\">\u201e1 &#8211; White  &amp; Black Pilot\u201c <\/span>weiterlesen<\/a><\/p>\n","protected":false},"author":1,"featured_media":0,"parent":0,"menu_order":0,"comment_status":"closed","ping_status":"closed","template":"","meta":{"footnotes":""},"class_list":["post-4869","page","type-page","status-publish","hentry"],"_links":{"self":[{"href":"https:\/\/www.thorsten-schneider.com\/blog\/wp-json\/wp\/v2\/pages\/4869","targetHints":{"allow":["GET"]}}],"collection":[{"href":"https:\/\/www.thorsten-schneider.com\/blog\/wp-json\/wp\/v2\/pages"}],"about":[{"href":"https:\/\/www.thorsten-schneider.com\/blog\/wp-json\/wp\/v2\/types\/page"}],"author":[{"embeddable":true,"href":"https:\/\/www.thorsten-schneider.com\/blog\/wp-json\/wp\/v2\/users\/1"}],"replies":[{"embeddable":true,"href":"https:\/\/www.thorsten-schneider.com\/blog\/wp-json\/wp\/v2\/comments?post=4869"}],"version-history":[{"count":5,"href":"https:\/\/www.thorsten-schneider.com\/blog\/wp-json\/wp\/v2\/pages\/4869\/revisions"}],"predecessor-version":[{"id":5146,"href":"https:\/\/www.thorsten-schneider.com\/blog\/wp-json\/wp\/v2\/pages\/4869\/revisions\/5146"}],"wp:attachment":[{"href":"https:\/\/www.thorsten-schneider.com\/blog\/wp-json\/wp\/v2\/media?parent=4869"}],"curies":[{"name":"wp","href":"https:\/\/api.w.org\/{rel}","templated":true}]}}