{"id":4718,"date":"2025-11-24T12:25:12","date_gmt":"2025-11-24T11:25:12","guid":{"rendered":"https:\/\/www.thorsten-schneider.com\/blog\/?page_id=4718"},"modified":"2025-12-30T17:16:37","modified_gmt":"2025-12-30T16:16:37","slug":"1-blue-bronze-diver","status":"publish","type":"page","link":"https:\/\/www.thorsten-schneider.com\/blog\/1-blue-bronze-diver\/","title":{"rendered":"1 &#8211; 62MAS Bronze Blue"},"content":{"rendered":"\n<figure class=\"wp-block-image size-large\"><img loading=\"lazy\" decoding=\"async\" width=\"1024\" height=\"768\" src=\"https:\/\/www.thorsten-schneider.com\/blog\/wp-content\/uploads\/2025\/12\/62MAS_bronze-1024x768.jpeg\" alt=\"\" class=\"wp-image-4883\" srcset=\"https:\/\/www.thorsten-schneider.com\/blog\/wp-content\/uploads\/2025\/12\/62MAS_bronze-1024x768.jpeg 1024w, https:\/\/www.thorsten-schneider.com\/blog\/wp-content\/uploads\/2025\/12\/62MAS_bronze-300x225.jpeg 300w, https:\/\/www.thorsten-schneider.com\/blog\/wp-content\/uploads\/2025\/12\/62MAS_bronze-768x576.jpeg 768w, https:\/\/www.thorsten-schneider.com\/blog\/wp-content\/uploads\/2025\/12\/62MAS_bronze-1536x1152.jpeg 1536w, https:\/\/www.thorsten-schneider.com\/blog\/wp-content\/uploads\/2025\/12\/62MAS_bronze.jpeg 1600w\" sizes=\"auto, (max-width: 767px) 89vw, (max-width: 1000px) 54vw, (max-width: 1071px) 543px, 580px\" \/><\/figure>\n\n\n\n<figure class=\"wp-block-table is-style-stripes\"><table><tbody><tr><td>Inspiration<\/td><td>Bronze Diver<\/td><\/tr><tr><td>Basis<\/td><td>62MAS-Stil Bronze 41mm<\/td><\/tr><tr><td>Geh\u00e4use<\/td><td>62MAS-Stil Bronze mattiert 41mm<\/td><\/tr><tr><td>Geh\u00e4useboden<\/td><td>Edelstahl poliert mit Welle von Kanagawa<\/td><\/tr><tr><td><\/td><td><\/td><\/tr><tr><td>Zifferblatt<\/td><td><strong>dunkelblau strukturiert mit wei\u00dfen Indizes (28,5 mm)<\/strong><\/td><\/tr><tr><td>Werk<\/td><td>Seiko NH35<\/td><\/tr><tr><td>Datumsscheibe<\/td><td>wei\u00df<\/td><\/tr><tr><td>Stundenzeiger<\/td><td><strong>Pencil gold mit wei\u00dfem Lume<\/strong><\/td><\/tr><tr><td>Minutenzeiger<\/td><td><strong><strong>Pencil gold mit wei\u00dfem Lume<\/strong><\/strong><\/td><\/tr><tr><td>Sekundenzeiger<\/td><td><strong>Pfeilzeiger <strong><strong>gold mit wei\u00dfem Lume<\/strong><\/strong><\/strong><\/td><\/tr><tr><td>Krone<\/td><td>Bronze mattiert<\/td><\/tr><tr><td>L\u00fcnette<\/td><td>Bronze mattiert<\/td><\/tr><tr><td>L\u00fcnetteninlay<\/td><td><strong>Keramik dunkelblau mit wei\u00dfen Indizes<\/strong><\/td><\/tr><tr><td><\/td><td><\/td><\/tr><tr><td>Nato<\/td><td><strong>2-Piece dunkelblau mit beigefarbenem Streifen und Bronze-Dornschlie\u00dfe<\/strong><\/td><\/tr><tr><td>Paratrooper<\/td><td>beige mit wei\u00dfem Streifen und Bronze-Hakenschlie\u00dfe<\/td><\/tr><tr><td>Leder<\/td><td>hellbraun mit wei\u00dfer Ziernaht und Bronze-Dornschlie\u00dfe<\/td><\/tr><\/tbody><\/table><figcaption class=\"wp-element-caption\">Alle von mir durchgef\u00fchrten \u00c4nderungen zum Serienmodell und das auf dem Foto abgebildeten Band ist <strong>fett<\/strong> markiert.<\/figcaption><\/figure>\n\n\n\n<p><a href=\"https:\/\/www.thorsten-schneider.com\/blog\/asian-mod-cooperative\/\" data-type=\"page\" data-id=\"2748\">zur\u00fcck zur Auswahl &gt;<\/a><\/p>\n","protected":false},"excerpt":{"rendered":"<p>Inspiration Bronze Diver Basis 62MAS-Stil Bronze 41mm Geh\u00e4use 62MAS-Stil Bronze mattiert 41mm Geh\u00e4useboden Edelstahl poliert mit Welle von Kanagawa Zifferblatt dunkelblau strukturiert mit wei\u00dfen Indizes (28,5 mm) Werk Seiko NH35 Datumsscheibe wei\u00df Stundenzeiger Pencil gold mit wei\u00dfem Lume Minutenzeiger Pencil gold mit wei\u00dfem Lume Sekundenzeiger Pfeilzeiger gold mit wei\u00dfem Lume Krone Bronze mattiert L\u00fcnette Bronze &hellip; <\/p>\n<p class=\"link-more\"><a href=\"https:\/\/www.thorsten-schneider.com\/blog\/1-blue-bronze-diver\/\" class=\"more-link\"><span class=\"screen-reader-text\">\u201e1 &#8211; 62MAS Bronze Blue\u201c <\/span>weiterlesen<\/a><\/p>\n","protected":false},"author":1,"featured_media":0,"parent":0,"menu_order":0,"comment_status":"closed","ping_status":"closed","template":"","meta":{"footnotes":""},"class_list":["post-4718","page","type-page","status-publish","hentry"],"_links":{"self":[{"href":"https:\/\/www.thorsten-schneider.com\/blog\/wp-json\/wp\/v2\/pages\/4718","targetHints":{"allow":["GET"]}}],"collection":[{"href":"https:\/\/www.thorsten-schneider.com\/blog\/wp-json\/wp\/v2\/pages"}],"about":[{"href":"https:\/\/www.thorsten-schneider.com\/blog\/wp-json\/wp\/v2\/types\/page"}],"author":[{"embeddable":true,"href":"https:\/\/www.thorsten-schneider.com\/blog\/wp-json\/wp\/v2\/users\/1"}],"replies":[{"embeddable":true,"href":"https:\/\/www.thorsten-schneider.com\/blog\/wp-json\/wp\/v2\/comments?post=4718"}],"version-history":[{"count":3,"href":"https:\/\/www.thorsten-schneider.com\/blog\/wp-json\/wp\/v2\/pages\/4718\/revisions"}],"predecessor-version":[{"id":4890,"href":"https:\/\/www.thorsten-schneider.com\/blog\/wp-json\/wp\/v2\/pages\/4718\/revisions\/4890"}],"wp:attachment":[{"href":"https:\/\/www.thorsten-schneider.com\/blog\/wp-json\/wp\/v2\/media?parent=4718"}],"curies":[{"name":"wp","href":"https:\/\/api.w.org\/{rel}","templated":true}]}}