{"id":459,"date":"2022-06-24T16:24:17","date_gmt":"2022-06-24T14:24:17","guid":{"rendered":"http:\/\/www.thorsten-schneider.com\/blog\/?page_id=459"},"modified":"2022-12-22T11:24:29","modified_gmt":"2022-12-22T10:24:29","slug":"promare-vostrum","status":"publish","type":"page","link":"https:\/\/www.thorsten-schneider.com\/blog\/promare-vostrum\/","title":{"rendered":"ProMare Vostrum"},"content":{"rendered":"\n<figure class=\"wp-block-image size-large\"><img loading=\"lazy\" decoding=\"async\" width=\"1024\" height=\"768\" src=\"https:\/\/www.thorsten-schneider.com\/blog\/wp-content\/uploads\/2022\/09\/promare_vostrum_1-1024x768.jpg\" alt=\"\" class=\"wp-image-1132\" srcset=\"https:\/\/www.thorsten-schneider.com\/blog\/wp-content\/uploads\/2022\/09\/promare_vostrum_1-1024x768.jpg 1024w, https:\/\/www.thorsten-schneider.com\/blog\/wp-content\/uploads\/2022\/09\/promare_vostrum_1-300x225.jpg 300w, https:\/\/www.thorsten-schneider.com\/blog\/wp-content\/uploads\/2022\/09\/promare_vostrum_1-768x576.jpg 768w, https:\/\/www.thorsten-schneider.com\/blog\/wp-content\/uploads\/2022\/09\/promare_vostrum_1-1536x1152.jpg 1536w, https:\/\/www.thorsten-schneider.com\/blog\/wp-content\/uploads\/2022\/09\/promare_vostrum_1.jpg 1600w\" sizes=\"auto, (max-width: 767px) 89vw, (max-width: 1000px) 54vw, (max-width: 1071px) 543px, 580px\" \/><\/figure>\n\n\n\n<figure class=\"wp-block-table is-style-stripes\"><table><tbody><tr><td>Inspiration<\/td><td>M\u00fchle Glash\u00fctte <strong>Pro Mare<\/strong><\/td><\/tr><tr><td>Basis<\/td><td>Vostok Komandirskie 020715<\/td><\/tr><tr><td>Geh\u00e4use<\/td><td>020 Edelstahl mattiert<\/td><\/tr><tr><td>Geh\u00e4useboden<\/td><td><strong>Orca Edelstahl<\/strong><\/td><\/tr><tr><td><\/td><td><\/td><\/tr><tr><td>Zifferblatt<\/td><td><strong>Amphibia 662 schwarz<\/strong><\/td><\/tr><tr><td>Werk<\/td><td>Vostok 2416B Automatik<\/td><\/tr><tr><td>Werkhaltering<\/td><td><strong>Edelstahl<\/strong><\/td><\/tr><tr><td>Armierungsring<\/td><td><strong>hellblau lackiert<\/strong><\/td><\/tr><tr><td>Datumsscheibe<\/td><td>schwarz<\/td><\/tr><tr><td>Stundenzeiger<\/td><td>Komandirskie silber<\/td><\/tr><tr><td>Minutenzeiger<\/td><td>Komandirskie silber<\/td><\/tr><tr><td>Sekundenzeiger<\/td><td>Komandirskie<strong><strong><strong> hellblau lackiert<\/strong><\/strong><\/strong><\/td><\/tr><tr><td>Krone<\/td><td>Edelstahl mattiert<\/td><\/tr><tr><td>L\u00fcnette<\/td><td><strong>Komandirskie.com T2 Edelstahl<\/strong><\/td><\/tr><tr><td>L\u00fcnetteninlay<\/td><td><strong>Komandirskie.com T2-7 teal<\/strong><\/td><\/tr><tr><td><\/td><td><\/td><\/tr><tr><td>Leder<\/td><td><strong>Vintage dunkelblau mit Edelstahl-Dornschlie\u00dfe<\/strong><\/td><\/tr><tr><td>Leder<\/td><td>Vintage dunkelbraun mit Edelstahl-Dornschlie\u00dfe<\/td><\/tr><tr><td>Canvas<\/td><td>blau mit Edelstahl-Dornschlie\u00dfe<\/td><\/tr><tr><td>Stahl<\/td><td>Edelstahl matt geb\u00fcrstet mit angefasten Gliedern und Faltschlie\u00dfe<\/td><\/tr><\/tbody><\/table><figcaption class=\"wp-element-caption\">Alle von mir durchgef\u00fchrten \u00c4nderungen zum Serienmodell und das auf dem Foto abgebildete Band sind <strong>fett<\/strong> markiert.<\/figcaption><\/figure>\n\n\n\n<p><a href=\"https:\/\/www.thorsten-schneider.com\/blog\/black-dial-society\/\" data-type=\"page\" data-id=\"185\">zur\u00fcck zur Auswahl &gt;<\/a><\/p>\n","protected":false},"excerpt":{"rendered":"<p>Inspiration M\u00fchle Glash\u00fctte Pro Mare Basis Vostok Komandirskie 020715 Geh\u00e4use 020 Edelstahl mattiert Geh\u00e4useboden Orca Edelstahl Zifferblatt Amphibia 662 schwarz Werk Vostok 2416B Automatik Werkhaltering Edelstahl Armierungsring hellblau lackiert Datumsscheibe schwarz Stundenzeiger Komandirskie silber Minutenzeiger Komandirskie silber Sekundenzeiger Komandirskie hellblau lackiert Krone Edelstahl mattiert L\u00fcnette Komandirskie.com T2 Edelstahl L\u00fcnetteninlay Komandirskie.com T2-7 teal Leder Vintage dunkelblau &hellip; <\/p>\n<p class=\"link-more\"><a href=\"https:\/\/www.thorsten-schneider.com\/blog\/promare-vostrum\/\" class=\"more-link\"><span class=\"screen-reader-text\">\u201eProMare Vostrum\u201c <\/span>weiterlesen<\/a><\/p>\n","protected":false},"author":1,"featured_media":0,"parent":0,"menu_order":0,"comment_status":"closed","ping_status":"closed","template":"","meta":{"footnotes":""},"class_list":["post-459","page","type-page","status-publish","hentry"],"_links":{"self":[{"href":"https:\/\/www.thorsten-schneider.com\/blog\/wp-json\/wp\/v2\/pages\/459","targetHints":{"allow":["GET"]}}],"collection":[{"href":"https:\/\/www.thorsten-schneider.com\/blog\/wp-json\/wp\/v2\/pages"}],"about":[{"href":"https:\/\/www.thorsten-schneider.com\/blog\/wp-json\/wp\/v2\/types\/page"}],"author":[{"embeddable":true,"href":"https:\/\/www.thorsten-schneider.com\/blog\/wp-json\/wp\/v2\/users\/1"}],"replies":[{"embeddable":true,"href":"https:\/\/www.thorsten-schneider.com\/blog\/wp-json\/wp\/v2\/comments?post=459"}],"version-history":[{"count":9,"href":"https:\/\/www.thorsten-schneider.com\/blog\/wp-json\/wp\/v2\/pages\/459\/revisions"}],"predecessor-version":[{"id":2034,"href":"https:\/\/www.thorsten-schneider.com\/blog\/wp-json\/wp\/v2\/pages\/459\/revisions\/2034"}],"wp:attachment":[{"href":"https:\/\/www.thorsten-schneider.com\/blog\/wp-json\/wp\/v2\/media?parent=459"}],"curies":[{"name":"wp","href":"https:\/\/api.w.org\/{rel}","templated":true}]}}