{"id":4501,"date":"2025-09-10T12:09:12","date_gmt":"2025-09-10T10:09:12","guid":{"rendered":"https:\/\/www.thorsten-schneider.com\/blog\/?page_id=4501"},"modified":"2025-10-10T10:32:40","modified_gmt":"2025-10-10T08:32:40","slug":"1-grey-snowflake","status":"publish","type":"page","link":"https:\/\/www.thorsten-schneider.com\/blog\/1-grey-snowflake\/","title":{"rendered":"1 &#8211; Grey Snowflake"},"content":{"rendered":"\n<figure class=\"wp-block-image size-large\"><img loading=\"lazy\" decoding=\"async\" width=\"1024\" height=\"768\" src=\"https:\/\/www.thorsten-schneider.com\/blog\/wp-content\/uploads\/2025\/09\/grey_snowflake-1024x768.jpeg\" alt=\"\" class=\"wp-image-4504\" srcset=\"https:\/\/www.thorsten-schneider.com\/blog\/wp-content\/uploads\/2025\/09\/grey_snowflake-1024x768.jpeg 1024w, https:\/\/www.thorsten-schneider.com\/blog\/wp-content\/uploads\/2025\/09\/grey_snowflake-300x225.jpeg 300w, https:\/\/www.thorsten-schneider.com\/blog\/wp-content\/uploads\/2025\/09\/grey_snowflake-768x576.jpeg 768w, https:\/\/www.thorsten-schneider.com\/blog\/wp-content\/uploads\/2025\/09\/grey_snowflake-1536x1152.jpeg 1536w, https:\/\/www.thorsten-schneider.com\/blog\/wp-content\/uploads\/2025\/09\/grey_snowflake.jpeg 1600w\" sizes=\"auto, (max-width: 767px) 89vw, (max-width: 1000px) 54vw, (max-width: 1071px) 543px, 580px\" \/><\/figure>\n\n\n\n<figure class=\"wp-block-image size-large\"><img loading=\"lazy\" decoding=\"async\" width=\"1024\" height=\"768\" src=\"https:\/\/www.thorsten-schneider.com\/blog\/wp-content\/uploads\/2025\/09\/grey_snowflake_leather-1024x768.jpeg\" alt=\"\" class=\"wp-image-4549\" srcset=\"https:\/\/www.thorsten-schneider.com\/blog\/wp-content\/uploads\/2025\/09\/grey_snowflake_leather-1024x768.jpeg 1024w, https:\/\/www.thorsten-schneider.com\/blog\/wp-content\/uploads\/2025\/09\/grey_snowflake_leather-300x225.jpeg 300w, https:\/\/www.thorsten-schneider.com\/blog\/wp-content\/uploads\/2025\/09\/grey_snowflake_leather-768x576.jpeg 768w, https:\/\/www.thorsten-schneider.com\/blog\/wp-content\/uploads\/2025\/09\/grey_snowflake_leather-1536x1152.jpeg 1536w, https:\/\/www.thorsten-schneider.com\/blog\/wp-content\/uploads\/2025\/09\/grey_snowflake_leather.jpeg 1600w\" sizes=\"auto, (max-width: 767px) 89vw, (max-width: 1000px) 54vw, (max-width: 1071px) 543px, 580px\" \/><\/figure>\n\n\n\n<figure class=\"wp-block-image size-large\"><img loading=\"lazy\" decoding=\"async\" width=\"1024\" height=\"768\" src=\"https:\/\/www.thorsten-schneider.com\/blog\/wp-content\/uploads\/2025\/10\/Grey_Snowflake_Paratrooper-1024x768.jpeg\" alt=\"\" class=\"wp-image-4603\" srcset=\"https:\/\/www.thorsten-schneider.com\/blog\/wp-content\/uploads\/2025\/10\/Grey_Snowflake_Paratrooper-1024x768.jpeg 1024w, https:\/\/www.thorsten-schneider.com\/blog\/wp-content\/uploads\/2025\/10\/Grey_Snowflake_Paratrooper-300x225.jpeg 300w, https:\/\/www.thorsten-schneider.com\/blog\/wp-content\/uploads\/2025\/10\/Grey_Snowflake_Paratrooper-768x576.jpeg 768w, https:\/\/www.thorsten-schneider.com\/blog\/wp-content\/uploads\/2025\/10\/Grey_Snowflake_Paratrooper-1536x1152.jpeg 1536w, https:\/\/www.thorsten-schneider.com\/blog\/wp-content\/uploads\/2025\/10\/Grey_Snowflake_Paratrooper.jpeg 1600w\" sizes=\"auto, (max-width: 767px) 89vw, (max-width: 1000px) 54vw, (max-width: 1071px) 543px, 580px\" \/><\/figure>\n\n\n\n<figure class=\"wp-block-table is-style-stripes\"><table><tbody><tr><td>Inspiration<\/td><td>Tudor Black Bay \/ Pelagos<\/td><\/tr><tr><td>Basis<\/td><td>62MAS-Stil 40mm<\/td><\/tr><tr><td>Geh\u00e4use<\/td><td>Edelstahl 40mm mattiert<\/td><\/tr><tr><td>Geh\u00e4useboden<\/td><td>Edelstahl teilmattiert<\/td><\/tr><tr><td><\/td><td><\/td><\/tr><tr><td>Zifferblatt<\/td><td><strong>Sonnenschliff dunkelgrau mit wei\u00dfen Indizes (28,5mm)<\/strong><\/td><\/tr><tr><td>Werk<\/td><td>Seiko NH35<\/td><\/tr><tr><td>Datumsscheibe<\/td><td>wei\u00df<\/td><\/tr><tr><td>Stundenzeiger<\/td><td><strong>Snowflake silber poliert mit wei\u00dfem Lume<\/strong><\/td><\/tr><tr><td>Minutenzeiger<\/td><td><strong><strong>Snowflake <\/strong>silber poliert mit wei\u00dfem Lume<\/strong><\/td><\/tr><tr><td>Sekundenzeiger<\/td><td><strong>dunkelorange matt mit wei\u00dfem Lume<\/strong><\/td><\/tr><tr><td>Krone<\/td><td>Edelstahl poliert<\/td><\/tr><tr><td>L\u00fcnette<\/td><td>Edelstahl poliert<\/td><\/tr><tr><td>L\u00fcnetteninlay<\/td><td><strong>Keramik grau gl\u00e4nzend mit wei\u00dfen Ziffern<\/strong><\/td><\/tr><tr><td><\/td><td><\/td><\/tr><tr><td>Nato<\/td><td><strong>grau-orange-schwarz mit Edelstahl-Dornschlie\u00dfe<\/strong><\/td><\/tr><tr><td>Wildleder<\/td><td><strong>Racing grau mit Edelstahl-Faltschlie\u00dfe<\/strong><\/td><\/tr><tr><td>Paratrooper<\/td><td><strong>hellgrau mit orangefarbenem Streifen und Edelstahl-Hakenschlie\u00dfe<\/strong><\/td><\/tr><tr><td>Kautschuk<\/td><td>Tropic grau mit Edelstahl-Dornschlie\u00dfe<\/td><\/tr><\/tbody><\/table><figcaption class=\"wp-element-caption\">Alle von mir durchgef\u00fchrten \u00c4nderungen zum Serienmodell und das auf dem Foto abgebildete Band sind <strong>fett<\/strong> markiert.<\/figcaption><\/figure>\n\n\n\n<p><a href=\"https:\/\/www.thorsten-schneider.com\/blog\/asian-mod-cooperative\/\" data-type=\"page\" data-id=\"2748\">zur\u00fcck zur Auswahl &gt;<\/a><\/p>\n","protected":false},"excerpt":{"rendered":"<p>Inspiration Tudor Black Bay \/ Pelagos Basis 62MAS-Stil 40mm Geh\u00e4use Edelstahl 40mm mattiert Geh\u00e4useboden Edelstahl teilmattiert Zifferblatt Sonnenschliff dunkelgrau mit wei\u00dfen Indizes (28,5mm) Werk Seiko NH35 Datumsscheibe wei\u00df Stundenzeiger Snowflake silber poliert mit wei\u00dfem Lume Minutenzeiger Snowflake silber poliert mit wei\u00dfem Lume Sekundenzeiger dunkelorange matt mit wei\u00dfem Lume Krone Edelstahl poliert L\u00fcnette Edelstahl poliert L\u00fcnetteninlay &hellip; <\/p>\n<p class=\"link-more\"><a href=\"https:\/\/www.thorsten-schneider.com\/blog\/1-grey-snowflake\/\" class=\"more-link\"><span class=\"screen-reader-text\">\u201e1 &#8211; Grey Snowflake\u201c <\/span>weiterlesen<\/a><\/p>\n","protected":false},"author":1,"featured_media":0,"parent":0,"menu_order":0,"comment_status":"closed","ping_status":"closed","template":"","meta":{"footnotes":""},"class_list":["post-4501","page","type-page","status-publish","hentry"],"_links":{"self":[{"href":"https:\/\/www.thorsten-schneider.com\/blog\/wp-json\/wp\/v2\/pages\/4501","targetHints":{"allow":["GET"]}}],"collection":[{"href":"https:\/\/www.thorsten-schneider.com\/blog\/wp-json\/wp\/v2\/pages"}],"about":[{"href":"https:\/\/www.thorsten-schneider.com\/blog\/wp-json\/wp\/v2\/types\/page"}],"author":[{"embeddable":true,"href":"https:\/\/www.thorsten-schneider.com\/blog\/wp-json\/wp\/v2\/users\/1"}],"replies":[{"embeddable":true,"href":"https:\/\/www.thorsten-schneider.com\/blog\/wp-json\/wp\/v2\/comments?post=4501"}],"version-history":[{"count":5,"href":"https:\/\/www.thorsten-schneider.com\/blog\/wp-json\/wp\/v2\/pages\/4501\/revisions"}],"predecessor-version":[{"id":4620,"href":"https:\/\/www.thorsten-schneider.com\/blog\/wp-json\/wp\/v2\/pages\/4501\/revisions\/4620"}],"wp:attachment":[{"href":"https:\/\/www.thorsten-schneider.com\/blog\/wp-json\/wp\/v2\/media?parent=4501"}],"curies":[{"name":"wp","href":"https:\/\/api.w.org\/{rel}","templated":true}]}}