{"id":448,"date":"2022-06-24T16:15:03","date_gmt":"2022-06-24T14:15:03","guid":{"rendered":"http:\/\/www.thorsten-schneider.com\/blog\/?page_id=448"},"modified":"2023-03-31T12:28:09","modified_gmt":"2023-03-31T10:28:09","slug":"blueorange","status":"publish","type":"page","link":"https:\/\/www.thorsten-schneider.com\/blog\/blueorange\/","title":{"rendered":"BlueOrange"},"content":{"rendered":"\n<figure class=\"wp-block-image size-large\"><img loading=\"lazy\" decoding=\"async\" width=\"1024\" height=\"768\" src=\"https:\/\/www.thorsten-schneider.com\/blog\/wp-content\/uploads\/2022\/10\/blueorange_1-1024x768.jpg\" alt=\"\" class=\"wp-image-1852\" srcset=\"https:\/\/www.thorsten-schneider.com\/blog\/wp-content\/uploads\/2022\/10\/blueorange_1-1024x768.jpg 1024w, https:\/\/www.thorsten-schneider.com\/blog\/wp-content\/uploads\/2022\/10\/blueorange_1-300x225.jpg 300w, https:\/\/www.thorsten-schneider.com\/blog\/wp-content\/uploads\/2022\/10\/blueorange_1-768x576.jpg 768w, https:\/\/www.thorsten-schneider.com\/blog\/wp-content\/uploads\/2022\/10\/blueorange_1-1536x1152.jpg 1536w, https:\/\/www.thorsten-schneider.com\/blog\/wp-content\/uploads\/2022\/10\/blueorange_1.jpg 1600w\" sizes=\"auto, (max-width: 767px) 89vw, (max-width: 1000px) 54vw, (max-width: 1071px) 543px, 580px\" \/><\/figure>\n\n\n\n<figure class=\"wp-block-image size-large\"><img loading=\"lazy\" decoding=\"async\" width=\"1024\" height=\"768\" src=\"https:\/\/www.thorsten-schneider.com\/blog\/wp-content\/uploads\/2023\/03\/blueorange_2-1024x768.jpg\" alt=\"\" class=\"wp-image-2203\" srcset=\"https:\/\/www.thorsten-schneider.com\/blog\/wp-content\/uploads\/2023\/03\/blueorange_2-1024x768.jpg 1024w, https:\/\/www.thorsten-schneider.com\/blog\/wp-content\/uploads\/2023\/03\/blueorange_2-300x225.jpg 300w, https:\/\/www.thorsten-schneider.com\/blog\/wp-content\/uploads\/2023\/03\/blueorange_2-768x576.jpg 768w, https:\/\/www.thorsten-schneider.com\/blog\/wp-content\/uploads\/2023\/03\/blueorange_2-1536x1152.jpg 1536w, https:\/\/www.thorsten-schneider.com\/blog\/wp-content\/uploads\/2023\/03\/blueorange_2.jpg 1600w\" sizes=\"auto, (max-width: 767px) 89vw, (max-width: 1000px) 54vw, (max-width: 1071px) 543px, 580px\" \/><\/figure>\n\n\n\n<figure class=\"wp-block-table is-style-stripes\"><table><tbody><tr><td>Inspiration<\/td><td>&#8211;<\/td><\/tr><tr><td>Basis<\/td><td>Vostok Komandirskie 020739<\/td><\/tr><tr><td>Geh\u00e4use<\/td><td>Komandirskie 020 Edelstahl mattiert<\/td><\/tr><tr><td>Geh\u00e4useboden<\/td><td><strong>Boctok &#8222;B&#8220; Edelstahl<\/strong><\/td><\/tr><tr><td><\/td><td><\/td><\/tr><tr><td>Zifferblatt<\/td><td><strong>Miyota-kompatibel blau mit orangefarbenen Indizes<\/strong><\/td><\/tr><tr><td>Werk<\/td><td>Vostok 2416B Automatik<\/td><\/tr><tr><td>Werkhaltering<\/td><td><strong>Edelstahl<\/strong><\/td><\/tr><tr><td>Armierungsring<\/td><td>Edelstahl poliert<\/td><\/tr><tr><td>Datumsscheibe<\/td><td>&#8211;<\/td><\/tr><tr><td>Stundenzeiger<\/td><td><strong>VW24 Paddles silber<\/strong><\/td><\/tr><tr><td>Minutenzeiger<\/td><td><strong><strong><strong><strong>VW24 Paddles silber<\/strong><\/strong><\/strong><\/strong><\/td><\/tr><tr><td>Sekundenzeiger<\/td><td><strong><strong>VW24 Aurora<\/strong> orange<\/strong><\/td><\/tr><tr><td>Krone<\/td><td><strong>Vostok Edelstahl mattiert mit Fase<\/strong><\/td><\/tr><tr><td>L\u00fcnette 1<\/td><td><strong>Arkustime Edelstahl mattiert<\/strong><\/td><\/tr><tr><td>L\u00fcnetteninlay 1<\/td><td><strong>OSC Scandi orange<\/strong><\/td><\/tr><tr><td>L\u00fcnette 2<\/td><td><strong>AM-Diver Edelstahl<\/strong><\/td><\/tr><tr><td>L\u00fcnetteninlay 2<\/td><td><strong>Seamaster PO orange<\/strong><\/td><\/tr><tr><td><\/td><td><\/td><\/tr><tr><td>Single Pass Strap<\/td><td><strong>dunkelblau-grau-orange mit Edelstahl-Dornschlie\u00dfe<\/strong><\/td><\/tr><tr><td>Stahl<\/td><td><strong>Edelstahl mattiert mit Fase und Edelstahl-Faltschlie\u00dfe<\/strong><\/td><\/tr><\/tbody><\/table><figcaption class=\"wp-element-caption\">Alle von mir durchgef\u00fchrten \u00c4nderungen zum Serienmodell und die auf den Fotos abgebildeten B\u00e4nder sind <strong>fett<\/strong> markiert.<\/figcaption><\/figure>\n\n\n\n<p><a href=\"https:\/\/www.thorsten-schneider.com\/blog\/blue-boys\/\" data-type=\"page\" data-id=\"1173\">zur\u00fcck zur Auswahl &gt;<\/a><\/p>\n","protected":false},"excerpt":{"rendered":"<p>Inspiration &#8211; Basis Vostok Komandirskie 020739 Geh\u00e4use Komandirskie 020 Edelstahl mattiert Geh\u00e4useboden Boctok &#8222;B&#8220; Edelstahl Zifferblatt Miyota-kompatibel blau mit orangefarbenen Indizes Werk Vostok 2416B Automatik Werkhaltering Edelstahl Armierungsring Edelstahl poliert Datumsscheibe &#8211; Stundenzeiger VW24 Paddles silber Minutenzeiger VW24 Paddles silber Sekundenzeiger VW24 Aurora orange Krone Vostok Edelstahl mattiert mit Fase L\u00fcnette 1 Arkustime Edelstahl mattiert &hellip; <\/p>\n<p class=\"link-more\"><a href=\"https:\/\/www.thorsten-schneider.com\/blog\/blueorange\/\" class=\"more-link\"><span class=\"screen-reader-text\">\u201eBlueOrange\u201c <\/span>weiterlesen<\/a><\/p>\n","protected":false},"author":1,"featured_media":0,"parent":0,"menu_order":0,"comment_status":"closed","ping_status":"closed","template":"","meta":{"footnotes":""},"class_list":["post-448","page","type-page","status-publish","hentry"],"_links":{"self":[{"href":"https:\/\/www.thorsten-schneider.com\/blog\/wp-json\/wp\/v2\/pages\/448","targetHints":{"allow":["GET"]}}],"collection":[{"href":"https:\/\/www.thorsten-schneider.com\/blog\/wp-json\/wp\/v2\/pages"}],"about":[{"href":"https:\/\/www.thorsten-schneider.com\/blog\/wp-json\/wp\/v2\/types\/page"}],"author":[{"embeddable":true,"href":"https:\/\/www.thorsten-schneider.com\/blog\/wp-json\/wp\/v2\/users\/1"}],"replies":[{"embeddable":true,"href":"https:\/\/www.thorsten-schneider.com\/blog\/wp-json\/wp\/v2\/comments?post=448"}],"version-history":[{"count":19,"href":"https:\/\/www.thorsten-schneider.com\/blog\/wp-json\/wp\/v2\/pages\/448\/revisions"}],"predecessor-version":[{"id":2205,"href":"https:\/\/www.thorsten-schneider.com\/blog\/wp-json\/wp\/v2\/pages\/448\/revisions\/2205"}],"wp:attachment":[{"href":"https:\/\/www.thorsten-schneider.com\/blog\/wp-json\/wp\/v2\/media?parent=448"}],"curies":[{"name":"wp","href":"https:\/\/api.w.org\/{rel}","templated":true}]}}