{"id":4440,"date":"2025-08-29T11:13:20","date_gmt":"2025-08-29T09:13:20","guid":{"rendered":"https:\/\/www.thorsten-schneider.com\/blog\/?page_id=4440"},"modified":"2025-08-31T10:59:07","modified_gmt":"2025-08-31T08:59:07","slug":"1-venice-blue-gmt-mod","status":"publish","type":"page","link":"https:\/\/www.thorsten-schneider.com\/blog\/1-venice-blue-gmt-mod\/","title":{"rendered":"1 &#8211; Venice Blue GMT Mod"},"content":{"rendered":"\n<figure class=\"wp-block-image size-large\"><img loading=\"lazy\" decoding=\"async\" width=\"1024\" height=\"768\" src=\"https:\/\/www.thorsten-schneider.com\/blog\/wp-content\/uploads\/2025\/08\/venice_gmt_blue-1024x768.jpeg\" alt=\"\" class=\"wp-image-4459\" srcset=\"https:\/\/www.thorsten-schneider.com\/blog\/wp-content\/uploads\/2025\/08\/venice_gmt_blue-1024x768.jpeg 1024w, https:\/\/www.thorsten-schneider.com\/blog\/wp-content\/uploads\/2025\/08\/venice_gmt_blue-300x225.jpeg 300w, https:\/\/www.thorsten-schneider.com\/blog\/wp-content\/uploads\/2025\/08\/venice_gmt_blue-768x576.jpeg 768w, https:\/\/www.thorsten-schneider.com\/blog\/wp-content\/uploads\/2025\/08\/venice_gmt_blue-1536x1152.jpeg 1536w, https:\/\/www.thorsten-schneider.com\/blog\/wp-content\/uploads\/2025\/08\/venice_gmt_blue.jpeg 1600w\" sizes=\"auto, (max-width: 767px) 89vw, (max-width: 1000px) 54vw, (max-width: 1071px) 543px, 580px\" \/><\/figure>\n\n\n\n<figure class=\"wp-block-table is-style-stripes\"><table><tbody><tr><td>Inspiration<\/td><td>Venezianico Nereide GMT blau<\/td><\/tr><tr><td>Basis<\/td><td>Diver Edelstahl 42mm<\/td><\/tr><tr><td>Geh\u00e4use<\/td><td>Diver Edelstahl teilmattiert 42mm mit wei\u00dfem Rehaut<\/td><\/tr><tr><td>Geh\u00e4useboden<\/td><td>Edelstahl teilmattiert<\/td><\/tr><tr><td><\/td><td><\/td><\/tr><tr><td>Zifferblatt<\/td><td><strong>hellblau Sonnenschliff mit wei\u00dfen Indizes (29 mm)<\/strong><\/td><\/tr><tr><td>Werk<\/td><td><strong>Seiko NH34 GMT<\/strong><\/td><\/tr><tr><td>Datumsscheibe<\/td><td>&#8211;<\/td><\/tr><tr><td>Stundenzeiger<\/td><td><strong>Milspec silber mit wei\u00dfem Lume<\/strong><\/td><\/tr><tr><td>Minutenzeiger<\/td><td><strong><strong><strong>Milspec silber mit wei\u00dfem Lume<\/strong><\/strong><\/strong><\/td><\/tr><tr><td>Sekundenzeiger<\/td><td><strong>silber mit wei\u00dfem Lume<\/strong><\/td><\/tr><tr><td>GMT-Zeiger<\/td><td><strong>orange-silber mit wei\u00dfem Lume<\/strong><\/td><\/tr><tr><td>Krone<\/td><td>Edelstahl poliert<\/td><\/tr><tr><td>L\u00fcnette<\/td><td>Edelstahl teilmattiert<\/td><\/tr><tr><td>L\u00fcnetteninlay<\/td><td><strong>Kunststoff GMT hellblau-wei\u00df<\/strong><\/td><\/tr><tr><td><\/td><td><\/td><\/tr><tr><td>Edelstahl<\/td><td><strong>Jubilee massiv teilmattiert mit Faltschlie\u00dfe<\/strong><\/td><\/tr><tr><td>Nato<\/td><td>2-Piece blau-wei\u00df-orange mit Edelstahl-Dornschlie\u00dfe<\/td><\/tr><\/tbody><\/table><figcaption class=\"wp-element-caption\">Alle von mir durchgef\u00fchrten \u00c4nderungen zum Serienmodell und das auf dem Foto abgebildete Band sind <strong>fett<\/strong> markiert.<\/figcaption><\/figure>\n\n\n\n<p><a href=\"https:\/\/www.thorsten-schneider.com\/blog\/asian-mod-cooperative\/\" data-type=\"page\" data-id=\"2748\">zur\u00fcck zur Auswahl &gt;<\/a><\/p>\n","protected":false},"excerpt":{"rendered":"<p>Inspiration Venezianico Nereide GMT blau Basis Diver Edelstahl 42mm Geh\u00e4use Diver Edelstahl teilmattiert 42mm mit wei\u00dfem Rehaut Geh\u00e4useboden Edelstahl teilmattiert Zifferblatt hellblau Sonnenschliff mit wei\u00dfen Indizes (29 mm) Werk Seiko NH34 GMT Datumsscheibe &#8211; Stundenzeiger Milspec silber mit wei\u00dfem Lume Minutenzeiger Milspec silber mit wei\u00dfem Lume Sekundenzeiger silber mit wei\u00dfem Lume GMT-Zeiger orange-silber mit wei\u00dfem &hellip; <\/p>\n<p class=\"link-more\"><a href=\"https:\/\/www.thorsten-schneider.com\/blog\/1-venice-blue-gmt-mod\/\" class=\"more-link\"><span class=\"screen-reader-text\">\u201e1 &#8211; Venice Blue GMT Mod\u201c <\/span>weiterlesen<\/a><\/p>\n","protected":false},"author":1,"featured_media":0,"parent":0,"menu_order":0,"comment_status":"closed","ping_status":"closed","template":"","meta":{"footnotes":""},"class_list":["post-4440","page","type-page","status-publish","hentry"],"_links":{"self":[{"href":"https:\/\/www.thorsten-schneider.com\/blog\/wp-json\/wp\/v2\/pages\/4440","targetHints":{"allow":["GET"]}}],"collection":[{"href":"https:\/\/www.thorsten-schneider.com\/blog\/wp-json\/wp\/v2\/pages"}],"about":[{"href":"https:\/\/www.thorsten-schneider.com\/blog\/wp-json\/wp\/v2\/types\/page"}],"author":[{"embeddable":true,"href":"https:\/\/www.thorsten-schneider.com\/blog\/wp-json\/wp\/v2\/users\/1"}],"replies":[{"embeddable":true,"href":"https:\/\/www.thorsten-schneider.com\/blog\/wp-json\/wp\/v2\/comments?post=4440"}],"version-history":[{"count":3,"href":"https:\/\/www.thorsten-schneider.com\/blog\/wp-json\/wp\/v2\/pages\/4440\/revisions"}],"predecessor-version":[{"id":4462,"href":"https:\/\/www.thorsten-schneider.com\/blog\/wp-json\/wp\/v2\/pages\/4440\/revisions\/4462"}],"wp:attachment":[{"href":"https:\/\/www.thorsten-schneider.com\/blog\/wp-json\/wp\/v2\/media?parent=4440"}],"curies":[{"name":"wp","href":"https:\/\/api.w.org\/{rel}","templated":true}]}}