{"id":4414,"date":"2025-08-25T10:05:12","date_gmt":"2025-08-25T08:05:12","guid":{"rendered":"https:\/\/www.thorsten-schneider.com\/blog\/?page_id=4414"},"modified":"2026-03-24T12:29:00","modified_gmt":"2026-03-24T11:29:00","slug":"1-hh-mod","status":"publish","type":"page","link":"https:\/\/www.thorsten-schneider.com\/blog\/1-hh-mod\/","title":{"rendered":"1 &#8211; HH Mod"},"content":{"rendered":"\n<figure class=\"wp-block-image size-large\"><img loading=\"lazy\" decoding=\"async\" width=\"1024\" height=\"768\" src=\"https:\/\/www.thorsten-schneider.com\/blog\/wp-content\/uploads\/2026\/03\/hh_mod-1024x768.jpeg\" alt=\"\" class=\"wp-image-5187\" srcset=\"https:\/\/www.thorsten-schneider.com\/blog\/wp-content\/uploads\/2026\/03\/hh_mod-1024x768.jpeg 1024w, https:\/\/www.thorsten-schneider.com\/blog\/wp-content\/uploads\/2026\/03\/hh_mod-300x225.jpeg 300w, https:\/\/www.thorsten-schneider.com\/blog\/wp-content\/uploads\/2026\/03\/hh_mod-768x576.jpeg 768w, https:\/\/www.thorsten-schneider.com\/blog\/wp-content\/uploads\/2026\/03\/hh_mod-1536x1152.jpeg 1536w, https:\/\/www.thorsten-schneider.com\/blog\/wp-content\/uploads\/2026\/03\/hh_mod.jpeg 1600w\" sizes=\"auto, (max-width: 767px) 89vw, (max-width: 1000px) 54vw, (max-width: 1071px) 543px, 580px\" \/><\/figure>\n\n\n\n<figure class=\"wp-block-table is-style-stripes\"><table><tbody><tr><td>Inspiration<\/td><td>Laco Hamburg<\/td><\/tr><tr><td>Basis<\/td><td>Tandorio Fifty Fathoms Stil 40mm<\/td><\/tr><tr><td>Geh\u00e4use<\/td><td>Tandorio Fifty Fathoms Stil Edelstahl matt gestrahlt 40mm<\/td><\/tr><tr><td>Geh\u00e4useboden<\/td><td>Edelstahl matt gestrahlt<\/td><\/tr><tr><td><\/td><td><\/td><\/tr><tr><td>Zifferblatt<\/td><td><strong>schwarz mit wei\u00dfen Ziffern (28,5mm)<\/strong><\/td><\/tr><tr><td>Werk<\/td><td>Seiko NH35<\/td><\/tr><tr><td>Datumsscheibe<\/td><td>&#8211;<\/td><\/tr><tr><td>Stundenzeiger<\/td><td><strong>Pilot schwarz-wei\u00df<\/strong><\/td><\/tr><tr><td>Minutenzeiger<\/td><td><strong><strong>Pilot schwarz-wei\u00df<\/strong><\/strong><\/td><\/tr><tr><td>Sekundenzeiger<\/td><td><strong><strong>Pilot schwarz-wei\u00df<\/strong><\/strong><\/td><\/tr><tr><td>Krone<\/td><td>Edelstahl matt gestrahlt<\/td><\/tr><tr><td>L\u00fcnette<\/td><td>Edelstahl matt gestrahlt<\/td><\/tr><tr><td>L\u00fcnetteninlay<\/td><td>FF-Stil schwarz<strong> mit wei\u00df lackierten Ziffern<\/strong><\/td><\/tr><tr><td><\/td><td><\/td><\/tr><tr><td>Tropic<\/td><td><strong>schwarz mit Edelstahl-Dornschlie\u00dfe<\/strong><\/td><\/tr><tr><td>Wildleder<\/td><td>grau mit Edelstahl-Dornschlie\u00dfe<\/td><\/tr><\/tbody><\/table><figcaption class=\"wp-element-caption\">Alle von mir durchgef\u00fchrten \u00c4nderungen zum Serienmodell und das auf dem Foto abgebildete Band sind <strong>fett<\/strong> markiert.<\/figcaption><\/figure>\n\n\n\n<p><a href=\"https:\/\/www.thorsten-schneider.com\/blog\/asian-mod-cooperative\/\" data-type=\"page\" data-id=\"2748\">zur\u00fcck zur Auswahl &gt;<\/a><\/p>\n","protected":false},"excerpt":{"rendered":"<p>Inspiration Laco Hamburg Basis Tandorio Fifty Fathoms Stil 40mm Geh\u00e4use Tandorio Fifty Fathoms Stil Edelstahl matt gestrahlt 40mm Geh\u00e4useboden Edelstahl matt gestrahlt Zifferblatt schwarz mit wei\u00dfen Ziffern (28,5mm) Werk Seiko NH35 Datumsscheibe &#8211; Stundenzeiger Pilot schwarz-wei\u00df Minutenzeiger Pilot schwarz-wei\u00df Sekundenzeiger Pilot schwarz-wei\u00df Krone Edelstahl matt gestrahlt L\u00fcnette Edelstahl matt gestrahlt L\u00fcnetteninlay FF-Stil schwarz mit wei\u00df &hellip; <\/p>\n<p class=\"link-more\"><a href=\"https:\/\/www.thorsten-schneider.com\/blog\/1-hh-mod\/\" class=\"more-link\"><span class=\"screen-reader-text\">\u201e1 &#8211; HH Mod\u201c <\/span>weiterlesen<\/a><\/p>\n","protected":false},"author":1,"featured_media":0,"parent":0,"menu_order":0,"comment_status":"closed","ping_status":"closed","template":"","meta":{"footnotes":""},"class_list":["post-4414","page","type-page","status-publish","hentry"],"_links":{"self":[{"href":"https:\/\/www.thorsten-schneider.com\/blog\/wp-json\/wp\/v2\/pages\/4414","targetHints":{"allow":["GET"]}}],"collection":[{"href":"https:\/\/www.thorsten-schneider.com\/blog\/wp-json\/wp\/v2\/pages"}],"about":[{"href":"https:\/\/www.thorsten-schneider.com\/blog\/wp-json\/wp\/v2\/types\/page"}],"author":[{"embeddable":true,"href":"https:\/\/www.thorsten-schneider.com\/blog\/wp-json\/wp\/v2\/users\/1"}],"replies":[{"embeddable":true,"href":"https:\/\/www.thorsten-schneider.com\/blog\/wp-json\/wp\/v2\/comments?post=4414"}],"version-history":[{"count":6,"href":"https:\/\/www.thorsten-schneider.com\/blog\/wp-json\/wp\/v2\/pages\/4414\/revisions"}],"predecessor-version":[{"id":5189,"href":"https:\/\/www.thorsten-schneider.com\/blog\/wp-json\/wp\/v2\/pages\/4414\/revisions\/5189"}],"wp:attachment":[{"href":"https:\/\/www.thorsten-schneider.com\/blog\/wp-json\/wp\/v2\/media?parent=4414"}],"curies":[{"name":"wp","href":"https:\/\/api.w.org\/{rel}","templated":true}]}}