{"id":433,"date":"2022-09-02T13:15:31","date_gmt":"2022-09-02T11:15:31","guid":{"rendered":"http:\/\/www.thorsten-schneider.com\/blog\/?page_id=433"},"modified":"2022-12-22T10:43:33","modified_gmt":"2022-12-22T09:43:33","slug":"baikal-revisited","status":"publish","type":"page","link":"https:\/\/www.thorsten-schneider.com\/blog\/baikal-revisited\/","title":{"rendered":"Baikal Revisited"},"content":{"rendered":"\n<figure class=\"wp-block-image size-large\"><img loading=\"lazy\" decoding=\"async\" width=\"1024\" height=\"768\" src=\"https:\/\/www.thorsten-schneider.com\/blog\/wp-content\/uploads\/2022\/09\/baikal_revisited_1-1024x768.jpg\" alt=\"\" class=\"wp-image-1098\" srcset=\"https:\/\/www.thorsten-schneider.com\/blog\/wp-content\/uploads\/2022\/09\/baikal_revisited_1-1024x768.jpg 1024w, https:\/\/www.thorsten-schneider.com\/blog\/wp-content\/uploads\/2022\/09\/baikal_revisited_1-300x225.jpg 300w, https:\/\/www.thorsten-schneider.com\/blog\/wp-content\/uploads\/2022\/09\/baikal_revisited_1-768x576.jpg 768w, https:\/\/www.thorsten-schneider.com\/blog\/wp-content\/uploads\/2022\/09\/baikal_revisited_1-1536x1152.jpg 1536w, https:\/\/www.thorsten-schneider.com\/blog\/wp-content\/uploads\/2022\/09\/baikal_revisited_1.jpg 1600w\" sizes=\"auto, (max-width: 767px) 89vw, (max-width: 1000px) 54vw, (max-width: 1071px) 543px, 580px\" \/><\/figure>\n\n\n\n<figure class=\"wp-block-table is-style-stripes\"><table><tbody><tr><td>Inspiration<\/td><td>Vostok Baikal Relojes Especiales Edition<\/td><\/tr><tr><td>Basis<\/td><td>Vostok Komandirskie 020711<\/td><\/tr><tr><td>Geh\u00e4use<\/td><td>020 Edelstahl mattiert<\/td><\/tr><tr><td>Geh\u00e4useboden<\/td><td><strong>Komandirskie.com Glasboden mit kleinem Sichtfenster<\/strong><\/td><\/tr><tr><td><\/td><td><\/td><\/tr><tr><td>Zifferblatt<\/td><td><strong>Baikal wei\u00df mit t\u00fcrkisfarbenen Indizes<\/strong><\/td><\/tr><tr><td>Werk<\/td><td>Vostok 2416B Automatik<\/td><\/tr><tr><td>Werkhaltering<\/td><td><strong>Edelstahl<\/strong><\/td><\/tr><tr><td>Armierungsring<\/td><td><strong>orange lackiert<\/strong><\/td><\/tr><tr><td>Datumsscheibe<\/td><td>&#8211;<\/td><\/tr><tr><td>Stundenzeiger<\/td><td><strong>VW24 Paddle orange<\/strong><\/td><\/tr><tr><td>Minutenzeiger<\/td><td><strong><strong>VW24 Paddle orange<\/strong><\/strong><\/td><\/tr><tr><td>Sekundenzeiger<\/td><td><strong><strong>Vostok SE dunkelblau lackiert<\/strong><\/strong><\/td><\/tr><tr><td>Krone<\/td><td>Vostok Edelstahl mattiert<\/td><\/tr><tr><td>L\u00fcnette<\/td><td><strong>Baikal Edelstahl<\/strong><\/td><\/tr><tr><td>L\u00fcnetteninlay<\/td><td><strong>Baikal silber<\/strong><\/td><\/tr><tr><td><\/td><td><\/td><\/tr><tr><td>Paratrooper<\/td><td><strong>orange-wei\u00df mit Edelstahl-Hakenschlie\u00dfe<\/strong><\/td><\/tr><tr><td>Single Pass Strap<\/td><td>dunkelblau-orange mit Edelstahl-Dornschlie\u00dfe<\/td><\/tr><tr><td>Stahl<\/td><td>Edelstahl matt geb\u00fcrstet mit angefasten Gliedern und Faltschlie\u00dfe<\/td><\/tr><tr><td>Kautschuk<\/td><td>Tropic orange mit Edelstahl-Dornschlie\u00dfe<\/td><\/tr><\/tbody><\/table><figcaption class=\"wp-element-caption\">Alle von mir durchgef\u00fchrten \u00c4nderungen zum Serienmodell und das auf dem Foto abgebildete Band sind <strong>fett<\/strong> markiert.<\/figcaption><\/figure>\n\n\n\n<p><a href=\"https:\/\/www.thorsten-schneider.com\/blog\/white-walkers\/\" data-type=\"page\" data-id=\"1190\">zur\u00fcck zur Auswahl &gt;<\/a><\/p>\n","protected":false},"excerpt":{"rendered":"<p>Inspiration Vostok Baikal Relojes Especiales Edition Basis Vostok Komandirskie 020711 Geh\u00e4use 020 Edelstahl mattiert Geh\u00e4useboden Komandirskie.com Glasboden mit kleinem Sichtfenster Zifferblatt Baikal wei\u00df mit t\u00fcrkisfarbenen Indizes Werk Vostok 2416B Automatik Werkhaltering Edelstahl Armierungsring orange lackiert Datumsscheibe &#8211; Stundenzeiger VW24 Paddle orange Minutenzeiger VW24 Paddle orange Sekundenzeiger Vostok SE dunkelblau lackiert Krone Vostok Edelstahl mattiert L\u00fcnette &hellip; <\/p>\n<p class=\"link-more\"><a href=\"https:\/\/www.thorsten-schneider.com\/blog\/baikal-revisited\/\" class=\"more-link\"><span class=\"screen-reader-text\">\u201eBaikal Revisited\u201c <\/span>weiterlesen<\/a><\/p>\n","protected":false},"author":1,"featured_media":0,"parent":0,"menu_order":0,"comment_status":"closed","ping_status":"closed","template":"","meta":{"footnotes":""},"class_list":["post-433","page","type-page","status-publish","hentry"],"_links":{"self":[{"href":"https:\/\/www.thorsten-schneider.com\/blog\/wp-json\/wp\/v2\/pages\/433","targetHints":{"allow":["GET"]}}],"collection":[{"href":"https:\/\/www.thorsten-schneider.com\/blog\/wp-json\/wp\/v2\/pages"}],"about":[{"href":"https:\/\/www.thorsten-schneider.com\/blog\/wp-json\/wp\/v2\/types\/page"}],"author":[{"embeddable":true,"href":"https:\/\/www.thorsten-schneider.com\/blog\/wp-json\/wp\/v2\/users\/1"}],"replies":[{"embeddable":true,"href":"https:\/\/www.thorsten-schneider.com\/blog\/wp-json\/wp\/v2\/comments?post=433"}],"version-history":[{"count":12,"href":"https:\/\/www.thorsten-schneider.com\/blog\/wp-json\/wp\/v2\/pages\/433\/revisions"}],"predecessor-version":[{"id":1984,"href":"https:\/\/www.thorsten-schneider.com\/blog\/wp-json\/wp\/v2\/pages\/433\/revisions\/1984"}],"wp:attachment":[{"href":"https:\/\/www.thorsten-schneider.com\/blog\/wp-json\/wp\/v2\/media?parent=433"}],"curies":[{"name":"wp","href":"https:\/\/api.w.org\/{rel}","templated":true}]}}