{"id":4274,"date":"2025-05-28T16:50:05","date_gmt":"2025-05-28T14:50:05","guid":{"rendered":"https:\/\/www.thorsten-schneider.com\/blog\/?page_id=4274"},"modified":"2025-06-04T16:19:08","modified_gmt":"2025-06-04T14:19:08","slug":"1-240-mod","status":"publish","type":"page","link":"https:\/\/www.thorsten-schneider.com\/blog\/1-240-mod\/","title":{"rendered":"1 &#8211; 240 St Mod"},"content":{"rendered":"\n<figure class=\"wp-block-image size-large\"><img loading=\"lazy\" decoding=\"async\" width=\"1024\" height=\"768\" src=\"https:\/\/www.thorsten-schneider.com\/blog\/wp-content\/uploads\/2025\/06\/240_st_mod-1024x768.jpeg\" alt=\"\" class=\"wp-image-4292\" srcset=\"https:\/\/www.thorsten-schneider.com\/blog\/wp-content\/uploads\/2025\/06\/240_st_mod-1024x768.jpeg 1024w, https:\/\/www.thorsten-schneider.com\/blog\/wp-content\/uploads\/2025\/06\/240_st_mod-300x225.jpeg 300w, https:\/\/www.thorsten-schneider.com\/blog\/wp-content\/uploads\/2025\/06\/240_st_mod-768x576.jpeg 768w, https:\/\/www.thorsten-schneider.com\/blog\/wp-content\/uploads\/2025\/06\/240_st_mod-1536x1152.jpeg 1536w, https:\/\/www.thorsten-schneider.com\/blog\/wp-content\/uploads\/2025\/06\/240_st_mod.jpeg 1600w\" sizes=\"auto, (max-width: 767px) 89vw, (max-width: 1000px) 54vw, (max-width: 1071px) 543px, 580px\" \/><\/figure>\n\n\n\n<figure class=\"wp-block-table is-style-stripes\"><table><tbody><tr><td>Inspiration<\/td><td>Sinn 240 St<\/td><\/tr><tr><td>Basis<\/td><td>Vintage 39mm<\/td><\/tr><tr><td>Geh\u00e4use<\/td><td>Vintage Edelstahl mattiert 39mm<\/td><\/tr><tr><td>Geh\u00e4useboden<\/td><td>Glasboden<\/td><\/tr><tr><td><\/td><td><\/td><\/tr><tr><td>Zifferblatt<\/td><td><strong>schwarz mit silbernen Indizes und schwarz-wei\u00dfem Rehaut (32mm)<\/strong><\/td><\/tr><tr><td>Werk<\/td><td>Seiko NH35<\/td><\/tr><tr><td>Datumsscheibe<\/td><td>schwarz<\/td><\/tr><tr><td>Stundenzeiger<\/td><td><strong>Pencil schwarz-wei\u00df mit wei\u00dfem Lume<\/strong><\/td><\/tr><tr><td>Minutenzeiger<\/td><td><strong><strong>Pencil schwarz-wei\u00df mit wei\u00dfem Lume<\/strong><\/strong><\/td><\/tr><tr><td>Sekundenzeiger<\/td><td><strong>orange-schwarz lackiert<\/strong><\/td><\/tr><tr><td>Krone<\/td><td>Edelstahl <strong>mattiert<\/strong><\/td><\/tr><tr><td>L\u00fcnette<\/td><td>&#8211;<\/td><\/tr><tr><td>L\u00fcnetteninlay<\/td><td>&#8211;<\/td><\/tr><tr><td><\/td><td><\/td><\/tr><tr><td>Edelstahl<\/td><td><strong>massiv teiimattiert mit Faltschlie\u00dfe<\/strong><\/td><\/tr><tr><td>Leder<\/td><td>schwarz mit orangefarbener Ziernaht und Edelstahl-Dornschlie\u00dfe<\/td><\/tr><tr><td>Leder<\/td><td>hellbraun mit wei\u00dfer Ziernaht und Edelstahl-Dornschlie\u00dfe<\/td><\/tr><\/tbody><\/table><figcaption class=\"wp-element-caption\">Alle von mir durchgef\u00fchrten \u00c4nderungen zum Serienmodell und das auf dem Foto abgebildete Band sind <strong>fett<\/strong> markiert.<\/figcaption><\/figure>\n\n\n\n<p><a href=\"https:\/\/www.thorsten-schneider.com\/blog\/asian-mod-cooperative\/\" data-type=\"page\" data-id=\"2748\">zur\u00fcck zur Auswahl &gt;<\/a><\/p>\n","protected":false},"excerpt":{"rendered":"<p>Inspiration Sinn 240 St Basis Vintage 39mm Geh\u00e4use Vintage Edelstahl mattiert 39mm Geh\u00e4useboden Glasboden Zifferblatt schwarz mit silbernen Indizes und schwarz-wei\u00dfem Rehaut (32mm) Werk Seiko NH35 Datumsscheibe schwarz Stundenzeiger Pencil schwarz-wei\u00df mit wei\u00dfem Lume Minutenzeiger Pencil schwarz-wei\u00df mit wei\u00dfem Lume Sekundenzeiger orange-schwarz lackiert Krone Edelstahl mattiert L\u00fcnette &#8211; L\u00fcnetteninlay &#8211; Edelstahl massiv teiimattiert mit Faltschlie\u00dfe &hellip; <\/p>\n<p class=\"link-more\"><a href=\"https:\/\/www.thorsten-schneider.com\/blog\/1-240-mod\/\" class=\"more-link\"><span class=\"screen-reader-text\">\u201e1 &#8211; 240 St Mod\u201c <\/span>weiterlesen<\/a><\/p>\n","protected":false},"author":1,"featured_media":0,"parent":0,"menu_order":0,"comment_status":"closed","ping_status":"closed","template":"","meta":{"footnotes":""},"class_list":["post-4274","page","type-page","status-publish","hentry"],"_links":{"self":[{"href":"https:\/\/www.thorsten-schneider.com\/blog\/wp-json\/wp\/v2\/pages\/4274","targetHints":{"allow":["GET"]}}],"collection":[{"href":"https:\/\/www.thorsten-schneider.com\/blog\/wp-json\/wp\/v2\/pages"}],"about":[{"href":"https:\/\/www.thorsten-schneider.com\/blog\/wp-json\/wp\/v2\/types\/page"}],"author":[{"embeddable":true,"href":"https:\/\/www.thorsten-schneider.com\/blog\/wp-json\/wp\/v2\/users\/1"}],"replies":[{"embeddable":true,"href":"https:\/\/www.thorsten-schneider.com\/blog\/wp-json\/wp\/v2\/comments?post=4274"}],"version-history":[{"count":3,"href":"https:\/\/www.thorsten-schneider.com\/blog\/wp-json\/wp\/v2\/pages\/4274\/revisions"}],"predecessor-version":[{"id":4305,"href":"https:\/\/www.thorsten-schneider.com\/blog\/wp-json\/wp\/v2\/pages\/4274\/revisions\/4305"}],"wp:attachment":[{"href":"https:\/\/www.thorsten-schneider.com\/blog\/wp-json\/wp\/v2\/media?parent=4274"}],"curies":[{"name":"wp","href":"https:\/\/api.w.org\/{rel}","templated":true}]}}