{"id":421,"date":"2022-06-15T14:36:50","date_gmt":"2022-06-15T12:36:50","guid":{"rendered":"http:\/\/www.thorsten-schneider.com\/blog\/?page_id=421"},"modified":"2023-05-09T11:54:23","modified_gmt":"2023-05-09T09:54:23","slug":"amphibia-black-stealth","status":"publish","type":"page","link":"https:\/\/www.thorsten-schneider.com\/blog\/amphibia-black-stealth\/","title":{"rendered":"Amphibia Black Stealth"},"content":{"rendered":"\n<figure class=\"wp-block-image size-large\"><img loading=\"lazy\" decoding=\"async\" width=\"1024\" height=\"768\" src=\"https:\/\/www.thorsten-schneider.com\/blog\/wp-content\/uploads\/2023\/03\/black_stealth_1-1024x768.jpeg\" alt=\"\" class=\"wp-image-2167\" srcset=\"https:\/\/www.thorsten-schneider.com\/blog\/wp-content\/uploads\/2023\/03\/black_stealth_1-1024x768.jpeg 1024w, https:\/\/www.thorsten-schneider.com\/blog\/wp-content\/uploads\/2023\/03\/black_stealth_1-300x225.jpeg 300w, https:\/\/www.thorsten-schneider.com\/blog\/wp-content\/uploads\/2023\/03\/black_stealth_1-768x576.jpeg 768w, https:\/\/www.thorsten-schneider.com\/blog\/wp-content\/uploads\/2023\/03\/black_stealth_1-1536x1152.jpeg 1536w, https:\/\/www.thorsten-schneider.com\/blog\/wp-content\/uploads\/2023\/03\/black_stealth_1.jpeg 1600w\" sizes=\"auto, (max-width: 767px) 89vw, (max-width: 1000px) 54vw, (max-width: 1071px) 543px, 580px\" \/><\/figure>\n\n\n\n<figure class=\"wp-block-image size-large\"><img loading=\"lazy\" decoding=\"async\" width=\"1024\" height=\"768\" src=\"https:\/\/www.thorsten-schneider.com\/blog\/wp-content\/uploads\/2022\/09\/amphibia_black_stealth_1-1024x768.jpg\" alt=\"\" class=\"wp-image-1578\" srcset=\"https:\/\/www.thorsten-schneider.com\/blog\/wp-content\/uploads\/2022\/09\/amphibia_black_stealth_1-1024x768.jpg 1024w, https:\/\/www.thorsten-schneider.com\/blog\/wp-content\/uploads\/2022\/09\/amphibia_black_stealth_1-300x225.jpg 300w, https:\/\/www.thorsten-schneider.com\/blog\/wp-content\/uploads\/2022\/09\/amphibia_black_stealth_1-768x576.jpg 768w, https:\/\/www.thorsten-schneider.com\/blog\/wp-content\/uploads\/2022\/09\/amphibia_black_stealth_1-1536x1152.jpg 1536w, https:\/\/www.thorsten-schneider.com\/blog\/wp-content\/uploads\/2022\/09\/amphibia_black_stealth_1.jpg 1600w\" sizes=\"auto, (max-width: 767px) 89vw, (max-width: 1000px) 54vw, (max-width: 1071px) 543px, 580px\" \/><\/figure>\n\n\n\n<figure class=\"wp-block-table is-style-stripes\"><table><tbody><tr><td>Inspiration<\/td><td>IWC Pilot Top Gun Edition<br>Breitling Avenger Blackbird<\/td><\/tr><tr><td>Basis<\/td><td>Vostok Komandirskie 020715<\/td><\/tr><tr><td>Geh\u00e4use<\/td><td>020 Edelstahl <strong>schwarz matt PVD-beschichtet<\/strong><\/td><\/tr><tr><td>Geh\u00e4useboden<\/td><td>Albatros Edelstahl<strong> sc<strong>hwarz matt PVD-beschichtet<\/strong><\/strong><\/td><\/tr><tr><td><\/td><td><\/td><\/tr><tr><td>Zifferblatt<\/td><td><strong>Vostok 296 <strong>sc<strong>hwarz matt PVD-beschichtet<\/strong><\/strong><\/strong><\/td><\/tr><tr><td>Werk<\/td><td>Vostok 2416B Automatik<\/td><\/tr><tr><td>Werkhaltering<\/td><td><strong>Edelstahl<\/strong><\/td><\/tr><tr><td>Armierungsring<\/td><td>Edelstahl poliert<\/td><\/tr><tr><td>Datumsscheibe<\/td><td>schwarz<\/td><\/tr><tr><td>Stundenzeiger<\/td><td><strong>Rafflestime Pilot skelettiert<\/strong><\/td><\/tr><tr><td>Minutenzeiger<\/td><td><strong><strong><strong><strong><strong>Rafflestime Pilot skelettiert<\/strong><\/strong><\/strong><\/strong><\/strong><\/td><\/tr><tr><td>Sekundenzeiger<\/td><td><strong>Favinov schwarz<\/strong><\/td><\/tr><tr><td>Krone<\/td><td>Vostok Edelstahl <strong>schwarz matt PVD-beschichtet<\/strong><\/td><\/tr><tr><td>L\u00fcnette<\/td><td><strong>Arkustime Edelstahl<\/strong> <strong><strong>schwarz matt PVD-beschichtet<\/strong><\/strong><\/td><\/tr><tr><td>L\u00fcnetteninlay<\/td><td><strong>Yachtmaster Keramik schwarz matt<\/strong><\/td><\/tr><tr><td><\/td><td><\/td><\/tr><tr><td>Paratrooper<\/td><td><strong>schwarz-wei\u00df mit schwarzer Edelstahl-Hakenschlie\u00dfe<\/strong><\/td><\/tr><tr><td>Single Pass Strap<\/td><td><strong>schwarz-bordeaux-gold mit schwarzer Edelstahl-Dornschlie\u00dfe<\/strong><\/td><\/tr><tr><td>Paratrooper<\/td><td>schwarz-rot mit schwarzer Edelstahl-Hakenschlie\u00dfe<\/td><\/tr><tr><td>Canvas<\/td><td>schwarz mit schwarzer Edelstahl-Dornschlie\u00dfe<\/td><\/tr><\/tbody><\/table><figcaption class=\"wp-element-caption\">Alle von mir durchgef\u00fchrten \u00c4nderungen zum Serienmodell und die auf dem Foto abgebildeten B\u00e4nder sind <strong>fett<\/strong> markiert.<\/figcaption><\/figure>\n\n\n\n<p><a href=\"https:\/\/www.thorsten-schneider.com\/blog\/black-brothers-of-the-watch\/\" data-type=\"page\" data-id=\"967\">zur\u00fcck zur Auswahl &gt;<\/a><\/p>\n","protected":false},"excerpt":{"rendered":"<p>Inspiration IWC Pilot Top Gun EditionBreitling Avenger Blackbird Basis Vostok Komandirskie 020715 Geh\u00e4use 020 Edelstahl schwarz matt PVD-beschichtet Geh\u00e4useboden Albatros Edelstahl schwarz matt PVD-beschichtet Zifferblatt Vostok 296 schwarz matt PVD-beschichtet Werk Vostok 2416B Automatik Werkhaltering Edelstahl Armierungsring Edelstahl poliert Datumsscheibe schwarz Stundenzeiger Rafflestime Pilot skelettiert Minutenzeiger Rafflestime Pilot skelettiert Sekundenzeiger Favinov schwarz Krone Vostok Edelstahl &hellip; <\/p>\n<p class=\"link-more\"><a href=\"https:\/\/www.thorsten-schneider.com\/blog\/amphibia-black-stealth\/\" class=\"more-link\"><span class=\"screen-reader-text\">\u201eAmphibia Black Stealth\u201c <\/span>weiterlesen<\/a><\/p>\n","protected":false},"author":1,"featured_media":0,"parent":0,"menu_order":0,"comment_status":"closed","ping_status":"closed","template":"","meta":{"footnotes":""},"class_list":["post-421","page","type-page","status-publish","hentry"],"_links":{"self":[{"href":"https:\/\/www.thorsten-schneider.com\/blog\/wp-json\/wp\/v2\/pages\/421","targetHints":{"allow":["GET"]}}],"collection":[{"href":"https:\/\/www.thorsten-schneider.com\/blog\/wp-json\/wp\/v2\/pages"}],"about":[{"href":"https:\/\/www.thorsten-schneider.com\/blog\/wp-json\/wp\/v2\/types\/page"}],"author":[{"embeddable":true,"href":"https:\/\/www.thorsten-schneider.com\/blog\/wp-json\/wp\/v2\/users\/1"}],"replies":[{"embeddable":true,"href":"https:\/\/www.thorsten-schneider.com\/blog\/wp-json\/wp\/v2\/comments?post=421"}],"version-history":[{"count":11,"href":"https:\/\/www.thorsten-schneider.com\/blog\/wp-json\/wp\/v2\/pages\/421\/revisions"}],"predecessor-version":[{"id":2351,"href":"https:\/\/www.thorsten-schneider.com\/blog\/wp-json\/wp\/v2\/pages\/421\/revisions\/2351"}],"wp:attachment":[{"href":"https:\/\/www.thorsten-schneider.com\/blog\/wp-json\/wp\/v2\/media?parent=421"}],"curies":[{"name":"wp","href":"https:\/\/api.w.org\/{rel}","templated":true}]}}