{"id":3927,"date":"2025-02-27T18:11:50","date_gmt":"2025-02-27T17:11:50","guid":{"rendered":"https:\/\/www.thorsten-schneider.com\/blog\/?page_id=3927"},"modified":"2025-03-25T17:16:22","modified_gmt":"2025-03-25T16:16:22","slug":"1-556-i-light-blue-mod","status":"publish","type":"page","link":"https:\/\/www.thorsten-schneider.com\/blog\/1-556-i-light-blue-mod\/","title":{"rendered":"1 &#8211; 556 I Aquamarin Mod"},"content":{"rendered":"\n<figure class=\"wp-block-image size-large\"><img loading=\"lazy\" decoding=\"async\" width=\"1024\" height=\"768\" src=\"https:\/\/www.thorsten-schneider.com\/blog\/wp-content\/uploads\/2025\/03\/556_i_aqua-1024x768.jpeg\" alt=\"\" class=\"wp-image-4180\" srcset=\"https:\/\/www.thorsten-schneider.com\/blog\/wp-content\/uploads\/2025\/03\/556_i_aqua-1024x768.jpeg 1024w, https:\/\/www.thorsten-schneider.com\/blog\/wp-content\/uploads\/2025\/03\/556_i_aqua-300x225.jpeg 300w, https:\/\/www.thorsten-schneider.com\/blog\/wp-content\/uploads\/2025\/03\/556_i_aqua-768x576.jpeg 768w, https:\/\/www.thorsten-schneider.com\/blog\/wp-content\/uploads\/2025\/03\/556_i_aqua-1536x1152.jpeg 1536w, https:\/\/www.thorsten-schneider.com\/blog\/wp-content\/uploads\/2025\/03\/556_i_aqua.jpeg 1600w\" sizes=\"auto, (max-width: 767px) 89vw, (max-width: 1000px) 54vw, (max-width: 1071px) 543px, 580px\" \/><\/figure>\n\n\n\n<figure class=\"wp-block-table is-style-stripes\"><table><tbody><tr><td>Inspiration<\/td><td>Sinn 556 I hellblau<\/td><\/tr><tr><td>Basis<\/td><td>Tandorio Pilot Edelstahl 39mm<\/td><\/tr><tr><td>Geh\u00e4use<\/td><td>Tandorio Pilot Edelstahl mattiert 39mm<\/td><\/tr><tr><td>Geh\u00e4useboden<\/td><td>Edelstahl mattiert<\/td><\/tr><tr><td><\/td><td><\/td><\/tr><tr><td>Zifferblatt<\/td><td><strong>AP-Stil t\u00fcrkis mit silbernen Indizes (33mm)<\/strong><\/td><\/tr><tr><td>Werk<\/td><td>Seiko NH35<\/td><\/tr><tr><td>Datumsscheibe<\/td><td>wei\u00df<\/td><\/tr><tr><td>Stundenzeiger<\/td><td><strong>Pilot silber mit wei\u00dfem Lume<\/strong><\/td><\/tr><tr><td>Minutenzeiger<\/td><td><strong>Pilot silber mit wei\u00dfem Lume<\/strong><\/td><\/tr><tr><td>Sekundenzeiger<\/td><td><strong>silber mit wei\u00dfem Lume<\/strong><\/td><\/tr><tr><td>Krone<\/td><td>Edelstahl <strong>mattiert<\/strong><\/td><\/tr><tr><td>L\u00fcnette<\/td><td>Edelstahl mattiert<\/td><\/tr><tr><td>L\u00fcnetteninlay<\/td><td>&#8211;<\/td><\/tr><tr><td><\/td><td><\/td><\/tr><tr><td>Canvas<\/td><td><strong>grau mit t\u00fcrkisfarbener Ziernaht und Edelstahl-Dornschlie\u00dfe<\/strong><\/td><\/tr><tr><td>Wildleder<\/td><td>grau mit wei\u00dfer Ziernaht und Edelstahl-Dornschlie\u00dfe<\/td><\/tr><tr><td>Canvas<\/td><td>beige mit Edelstahl-Dornschlie\u00dfe<\/td><\/tr><\/tbody><\/table><figcaption class=\"wp-element-caption\">Alle von mir durchgef\u00fchrten \u00c4nderungen zum Serienmodell und das auf dem Foto abgebildete Band sind <strong>fett<\/strong> markiert.<\/figcaption><\/figure>\n\n\n\n<p><a href=\"https:\/\/www.thorsten-schneider.com\/blog\/asian-mod-cooperative\/\" data-type=\"page\" data-id=\"2748\">zur\u00fcck zur Auswahl &gt;<\/a><\/p>\n","protected":false},"excerpt":{"rendered":"<p>Inspiration Sinn 556 I hellblau Basis Tandorio Pilot Edelstahl 39mm Geh\u00e4use Tandorio Pilot Edelstahl mattiert 39mm Geh\u00e4useboden Edelstahl mattiert Zifferblatt AP-Stil t\u00fcrkis mit silbernen Indizes (33mm) Werk Seiko NH35 Datumsscheibe wei\u00df Stundenzeiger Pilot silber mit wei\u00dfem Lume Minutenzeiger Pilot silber mit wei\u00dfem Lume Sekundenzeiger silber mit wei\u00dfem Lume Krone Edelstahl mattiert L\u00fcnette Edelstahl mattiert L\u00fcnetteninlay &hellip; <\/p>\n<p class=\"link-more\"><a href=\"https:\/\/www.thorsten-schneider.com\/blog\/1-556-i-light-blue-mod\/\" class=\"more-link\"><span class=\"screen-reader-text\">\u201e1 &#8211; 556 I Aquamarin Mod\u201c <\/span>weiterlesen<\/a><\/p>\n","protected":false},"author":1,"featured_media":0,"parent":0,"menu_order":0,"comment_status":"closed","ping_status":"closed","template":"","meta":{"footnotes":""},"class_list":["post-3927","page","type-page","status-publish","hentry"],"_links":{"self":[{"href":"https:\/\/www.thorsten-schneider.com\/blog\/wp-json\/wp\/v2\/pages\/3927","targetHints":{"allow":["GET"]}}],"collection":[{"href":"https:\/\/www.thorsten-schneider.com\/blog\/wp-json\/wp\/v2\/pages"}],"about":[{"href":"https:\/\/www.thorsten-schneider.com\/blog\/wp-json\/wp\/v2\/types\/page"}],"author":[{"embeddable":true,"href":"https:\/\/www.thorsten-schneider.com\/blog\/wp-json\/wp\/v2\/users\/1"}],"replies":[{"embeddable":true,"href":"https:\/\/www.thorsten-schneider.com\/blog\/wp-json\/wp\/v2\/comments?post=3927"}],"version-history":[{"count":9,"href":"https:\/\/www.thorsten-schneider.com\/blog\/wp-json\/wp\/v2\/pages\/3927\/revisions"}],"predecessor-version":[{"id":4184,"href":"https:\/\/www.thorsten-schneider.com\/blog\/wp-json\/wp\/v2\/pages\/3927\/revisions\/4184"}],"wp:attachment":[{"href":"https:\/\/www.thorsten-schneider.com\/blog\/wp-json\/wp\/v2\/media?parent=3927"}],"curies":[{"name":"wp","href":"https:\/\/api.w.org\/{rel}","templated":true}]}}