{"id":3898,"date":"2025-02-13T17:57:26","date_gmt":"2025-02-13T16:57:26","guid":{"rendered":"https:\/\/www.thorsten-schneider.com\/blog\/?page_id=3898"},"modified":"2025-03-14T11:19:55","modified_gmt":"2025-03-14T10:19:55","slug":"1-ezm-black-mod","status":"publish","type":"page","link":"https:\/\/www.thorsten-schneider.com\/blog\/1-ezm-black-mod\/","title":{"rendered":"1 &#8211; DC80 Black Mod"},"content":{"rendered":"\n<figure class=\"wp-block-image size-large\"><img loading=\"lazy\" decoding=\"async\" width=\"1024\" height=\"768\" src=\"https:\/\/www.thorsten-schneider.com\/blog\/wp-content\/uploads\/2025\/03\/dc80_mod-1024x768.jpeg\" alt=\"\" class=\"wp-image-4121\" srcset=\"https:\/\/www.thorsten-schneider.com\/blog\/wp-content\/uploads\/2025\/03\/dc80_mod-1024x768.jpeg 1024w, https:\/\/www.thorsten-schneider.com\/blog\/wp-content\/uploads\/2025\/03\/dc80_mod-300x225.jpeg 300w, https:\/\/www.thorsten-schneider.com\/blog\/wp-content\/uploads\/2025\/03\/dc80_mod-768x576.jpeg 768w, https:\/\/www.thorsten-schneider.com\/blog\/wp-content\/uploads\/2025\/03\/dc80_mod-1536x1152.jpeg 1536w, https:\/\/www.thorsten-schneider.com\/blog\/wp-content\/uploads\/2025\/03\/dc80_mod.jpeg 1600w\" sizes=\"auto, (max-width: 767px) 89vw, (max-width: 1000px) 54vw, (max-width: 1071px) 543px, 580px\" \/><\/figure>\n\n\n\n<figure class=\"wp-block-table is-style-stripes\"><table><tbody><tr><td>Inspiration<\/td><td>Damasko DC80<\/td><\/tr><tr><td>Basis<\/td><td>Retro Diver 39mm<\/td><\/tr><tr><td>Geh\u00e4use<\/td><td>Retro Diver 39mm matt schwarz PVD<\/td><\/tr><tr><td>Geh\u00e4useboden<\/td><td>Edelstahl matt schwarz PVD<\/td><\/tr><tr><td><\/td><td><\/td><\/tr><tr><td>Zifferblatt<\/td><td><strong>Rafflestime Shark Tooth schwarz mit wei\u00dfen Indizes (28,5mm)<\/strong><\/td><\/tr><tr><td>Werk<\/td><td>Seiko NH35<\/td><\/tr><tr><td>Datumsscheibe<\/td><td>&#8211;<\/td><\/tr><tr><td>Stundenzeiger<\/td><td><strong>Pencil schwarz-wei\u00df mit wei\u00dfem Lume<\/strong><\/td><\/tr><tr><td>Minutenzeiger<\/td><td><strong><strong><strong><strong><strong>Pencil schwarz-wei\u00df mit wei\u00dfem Lume<\/strong><\/strong><\/strong><\/strong><\/strong><\/td><\/tr><tr><td>Sekundenzeiger<\/td><td><strong><strong>Pfeilzeiger orange mit wei\u00dfem Lume<\/strong><\/strong><\/td><\/tr><tr><td>Krone<\/td><td>Edelstahl matt schwarz PVD<\/td><\/tr><tr><td>L\u00fcnette<\/td><td>Edelstahl matt schwarz PVD<\/td><\/tr><tr><td>L\u00fcnetteninlay<\/td><td>schwarz mit wei\u00dfen Indizes<\/td><\/tr><tr><td><\/td><td><\/td><\/tr><tr><td>Kautschuk<\/td><td><strong>Tropic orange mit schwarzer PVD-Dornschlie\u00dfe<\/strong><\/td><\/tr><tr><td>Leder<\/td><td>schwarz mit orangefarbener Naht und schwarzer PVD-Dornschlie\u00dfe<\/td><\/tr><tr><td>Kautschuk<\/td><td>Tropic schwarz mit schwarzer PVD-Dornschlie\u00dfe<\/td><\/tr><\/tbody><\/table><figcaption class=\"wp-element-caption\">Alle von mir durchgef\u00fchrten \u00c4nderungen zum Serienmodell und das auf dem Foto abgebildete Band sind <strong>fett<\/strong> markiert.<\/figcaption><\/figure>\n\n\n\n<p><a href=\"https:\/\/www.thorsten-schneider.com\/blog\/asian-mod-cooperative\/\" data-type=\"page\" data-id=\"2748\">zur\u00fcck zur Auswahl &gt;<\/a><\/p>\n","protected":false},"excerpt":{"rendered":"<p>Inspiration Damasko DC80 Basis Retro Diver 39mm Geh\u00e4use Retro Diver 39mm matt schwarz PVD Geh\u00e4useboden Edelstahl matt schwarz PVD Zifferblatt Rafflestime Shark Tooth schwarz mit wei\u00dfen Indizes (28,5mm) Werk Seiko NH35 Datumsscheibe &#8211; Stundenzeiger Pencil schwarz-wei\u00df mit wei\u00dfem Lume Minutenzeiger Pencil schwarz-wei\u00df mit wei\u00dfem Lume Sekundenzeiger Pfeilzeiger orange mit wei\u00dfem Lume Krone Edelstahl matt schwarz &hellip; <\/p>\n<p class=\"link-more\"><a href=\"https:\/\/www.thorsten-schneider.com\/blog\/1-ezm-black-mod\/\" class=\"more-link\"><span class=\"screen-reader-text\">\u201e1 &#8211; DC80 Black Mod\u201c <\/span>weiterlesen<\/a><\/p>\n","protected":false},"author":1,"featured_media":0,"parent":0,"menu_order":0,"comment_status":"closed","ping_status":"closed","template":"","meta":{"footnotes":""},"class_list":["post-3898","page","type-page","status-publish","hentry"],"_links":{"self":[{"href":"https:\/\/www.thorsten-schneider.com\/blog\/wp-json\/wp\/v2\/pages\/3898","targetHints":{"allow":["GET"]}}],"collection":[{"href":"https:\/\/www.thorsten-schneider.com\/blog\/wp-json\/wp\/v2\/pages"}],"about":[{"href":"https:\/\/www.thorsten-schneider.com\/blog\/wp-json\/wp\/v2\/types\/page"}],"author":[{"embeddable":true,"href":"https:\/\/www.thorsten-schneider.com\/blog\/wp-json\/wp\/v2\/users\/1"}],"replies":[{"embeddable":true,"href":"https:\/\/www.thorsten-schneider.com\/blog\/wp-json\/wp\/v2\/comments?post=3898"}],"version-history":[{"count":4,"href":"https:\/\/www.thorsten-schneider.com\/blog\/wp-json\/wp\/v2\/pages\/3898\/revisions"}],"predecessor-version":[{"id":4133,"href":"https:\/\/www.thorsten-schneider.com\/blog\/wp-json\/wp\/v2\/pages\/3898\/revisions\/4133"}],"wp:attachment":[{"href":"https:\/\/www.thorsten-schneider.com\/blog\/wp-json\/wp\/v2\/media?parent=3898"}],"curies":[{"name":"wp","href":"https:\/\/api.w.org\/{rel}","templated":true}]}}