{"id":3861,"date":"2025-02-11T18:14:26","date_gmt":"2025-02-11T17:14:26","guid":{"rendered":"https:\/\/www.thorsten-schneider.com\/blog\/?page_id=3861"},"modified":"2025-03-14T12:35:33","modified_gmt":"2025-03-14T11:35:33","slug":"1-turquoisedox","status":"publish","type":"page","link":"https:\/\/www.thorsten-schneider.com\/blog\/1-turquoisedox\/","title":{"rendered":"1 &#8211; AquaDox"},"content":{"rendered":"\n<figure class=\"wp-block-image size-large\"><img loading=\"lazy\" decoding=\"async\" width=\"1024\" height=\"768\" src=\"https:\/\/www.thorsten-schneider.com\/blog\/wp-content\/uploads\/2025\/02\/TurquoiseDox-1024x768.jpeg\" alt=\"\" class=\"wp-image-3880\" srcset=\"https:\/\/www.thorsten-schneider.com\/blog\/wp-content\/uploads\/2025\/02\/TurquoiseDox-1024x768.jpeg 1024w, https:\/\/www.thorsten-schneider.com\/blog\/wp-content\/uploads\/2025\/02\/TurquoiseDox-300x225.jpeg 300w, https:\/\/www.thorsten-schneider.com\/blog\/wp-content\/uploads\/2025\/02\/TurquoiseDox-768x576.jpeg 768w, https:\/\/www.thorsten-schneider.com\/blog\/wp-content\/uploads\/2025\/02\/TurquoiseDox-1536x1152.jpeg 1536w, https:\/\/www.thorsten-schneider.com\/blog\/wp-content\/uploads\/2025\/02\/TurquoiseDox.jpeg 1600w\" sizes=\"auto, (max-width: 767px) 89vw, (max-width: 1000px) 54vw, (max-width: 1071px) 543px, 580px\" \/><\/figure>\n\n\n\n<figure class=\"wp-block-table is-style-stripes\"><table><tbody><tr><td>Inspiration<\/td><td>Doxa<\/td><\/tr><tr><td>Basis<\/td><td>Doxa-Stil 42mm<\/td><\/tr><tr><td>Geh\u00e4use<\/td><td>Doxa-Stil Edelstahl 42mm teilmattiert<\/td><\/tr><tr><td>Geh\u00e4useboden<\/td><td>Edelstahl mattiert<\/td><\/tr><tr><td><\/td><td><\/td><\/tr><tr><td>Zifferblatt<\/td><td><strong>t\u00fcrkis Sonnenschliff mit wei\u00dfen Indizes (28,5mm)<\/strong><\/td><\/tr><tr><td>Werk<\/td><td>Seiko NH35<\/td><\/tr><tr><td>Datumsscheibe<\/td><td>&#8211;<\/td><\/tr><tr><td>Stundenzeiger<\/td><td><strong>62MAS-Stil silber mit wei\u00dfem Lume<\/strong><\/td><\/tr><tr><td>Minutenzeiger<\/td><td><strong><strong>62MAS-Stil silber mit wei\u00dfem Lume<\/strong><\/strong><\/td><\/tr><tr><td>Sekundenzeiger<\/td><td><strong><strong>62MAS-Stil silber mit wei\u00dfem Lume<\/strong><\/strong><\/td><\/tr><tr><td>Krone<\/td><td>Edelstahl poliert<\/td><\/tr><tr><td>L\u00fcnette<\/td><td>Edelstahl mattiert<\/td><\/tr><tr><td>L\u00fcnetteninlay<\/td><td>Doxa-Stil Edelstahl mattiert mit t\u00fcrkisfarbenen Ziffern<\/td><\/tr><tr><td><\/td><td><\/td><\/tr><tr><td>Edelstahl<\/td><td><strong>BoR massiv teilmattiert mit Faltschlie\u00dfe<\/strong><\/td><\/tr><tr><td>Kautschuk<\/td><td>Tropic grau mit Edelstahl-Dornschlie\u00dfe<\/td><\/tr><tr><td>Leder<\/td><td>grau mit wei\u00dfer Ziernaht und Edelstahl-Dornschlie\u00dfe<\/td><\/tr><tr><td>Wildleder<\/td><td>grau mit wei\u00dfer Ziernaht und Edelstahl-Dornschlie\u00dfe<\/td><\/tr><\/tbody><\/table><figcaption class=\"wp-element-caption\">Alle von mir durchgef\u00fchrten \u00c4nderungen zum Serienmodell und das auf dem Foto abgebildete Band sind <strong>fett<\/strong> markiert.<\/figcaption><\/figure>\n\n\n\n<p><a href=\"https:\/\/www.thorsten-schneider.com\/blog\/asian-mod-cooperative\/\" data-type=\"page\" data-id=\"2748\">zur\u00fcck zur Auswahl &gt;<\/a><\/p>\n","protected":false},"excerpt":{"rendered":"<p>Inspiration Doxa Basis Doxa-Stil 42mm Geh\u00e4use Doxa-Stil Edelstahl 42mm teilmattiert Geh\u00e4useboden Edelstahl mattiert Zifferblatt t\u00fcrkis Sonnenschliff mit wei\u00dfen Indizes (28,5mm) Werk Seiko NH35 Datumsscheibe &#8211; Stundenzeiger 62MAS-Stil silber mit wei\u00dfem Lume Minutenzeiger 62MAS-Stil silber mit wei\u00dfem Lume Sekundenzeiger 62MAS-Stil silber mit wei\u00dfem Lume Krone Edelstahl poliert L\u00fcnette Edelstahl mattiert L\u00fcnetteninlay Doxa-Stil Edelstahl mattiert mit t\u00fcrkisfarbenen &hellip; <\/p>\n<p class=\"link-more\"><a href=\"https:\/\/www.thorsten-schneider.com\/blog\/1-turquoisedox\/\" class=\"more-link\"><span class=\"screen-reader-text\">\u201e1 &#8211; AquaDox\u201c <\/span>weiterlesen<\/a><\/p>\n","protected":false},"author":1,"featured_media":0,"parent":0,"menu_order":0,"comment_status":"closed","ping_status":"closed","template":"","meta":{"footnotes":""},"class_list":["post-3861","page","type-page","status-publish","hentry"],"_links":{"self":[{"href":"https:\/\/www.thorsten-schneider.com\/blog\/wp-json\/wp\/v2\/pages\/3861","targetHints":{"allow":["GET"]}}],"collection":[{"href":"https:\/\/www.thorsten-schneider.com\/blog\/wp-json\/wp\/v2\/pages"}],"about":[{"href":"https:\/\/www.thorsten-schneider.com\/blog\/wp-json\/wp\/v2\/types\/page"}],"author":[{"embeddable":true,"href":"https:\/\/www.thorsten-schneider.com\/blog\/wp-json\/wp\/v2\/users\/1"}],"replies":[{"embeddable":true,"href":"https:\/\/www.thorsten-schneider.com\/blog\/wp-json\/wp\/v2\/comments?post=3861"}],"version-history":[{"count":6,"href":"https:\/\/www.thorsten-schneider.com\/blog\/wp-json\/wp\/v2\/pages\/3861\/revisions"}],"predecessor-version":[{"id":4151,"href":"https:\/\/www.thorsten-schneider.com\/blog\/wp-json\/wp\/v2\/pages\/3861\/revisions\/4151"}],"wp:attachment":[{"href":"https:\/\/www.thorsten-schneider.com\/blog\/wp-json\/wp\/v2\/media?parent=3861"}],"curies":[{"name":"wp","href":"https:\/\/api.w.org\/{rel}","templated":true}]}}