{"id":3853,"date":"2025-02-11T17:27:20","date_gmt":"2025-02-11T16:27:20","guid":{"rendered":"https:\/\/www.thorsten-schneider.com\/blog\/?page_id=3853"},"modified":"2025-08-25T10:31:00","modified_gmt":"2025-08-25T08:31:00","slug":"1-717-mod","status":"publish","type":"page","link":"https:\/\/www.thorsten-schneider.com\/blog\/1-717-mod\/","title":{"rendered":"1 &#8211; 717-857 GMT Black Mod"},"content":{"rendered":"\n<figure class=\"wp-block-image size-large\"><img loading=\"lazy\" decoding=\"async\" width=\"1024\" height=\"768\" src=\"https:\/\/www.thorsten-schneider.com\/blog\/wp-content\/uploads\/2025\/08\/717-857_gmt_black-1024x768.jpeg\" alt=\"\" class=\"wp-image-4427\" srcset=\"https:\/\/www.thorsten-schneider.com\/blog\/wp-content\/uploads\/2025\/08\/717-857_gmt_black-1024x768.jpeg 1024w, https:\/\/www.thorsten-schneider.com\/blog\/wp-content\/uploads\/2025\/08\/717-857_gmt_black-300x225.jpeg 300w, https:\/\/www.thorsten-schneider.com\/blog\/wp-content\/uploads\/2025\/08\/717-857_gmt_black-768x576.jpeg 768w, https:\/\/www.thorsten-schneider.com\/blog\/wp-content\/uploads\/2025\/08\/717-857_gmt_black-1536x1152.jpeg 1536w, https:\/\/www.thorsten-schneider.com\/blog\/wp-content\/uploads\/2025\/08\/717-857_gmt_black.jpeg 1600w\" sizes=\"auto, (max-width: 767px) 89vw, (max-width: 1000px) 54vw, (max-width: 1071px) 543px, 580px\" \/><\/figure>\n\n\n\n<figure class=\"wp-block-table is-style-stripes\"><table><tbody><tr><td>Inspiration<\/td><td>Sinn 717 &amp; 857<\/td><\/tr><tr><td>Basis<\/td><td>Pilot 41mm<\/td><\/tr><tr><td>Geh\u00e4use<\/td><td>Edelstahl schwarz matt PVD-beschichtet mit schwarzem Rehaut 41mm<\/td><\/tr><tr><td>Geh\u00e4useboden<\/td><td>Glasboden<\/td><\/tr><tr><td><\/td><td><\/td><\/tr><tr><td>Zifferblatt<\/td><td><strong>Sinn 857 Stil schwarz mit wei\u00dfen Ziffern (28,5mm)<\/strong><\/td><\/tr><tr><td>Werk<\/td><td><strong>Seiko NH34<\/strong><\/td><\/tr><tr><td>Datumsscheibe<\/td><td><strong>schwarz<\/strong><\/td><\/tr><tr><td>Stundenzeiger<\/td><td><strong>Pencil schwarz mit wei\u00dfem Lume<\/strong><\/td><\/tr><tr><td>Minutenzeiger<\/td><td><strong><strong>Pencil schwarz mit wei\u00dfem Lume<\/strong><\/strong><\/td><\/tr><tr><td>Sekundenzeiger<\/td><td><strong>orange matt mit wei\u00dfem Lume<\/strong><\/td><\/tr><tr><td>GMT-Zeiger<\/td><td><strong><strong>orange-schwarz matt mit wei\u00dfem Lume<\/strong><\/strong><\/td><\/tr><tr><td>Krone<\/td><td>Edelstahl schwarz gl\u00e4nzend PVD-beschichtet<\/td><\/tr><tr><td>L\u00fcnette<\/td><td>Edelstahl schwarz teilmattiert PVD-beschichtet<\/td><\/tr><tr><td>L\u00fcnetteninlay<\/td><td>&#8211;<\/td><\/tr><tr><td><\/td><td><\/td><\/tr><tr><td>Leder<\/td><td><strong>schwarz mit orangefarbener Ziernaht und schwarzer PVD-Dornschlie\u00dfe<\/strong><\/td><\/tr><tr><td>Leder<\/td><td>Racing schwarz mit orangefarbener Ziernaht und schwarzer PVD-Dornschlie\u00dfe<\/td><\/tr><tr><td>Canvas<\/td><td>beige mit schwarzer PVD-Dornschlie\u00dfe<\/td><\/tr><tr><td>Sailcloth<\/td><td>schwarz mit schwarzer PVD-Dornschlie\u00dfe<\/td><\/tr><\/tbody><\/table><figcaption class=\"wp-element-caption\">Alle von mir durchgef\u00fchrten \u00c4nderungen zum Serienmodell und das auf dem Foto abgebildete Band sind <strong>fett<\/strong> markiert.<\/figcaption><\/figure>\n\n\n\n<p><a href=\"https:\/\/www.thorsten-schneider.com\/blog\/asian-mod-cooperative\/\" data-type=\"page\" data-id=\"2748\">zur\u00fcck zur Auswahl &gt;<\/a><\/p>\n","protected":false},"excerpt":{"rendered":"<p>Inspiration Sinn 717 &amp; 857 Basis Pilot 41mm Geh\u00e4use Edelstahl schwarz matt PVD-beschichtet mit schwarzem Rehaut 41mm Geh\u00e4useboden Glasboden Zifferblatt Sinn 857 Stil schwarz mit wei\u00dfen Ziffern (28,5mm) Werk Seiko NH34 Datumsscheibe schwarz Stundenzeiger Pencil schwarz mit wei\u00dfem Lume Minutenzeiger Pencil schwarz mit wei\u00dfem Lume Sekundenzeiger orange matt mit wei\u00dfem Lume GMT-Zeiger orange-schwarz matt mit &hellip; <\/p>\n<p class=\"link-more\"><a href=\"https:\/\/www.thorsten-schneider.com\/blog\/1-717-mod\/\" class=\"more-link\"><span class=\"screen-reader-text\">\u201e1 &#8211; 717-857 GMT Black Mod\u201c <\/span>weiterlesen<\/a><\/p>\n","protected":false},"author":1,"featured_media":0,"parent":0,"menu_order":0,"comment_status":"closed","ping_status":"closed","template":"","meta":{"footnotes":""},"class_list":["post-3853","page","type-page","status-publish","hentry"],"_links":{"self":[{"href":"https:\/\/www.thorsten-schneider.com\/blog\/wp-json\/wp\/v2\/pages\/3853","targetHints":{"allow":["GET"]}}],"collection":[{"href":"https:\/\/www.thorsten-schneider.com\/blog\/wp-json\/wp\/v2\/pages"}],"about":[{"href":"https:\/\/www.thorsten-schneider.com\/blog\/wp-json\/wp\/v2\/types\/page"}],"author":[{"embeddable":true,"href":"https:\/\/www.thorsten-schneider.com\/blog\/wp-json\/wp\/v2\/users\/1"}],"replies":[{"embeddable":true,"href":"https:\/\/www.thorsten-schneider.com\/blog\/wp-json\/wp\/v2\/comments?post=3853"}],"version-history":[{"count":14,"href":"https:\/\/www.thorsten-schneider.com\/blog\/wp-json\/wp\/v2\/pages\/3853\/revisions"}],"predecessor-version":[{"id":4430,"href":"https:\/\/www.thorsten-schneider.com\/blog\/wp-json\/wp\/v2\/pages\/3853\/revisions\/4430"}],"wp:attachment":[{"href":"https:\/\/www.thorsten-schneider.com\/blog\/wp-json\/wp\/v2\/media?parent=3853"}],"curies":[{"name":"wp","href":"https:\/\/api.w.org\/{rel}","templated":true}]}}