{"id":3670,"date":"2024-11-28T13:13:49","date_gmt":"2024-11-28T12:13:49","guid":{"rendered":"https:\/\/www.thorsten-schneider.com\/blog\/?page_id=3670"},"modified":"2025-03-11T17:36:42","modified_gmt":"2025-03-11T16:36:42","slug":"1-blackdox","status":"publish","type":"page","link":"https:\/\/www.thorsten-schneider.com\/blog\/1-blackdox\/","title":{"rendered":"1 &#8211; BlackDox"},"content":{"rendered":"\n<figure class=\"wp-block-image size-large\"><img loading=\"lazy\" decoding=\"async\" width=\"1024\" height=\"768\" src=\"https:\/\/www.thorsten-schneider.com\/blog\/wp-content\/uploads\/2024\/11\/blackdox-1024x768.jpeg\" alt=\"\" class=\"wp-image-3673\" srcset=\"https:\/\/www.thorsten-schneider.com\/blog\/wp-content\/uploads\/2024\/11\/blackdox-1024x768.jpeg 1024w, https:\/\/www.thorsten-schneider.com\/blog\/wp-content\/uploads\/2024\/11\/blackdox-300x225.jpeg 300w, https:\/\/www.thorsten-schneider.com\/blog\/wp-content\/uploads\/2024\/11\/blackdox-768x576.jpeg 768w, https:\/\/www.thorsten-schneider.com\/blog\/wp-content\/uploads\/2024\/11\/blackdox-1536x1152.jpeg 1536w, https:\/\/www.thorsten-schneider.com\/blog\/wp-content\/uploads\/2024\/11\/blackdox.jpeg 1600w\" sizes=\"auto, (max-width: 767px) 89vw, (max-width: 1000px) 54vw, (max-width: 1071px) 543px, 580px\" \/><\/figure>\n\n\n\n<figure class=\"wp-block-table is-style-stripes\"><table><tbody><tr><td>Inspiration<\/td><td>Doxa<\/td><\/tr><tr><td>Basis<\/td><td>Doxa-Stil 42mm<\/td><\/tr><tr><td>Geh\u00e4use<\/td><td>Doxa-Stil Edelstahl 42mm schwarz matt PVD-beschichtet<\/td><\/tr><tr><td>Geh\u00e4useboden<\/td><td>Edelstahl mattiert<\/td><\/tr><tr><td><\/td><td><\/td><\/tr><tr><td>Zifferblatt<\/td><td><strong>t\u00fcrkis strukturiert mit silbernen Indizes (28,5mm)<\/strong><\/td><\/tr><tr><td>Werk<\/td><td>Seiko NH35<\/td><\/tr><tr><td>Datumsscheibe<\/td><td>wei\u00df<\/td><\/tr><tr><td>Stundenzeiger<\/td><td><strong>MM-Stil silber poliert mit wei\u00dfem Lume<\/strong><\/td><\/tr><tr><td>Minutenzeiger<\/td><td><strong>MM-Stil silber poliert mit wei\u00dfem Lume<\/strong><\/td><\/tr><tr><td>Sekundenzeiger<\/td><td><strong>MM-Stil silber poliert mit wei\u00dfem Lume<\/strong><\/td><\/tr><tr><td>Krone<\/td><td>schwarz matt PVD-beschichtet<\/td><\/tr><tr><td>L\u00fcnette<\/td><td>schwarz matt PVD-beschichtet<\/td><\/tr><tr><td>L\u00fcnetteninlay<\/td><td>Doxa-Stil schwarz matt PVD-beschichtet mit wei\u00dfen Ziffern<\/td><\/tr><tr><td><\/td><td><\/td><\/tr><tr><td>Kautschuk<\/td><td><strong>Tropic schwarz mit schwarzer PVD-Dornschlie\u00dfe<\/strong><\/td><\/tr><tr><td>Nato<\/td><td>schwarz mit t\u00fcrkisfarbenem Streifen und schwarzer PVD-Dornschlie\u00dfe<\/td><\/tr><\/tbody><\/table><figcaption class=\"wp-element-caption\">Alle von mir durchgef\u00fchrten \u00c4nderungen zum Serienmodell und das auf dem Foto abgebildete Band sind <strong>fett<\/strong> markiert.<\/figcaption><\/figure>\n\n\n\n<p><a href=\"https:\/\/www.thorsten-schneider.com\/blog\/asian-mod-cooperative\/\" data-type=\"page\" data-id=\"2748\">zur\u00fcck zur Auswahl &gt;<\/a><\/p>\n","protected":false},"excerpt":{"rendered":"<p>Inspiration Doxa Basis Doxa-Stil 42mm Geh\u00e4use Doxa-Stil Edelstahl 42mm schwarz matt PVD-beschichtet Geh\u00e4useboden Edelstahl mattiert Zifferblatt t\u00fcrkis strukturiert mit silbernen Indizes (28,5mm) Werk Seiko NH35 Datumsscheibe wei\u00df Stundenzeiger MM-Stil silber poliert mit wei\u00dfem Lume Minutenzeiger MM-Stil silber poliert mit wei\u00dfem Lume Sekundenzeiger MM-Stil silber poliert mit wei\u00dfem Lume Krone schwarz matt PVD-beschichtet L\u00fcnette schwarz matt &hellip; <\/p>\n<p class=\"link-more\"><a href=\"https:\/\/www.thorsten-schneider.com\/blog\/1-blackdox\/\" class=\"more-link\"><span class=\"screen-reader-text\">\u201e1 &#8211; BlackDox\u201c <\/span>weiterlesen<\/a><\/p>\n","protected":false},"author":1,"featured_media":0,"parent":0,"menu_order":0,"comment_status":"closed","ping_status":"closed","template":"","meta":{"footnotes":""},"class_list":["post-3670","page","type-page","status-publish","hentry"],"_links":{"self":[{"href":"https:\/\/www.thorsten-schneider.com\/blog\/wp-json\/wp\/v2\/pages\/3670","targetHints":{"allow":["GET"]}}],"collection":[{"href":"https:\/\/www.thorsten-schneider.com\/blog\/wp-json\/wp\/v2\/pages"}],"about":[{"href":"https:\/\/www.thorsten-schneider.com\/blog\/wp-json\/wp\/v2\/types\/page"}],"author":[{"embeddable":true,"href":"https:\/\/www.thorsten-schneider.com\/blog\/wp-json\/wp\/v2\/users\/1"}],"replies":[{"embeddable":true,"href":"https:\/\/www.thorsten-schneider.com\/blog\/wp-json\/wp\/v2\/comments?post=3670"}],"version-history":[{"count":4,"href":"https:\/\/www.thorsten-schneider.com\/blog\/wp-json\/wp\/v2\/pages\/3670\/revisions"}],"predecessor-version":[{"id":3968,"href":"https:\/\/www.thorsten-schneider.com\/blog\/wp-json\/wp\/v2\/pages\/3670\/revisions\/3968"}],"wp:attachment":[{"href":"https:\/\/www.thorsten-schneider.com\/blog\/wp-json\/wp\/v2\/media?parent=3670"}],"curies":[{"name":"wp","href":"https:\/\/api.w.org\/{rel}","templated":true}]}}