{"id":3665,"date":"2024-11-28T13:05:36","date_gmt":"2024-11-28T12:05:36","guid":{"rendered":"https:\/\/www.thorsten-schneider.com\/blog\/?page_id=3665"},"modified":"2025-03-13T15:58:36","modified_gmt":"2025-03-13T14:58:36","slug":"1-vintage-pilot-baumuster-a-blue","status":"publish","type":"page","link":"https:\/\/www.thorsten-schneider.com\/blog\/1-vintage-pilot-baumuster-a-blue\/","title":{"rendered":"1 &#8211; Vintage Pilot Baumuster A Blue"},"content":{"rendered":"\n<figure class=\"wp-block-image size-large\"><img loading=\"lazy\" decoding=\"async\" width=\"1024\" height=\"768\" src=\"https:\/\/www.thorsten-schneider.com\/blog\/wp-content\/uploads\/2024\/11\/vintage_pilot-1024x768.jpeg\" alt=\"\" class=\"wp-image-3658\" srcset=\"https:\/\/www.thorsten-schneider.com\/blog\/wp-content\/uploads\/2024\/11\/vintage_pilot-1024x768.jpeg 1024w, https:\/\/www.thorsten-schneider.com\/blog\/wp-content\/uploads\/2024\/11\/vintage_pilot-300x225.jpeg 300w, https:\/\/www.thorsten-schneider.com\/blog\/wp-content\/uploads\/2024\/11\/vintage_pilot-768x576.jpeg 768w, https:\/\/www.thorsten-schneider.com\/blog\/wp-content\/uploads\/2024\/11\/vintage_pilot-1536x1152.jpeg 1536w, https:\/\/www.thorsten-schneider.com\/blog\/wp-content\/uploads\/2024\/11\/vintage_pilot.jpeg 1600w\" sizes=\"auto, (max-width: 767px) 89vw, (max-width: 1000px) 54vw, (max-width: 1071px) 543px, 580px\" \/><\/figure>\n\n\n\n<figure class=\"wp-block-table is-style-stripes\"><table><tbody><tr><td>Inspiration<\/td><td>Pilot Baumuster A<\/td><\/tr><tr><td>Basis<\/td><td>Tandorio Fieldwatch 39mm<\/td><\/tr><tr><td>Geh\u00e4use<\/td><td>Tandorio Edelstahl 39mm mattiert<\/td><\/tr><tr><td>Geh\u00e4useboden<\/td><td>Edelstahl mattiert<\/td><\/tr><tr><td><\/td><td><\/td><\/tr><tr><td>Zifferblatt<\/td><td>Baumuster A blau <strong>mit gelb eingef\u00e4rbten Ziffern (33,5mm)<\/strong><\/td><\/tr><tr><td>Werk<\/td><td>Seiko NH35<\/td><\/tr><tr><td>Datumsscheibe<\/td><td>wei\u00df<\/td><\/tr><tr><td>Stundenzeiger<\/td><td><strong>Fieldwatch silber poliert mit gelbem Lume<\/strong><\/td><\/tr><tr><td>Minutenzeiger<\/td><td><strong>Fieldwatch silber poliert mit gelbem Lume<\/strong><\/td><\/tr><tr><td>Sekundenzeiger<\/td><td><strong>silber poliert<\/strong><\/td><\/tr><tr><td>Krone<\/td><td>Edelstahl <strong>mattiert<\/strong><\/td><\/tr><tr><td>L\u00fcnette<\/td><td>Edelstahl mattiert<\/td><\/tr><tr><td>L\u00fcnetteninlay<\/td><td>&#8211;<\/td><\/tr><tr><td><\/td><td><\/td><\/tr><tr><td>Wildleder<\/td><td><strong>hellbraun mit beigefarbener Ziernaht und Edelstahl-Dornschlie\u00dfe<\/strong><\/td><\/tr><tr><td>Wildleder<\/td><td>grau mit wei\u00dfer Ziernaht und Edelstahl-Dornschlie\u00dfe<\/td><\/tr><\/tbody><\/table><figcaption class=\"wp-element-caption\">Alle von mir durchgef\u00fchrten \u00c4nderungen zum Serienmodell und das auf dem Foto abgebildete Band sind <strong>fett<\/strong> markiert.<\/figcaption><\/figure>\n\n\n\n<p><a href=\"https:\/\/www.thorsten-schneider.com\/blog\/asian-mod-cooperative\/\" data-type=\"page\" data-id=\"2748\">zur\u00fcck zur Auswahl &gt;<\/a><\/p>\n","protected":false},"excerpt":{"rendered":"<p>Inspiration Pilot Baumuster A Basis Tandorio Fieldwatch 39mm Geh\u00e4use Tandorio Edelstahl 39mm mattiert Geh\u00e4useboden Edelstahl mattiert Zifferblatt Baumuster A blau mit gelb eingef\u00e4rbten Ziffern (33,5mm) Werk Seiko NH35 Datumsscheibe wei\u00df Stundenzeiger Fieldwatch silber poliert mit gelbem Lume Minutenzeiger Fieldwatch silber poliert mit gelbem Lume Sekundenzeiger silber poliert Krone Edelstahl mattiert L\u00fcnette Edelstahl mattiert L\u00fcnetteninlay &#8211; &hellip; <\/p>\n<p class=\"link-more\"><a href=\"https:\/\/www.thorsten-schneider.com\/blog\/1-vintage-pilot-baumuster-a-blue\/\" class=\"more-link\"><span class=\"screen-reader-text\">\u201e1 &#8211; Vintage Pilot Baumuster A Blue\u201c <\/span>weiterlesen<\/a><\/p>\n","protected":false},"author":1,"featured_media":0,"parent":0,"menu_order":0,"comment_status":"closed","ping_status":"closed","template":"","meta":{"footnotes":""},"class_list":["post-3665","page","type-page","status-publish","hentry"],"_links":{"self":[{"href":"https:\/\/www.thorsten-schneider.com\/blog\/wp-json\/wp\/v2\/pages\/3665","targetHints":{"allow":["GET"]}}],"collection":[{"href":"https:\/\/www.thorsten-schneider.com\/blog\/wp-json\/wp\/v2\/pages"}],"about":[{"href":"https:\/\/www.thorsten-schneider.com\/blog\/wp-json\/wp\/v2\/types\/page"}],"author":[{"embeddable":true,"href":"https:\/\/www.thorsten-schneider.com\/blog\/wp-json\/wp\/v2\/users\/1"}],"replies":[{"embeddable":true,"href":"https:\/\/www.thorsten-schneider.com\/blog\/wp-json\/wp\/v2\/comments?post=3665"}],"version-history":[{"count":2,"href":"https:\/\/www.thorsten-schneider.com\/blog\/wp-json\/wp\/v2\/pages\/3665\/revisions"}],"predecessor-version":[{"id":4113,"href":"https:\/\/www.thorsten-schneider.com\/blog\/wp-json\/wp\/v2\/pages\/3665\/revisions\/4113"}],"wp:attachment":[{"href":"https:\/\/www.thorsten-schneider.com\/blog\/wp-json\/wp\/v2\/media?parent=3665"}],"curies":[{"name":"wp","href":"https:\/\/api.w.org\/{rel}","templated":true}]}}