{"id":3593,"date":"2024-11-08T13:55:52","date_gmt":"2024-11-08T12:55:52","guid":{"rendered":"https:\/\/www.thorsten-schneider.com\/blog\/?page_id=3593"},"modified":"2025-03-31T17:36:02","modified_gmt":"2025-03-31T15:36:02","slug":"1-blue-fathoms","status":"publish","type":"page","link":"https:\/\/www.thorsten-schneider.com\/blog\/1-blue-fathoms\/","title":{"rendered":"1 &#8211; FF Teal Mod"},"content":{"rendered":"\n<figure class=\"wp-block-image size-large\"><img loading=\"lazy\" decoding=\"async\" width=\"1024\" height=\"768\" src=\"https:\/\/www.thorsten-schneider.com\/blog\/wp-content\/uploads\/2025\/03\/ff_teal_mod-1024x768.jpeg\" alt=\"\" class=\"wp-image-4204\" srcset=\"https:\/\/www.thorsten-schneider.com\/blog\/wp-content\/uploads\/2025\/03\/ff_teal_mod-1024x768.jpeg 1024w, https:\/\/www.thorsten-schneider.com\/blog\/wp-content\/uploads\/2025\/03\/ff_teal_mod-300x225.jpeg 300w, https:\/\/www.thorsten-schneider.com\/blog\/wp-content\/uploads\/2025\/03\/ff_teal_mod-768x576.jpeg 768w, https:\/\/www.thorsten-schneider.com\/blog\/wp-content\/uploads\/2025\/03\/ff_teal_mod-1536x1152.jpeg 1536w, https:\/\/www.thorsten-schneider.com\/blog\/wp-content\/uploads\/2025\/03\/ff_teal_mod.jpeg 1600w\" sizes=\"auto, (max-width: 767px) 89vw, (max-width: 1000px) 54vw, (max-width: 1071px) 543px, 580px\" \/><\/figure>\n\n\n\n<figure class=\"wp-block-table is-style-stripes\"><table><tbody><tr><td>Inspiration<\/td><td>Blancpain Fifty Fathoms<\/td><\/tr><tr><td>Basis<\/td><td>Tandorio Fifty Fathoms Stil 40mm<\/td><\/tr><tr><td>Geh\u00e4use<\/td><td>Tandorio Fifty Fathoms Stil Edelstahl matt gestrahlt 40mm<\/td><\/tr><tr><td>Geh\u00e4useboden<\/td><td>Edelstahl matt gestrahlt<\/td><\/tr><tr><td><\/td><td><\/td><\/tr><tr><td>Zifferblatt<\/td><td><strong>blaugr\u00fcn mit hellgr\u00fcnen Ziffern (28,5mm)<\/strong><\/td><\/tr><tr><td>Werk<\/td><td>Seiko NH35<\/td><\/tr><tr><td>Datumsscheibe<\/td><td>schwarz<\/td><\/tr><tr><td>Stundenzeiger<\/td><td><strong>62MAS-Stil silber mit hellgr\u00fcnem Lume<\/strong><\/td><\/tr><tr><td>Minutenzeiger<\/td><td><strong>62MAS-Stil silber mit hellgr\u00fcnem Lume<\/strong><\/td><\/tr><tr><td>Sekundenzeiger<\/td><td><strong>62MAS-Stil silber mit hellgr\u00fcnem Lume<\/strong><\/td><\/tr><tr><td>Krone<\/td><td>Edelstahl matt gestrahlt<\/td><\/tr><tr><td>L\u00fcnette<\/td><td>Edelstahl matt gestrahlt<\/td><\/tr><tr><td>L\u00fcnetteninlay<\/td><td><strong>Fifty Fathoms Stil blaugr\u00fcn mit hellgr\u00fcnen Ziffern<\/strong><\/td><\/tr><tr><td><\/td><td><\/td><\/tr><tr><td>Wildleder<\/td><td><strong>grau mit wei\u00dfer Ziernaht und Edelstahl-Dornschlie\u00dfe<\/strong><\/td><\/tr><tr><td>Wildleder<\/td><td>Racing grau mit Edelstahl-Faltschlie\u00dfe<\/td><\/tr><\/tbody><\/table><figcaption class=\"wp-element-caption\">Alle von mir durchgef\u00fchrten \u00c4nderungen zum Serienmodell und das auf dem Foto abgebildete Band sind <strong>fett<\/strong> markiert.<\/figcaption><\/figure>\n\n\n\n<p><a href=\"https:\/\/www.thorsten-schneider.com\/blog\/asian-mod-cooperative\/\" data-type=\"page\" data-id=\"2748\">zur\u00fcck zur Auswahl &gt;<\/a><\/p>\n","protected":false},"excerpt":{"rendered":"<p>Inspiration Blancpain Fifty Fathoms Basis Tandorio Fifty Fathoms Stil 40mm Geh\u00e4use Tandorio Fifty Fathoms Stil Edelstahl matt gestrahlt 40mm Geh\u00e4useboden Edelstahl matt gestrahlt Zifferblatt blaugr\u00fcn mit hellgr\u00fcnen Ziffern (28,5mm) Werk Seiko NH35 Datumsscheibe schwarz Stundenzeiger 62MAS-Stil silber mit hellgr\u00fcnem Lume Minutenzeiger 62MAS-Stil silber mit hellgr\u00fcnem Lume Sekundenzeiger 62MAS-Stil silber mit hellgr\u00fcnem Lume Krone Edelstahl matt &hellip; <\/p>\n<p class=\"link-more\"><a href=\"https:\/\/www.thorsten-schneider.com\/blog\/1-blue-fathoms\/\" class=\"more-link\"><span class=\"screen-reader-text\">\u201e1 &#8211; FF Teal Mod\u201c <\/span>weiterlesen<\/a><\/p>\n","protected":false},"author":1,"featured_media":0,"parent":0,"menu_order":0,"comment_status":"closed","ping_status":"closed","template":"","meta":{"footnotes":""},"class_list":["post-3593","page","type-page","status-publish","hentry"],"_links":{"self":[{"href":"https:\/\/www.thorsten-schneider.com\/blog\/wp-json\/wp\/v2\/pages\/3593","targetHints":{"allow":["GET"]}}],"collection":[{"href":"https:\/\/www.thorsten-schneider.com\/blog\/wp-json\/wp\/v2\/pages"}],"about":[{"href":"https:\/\/www.thorsten-schneider.com\/blog\/wp-json\/wp\/v2\/types\/page"}],"author":[{"embeddable":true,"href":"https:\/\/www.thorsten-schneider.com\/blog\/wp-json\/wp\/v2\/users\/1"}],"replies":[{"embeddable":true,"href":"https:\/\/www.thorsten-schneider.com\/blog\/wp-json\/wp\/v2\/comments?post=3593"}],"version-history":[{"count":3,"href":"https:\/\/www.thorsten-schneider.com\/blog\/wp-json\/wp\/v2\/pages\/3593\/revisions"}],"predecessor-version":[{"id":4215,"href":"https:\/\/www.thorsten-schneider.com\/blog\/wp-json\/wp\/v2\/pages\/3593\/revisions\/4215"}],"wp:attachment":[{"href":"https:\/\/www.thorsten-schneider.com\/blog\/wp-json\/wp\/v2\/media?parent=3593"}],"curies":[{"name":"wp","href":"https:\/\/api.w.org\/{rel}","templated":true}]}}