{"id":3588,"date":"2024-11-08T13:42:04","date_gmt":"2024-11-08T12:42:04","guid":{"rendered":"https:\/\/www.thorsten-schneider.com\/blog\/?page_id=3588"},"modified":"2025-03-14T11:20:24","modified_gmt":"2025-03-14T10:20:24","slug":"1-lawless-red-mod","status":"publish","type":"page","link":"https:\/\/www.thorsten-schneider.com\/blog\/1-lawless-red-mod\/","title":{"rendered":"1 &#8211; Lawless Red Mod"},"content":{"rendered":"\n<figure class=\"wp-block-image size-large\"><img loading=\"lazy\" decoding=\"async\" width=\"1024\" height=\"768\" src=\"https:\/\/www.thorsten-schneider.com\/blog\/wp-content\/uploads\/2025\/03\/lawless_red_mod-1024x768.jpeg\" alt=\"\" class=\"wp-image-4119\" srcset=\"https:\/\/www.thorsten-schneider.com\/blog\/wp-content\/uploads\/2025\/03\/lawless_red_mod-1024x768.jpeg 1024w, https:\/\/www.thorsten-schneider.com\/blog\/wp-content\/uploads\/2025\/03\/lawless_red_mod-300x225.jpeg 300w, https:\/\/www.thorsten-schneider.com\/blog\/wp-content\/uploads\/2025\/03\/lawless_red_mod-768x576.jpeg 768w, https:\/\/www.thorsten-schneider.com\/blog\/wp-content\/uploads\/2025\/03\/lawless_red_mod-1536x1152.jpeg 1536w, https:\/\/www.thorsten-schneider.com\/blog\/wp-content\/uploads\/2025\/03\/lawless_red_mod.jpeg 1600w\" sizes=\"auto, (max-width: 767px) 89vw, (max-width: 1000px) 54vw, (max-width: 1071px) 543px, 580px\" \/><\/figure>\n\n\n\n<figure class=\"wp-block-table is-style-stripes\"><table><tbody><tr><td>Inspiration<\/td><td>Tourby Lawless Red<\/td><\/tr><tr><td>Basis<\/td><td>Tandorio Black-Bay-Stil 41mm<\/td><\/tr><tr><td>Geh\u00e4use<\/td><td>Tandorio Black-Bay-Stil 41mm teilmattiert<\/td><\/tr><tr><td>Geh\u00e4useboden<\/td><td>Edelstahl mattiert<\/td><\/tr><tr><td><\/td><td><\/td><\/tr><tr><td>Zifferblatt<\/td><td><strong>schwarz strukturiert mit silbernen Indizes (31mm)<\/strong><\/td><\/tr><tr><td>Werk<\/td><td>Seiko NH35<\/td><\/tr><tr><td>Datumsscheibe<\/td><td>schwarz<\/td><\/tr><tr><td>Stundenzeiger<\/td><td><strong>Pencil schwarz-wei\u00df mit rotem Lume<\/strong><\/td><\/tr><tr><td>Minutenzeiger<\/td><td><strong><strong><strong>Pencil schwarz-wei\u00df mit rotem Lume<\/strong><\/strong><\/strong><\/td><\/tr><tr><td>Sekundenzeiger<\/td><td><strong><strong>Pfeilzeiger rot-schwarz lackiert mit wei\u00dfem Lume<\/strong><\/strong><\/td><\/tr><tr><td>Krone<\/td><td>Edelstahl poliert<\/td><\/tr><tr><td>L\u00fcnette<\/td><td>Edelstahl poliert<\/td><\/tr><tr><td>L\u00fcnetteninlay<\/td><td>Black-Bay-Stil schwarz mit rotem Dreieck und silbernen Indizes<\/td><\/tr><tr><td><\/td><td><\/td><\/tr><tr><td>Leder<\/td><td><strong>braun mit wei\u00dfer Ziernaht und Edelstahl-Dornschlie\u00dfe<\/strong><\/td><\/tr><tr><td>Tropic<\/td><td>rot mit Edelstahl-Dornschlie\u00dfe<\/td><\/tr><\/tbody><\/table><figcaption class=\"wp-element-caption\">Alle von mir durchgef\u00fchrten \u00c4nderungen zum Serienmodell und das auf dem Foto abgebildete Band sind <strong>fett<\/strong> markiert.<\/figcaption><\/figure>\n\n\n\n<p><a href=\"https:\/\/www.thorsten-schneider.com\/blog\/asian-mod-cooperative\/\" data-type=\"page\" data-id=\"2748\">zur\u00fcck zur Auswahl &gt;<\/a><\/p>\n","protected":false},"excerpt":{"rendered":"<p>Inspiration Tourby Lawless Red Basis Tandorio Black-Bay-Stil 41mm Geh\u00e4use Tandorio Black-Bay-Stil 41mm teilmattiert Geh\u00e4useboden Edelstahl mattiert Zifferblatt schwarz strukturiert mit silbernen Indizes (31mm) Werk Seiko NH35 Datumsscheibe schwarz Stundenzeiger Pencil schwarz-wei\u00df mit rotem Lume Minutenzeiger Pencil schwarz-wei\u00df mit rotem Lume Sekundenzeiger Pfeilzeiger rot-schwarz lackiert mit wei\u00dfem Lume Krone Edelstahl poliert L\u00fcnette Edelstahl poliert L\u00fcnetteninlay Black-Bay-Stil &hellip; <\/p>\n<p class=\"link-more\"><a href=\"https:\/\/www.thorsten-schneider.com\/blog\/1-lawless-red-mod\/\" class=\"more-link\"><span class=\"screen-reader-text\">\u201e1 &#8211; Lawless Red Mod\u201c <\/span>weiterlesen<\/a><\/p>\n","protected":false},"author":1,"featured_media":0,"parent":0,"menu_order":0,"comment_status":"closed","ping_status":"closed","template":"","meta":{"footnotes":""},"class_list":["post-3588","page","type-page","status-publish","hentry"],"_links":{"self":[{"href":"https:\/\/www.thorsten-schneider.com\/blog\/wp-json\/wp\/v2\/pages\/3588","targetHints":{"allow":["GET"]}}],"collection":[{"href":"https:\/\/www.thorsten-schneider.com\/blog\/wp-json\/wp\/v2\/pages"}],"about":[{"href":"https:\/\/www.thorsten-schneider.com\/blog\/wp-json\/wp\/v2\/types\/page"}],"author":[{"embeddable":true,"href":"https:\/\/www.thorsten-schneider.com\/blog\/wp-json\/wp\/v2\/users\/1"}],"replies":[{"embeddable":true,"href":"https:\/\/www.thorsten-schneider.com\/blog\/wp-json\/wp\/v2\/comments?post=3588"}],"version-history":[{"count":6,"href":"https:\/\/www.thorsten-schneider.com\/blog\/wp-json\/wp\/v2\/pages\/3588\/revisions"}],"predecessor-version":[{"id":4134,"href":"https:\/\/www.thorsten-schneider.com\/blog\/wp-json\/wp\/v2\/pages\/3588\/revisions\/4134"}],"wp:attachment":[{"href":"https:\/\/www.thorsten-schneider.com\/blog\/wp-json\/wp\/v2\/media?parent=3588"}],"curies":[{"name":"wp","href":"https:\/\/api.w.org\/{rel}","templated":true}]}}