{"id":3585,"date":"2024-11-08T13:35:48","date_gmt":"2024-11-08T12:35:48","guid":{"rendered":"https:\/\/www.thorsten-schneider.com\/blog\/?page_id=3585"},"modified":"2025-03-14T12:33:57","modified_gmt":"2025-03-14T11:33:57","slug":"1-vintage-diver-redwhiteblue","status":"publish","type":"page","link":"https:\/\/www.thorsten-schneider.com\/blog\/1-vintage-diver-redwhiteblue\/","title":{"rendered":"1 &#8211; Vintage Diver WhiteRedBlue"},"content":{"rendered":"\n<figure class=\"wp-block-image size-large\"><img loading=\"lazy\" decoding=\"async\" width=\"1024\" height=\"768\" src=\"https:\/\/www.thorsten-schneider.com\/blog\/wp-content\/uploads\/2024\/11\/vintage_diver_whitebluered-1024x768.jpeg\" alt=\"\" class=\"wp-image-3614\" srcset=\"https:\/\/www.thorsten-schneider.com\/blog\/wp-content\/uploads\/2024\/11\/vintage_diver_whitebluered-1024x768.jpeg 1024w, https:\/\/www.thorsten-schneider.com\/blog\/wp-content\/uploads\/2024\/11\/vintage_diver_whitebluered-300x225.jpeg 300w, https:\/\/www.thorsten-schneider.com\/blog\/wp-content\/uploads\/2024\/11\/vintage_diver_whitebluered-768x576.jpeg 768w, https:\/\/www.thorsten-schneider.com\/blog\/wp-content\/uploads\/2024\/11\/vintage_diver_whitebluered-1536x1152.jpeg 1536w, https:\/\/www.thorsten-schneider.com\/blog\/wp-content\/uploads\/2024\/11\/vintage_diver_whitebluered.jpeg 1600w\" sizes=\"auto, (max-width: 767px) 89vw, (max-width: 1000px) 54vw, (max-width: 1071px) 543px, 580px\" \/><\/figure>\n\n\n\n<figure class=\"wp-block-table is-style-stripes\"><table><tbody><tr><td>Inspiration<\/td><td>70s Diver<\/td><\/tr><tr><td>Basis<\/td><td>Vintage Diver 38,5mm<\/td><\/tr><tr><td>Geh\u00e4use<\/td><td>Edelstahl 38,5mm teilmattiert<\/td><\/tr><tr><td>Geh\u00e4useboden<\/td><td>Edelstahl poliert<\/td><\/tr><tr><td><\/td><td><\/td><\/tr><tr><td>Zifferblatt<\/td><td><strong>wei\u00df strukturiert mit silbernen Indizes (28,5mm)<\/strong><\/td><\/tr><tr><td>Werk<\/td><td>Seiko NH35<\/td><\/tr><tr><td>Datumsscheibe<\/td><td>wei\u00df<\/td><\/tr><tr><td>Stundenzeiger<\/td><td><strong>62MAS-Stil silber mit wei\u00dfem Lume<\/strong><\/td><\/tr><tr><td>Minutenzeiger<\/td><td><strong>62MAS-Stil silber mit wei\u00dfem Lume<\/strong><\/td><\/tr><tr><td>Sekundenzeiger<\/td><td><strong>rot mit wei\u00dfem Lume<\/strong><\/td><\/tr><tr><td>Krone<\/td><td>Edelstahl poliert<\/td><\/tr><tr><td>L\u00fcnette<\/td><td>Edelstahl poliert<\/td><\/tr><tr><td>L\u00fcnetteninlay<\/td><td>blau-rot mit silbernen Indizes<\/td><\/tr><tr><td><\/td><td><\/td><\/tr><tr><td>Nato<\/td><td><strong>2-Piece blau-wei\u00df-rot mit Edelstahl-Dornschlie\u00dfe<\/strong><\/td><\/tr><tr><td>Edelstahl<\/td><td>massiv mattiert mit Faltschlie\u00dfe<\/td><\/tr><\/tbody><\/table><figcaption class=\"wp-element-caption\">Alle von mir durchgef\u00fchrten \u00c4nderungen zum Serienmodell und das auf dem Foto abgebildete Band sind <strong>fett<\/strong> markiert.<\/figcaption><\/figure>\n\n\n\n<p><a href=\"https:\/\/www.thorsten-schneider.com\/blog\/asian-mod-cooperative\/\" data-type=\"page\" data-id=\"2748\">zur\u00fcck zur Auswahl &gt;<\/a><\/p>\n","protected":false},"excerpt":{"rendered":"<p>Inspiration 70s Diver Basis Vintage Diver 38,5mm Geh\u00e4use Edelstahl 38,5mm teilmattiert Geh\u00e4useboden Edelstahl poliert Zifferblatt wei\u00df strukturiert mit silbernen Indizes (28,5mm) Werk Seiko NH35 Datumsscheibe wei\u00df Stundenzeiger 62MAS-Stil silber mit wei\u00dfem Lume Minutenzeiger 62MAS-Stil silber mit wei\u00dfem Lume Sekundenzeiger rot mit wei\u00dfem Lume Krone Edelstahl poliert L\u00fcnette Edelstahl poliert L\u00fcnetteninlay blau-rot mit silbernen Indizes Nato &hellip; <\/p>\n<p class=\"link-more\"><a href=\"https:\/\/www.thorsten-schneider.com\/blog\/1-vintage-diver-redwhiteblue\/\" class=\"more-link\"><span class=\"screen-reader-text\">\u201e1 &#8211; Vintage Diver WhiteRedBlue\u201c <\/span>weiterlesen<\/a><\/p>\n","protected":false},"author":1,"featured_media":0,"parent":0,"menu_order":0,"comment_status":"closed","ping_status":"closed","template":"","meta":{"footnotes":""},"class_list":["post-3585","page","type-page","status-publish","hentry"],"_links":{"self":[{"href":"https:\/\/www.thorsten-schneider.com\/blog\/wp-json\/wp\/v2\/pages\/3585","targetHints":{"allow":["GET"]}}],"collection":[{"href":"https:\/\/www.thorsten-schneider.com\/blog\/wp-json\/wp\/v2\/pages"}],"about":[{"href":"https:\/\/www.thorsten-schneider.com\/blog\/wp-json\/wp\/v2\/types\/page"}],"author":[{"embeddable":true,"href":"https:\/\/www.thorsten-schneider.com\/blog\/wp-json\/wp\/v2\/users\/1"}],"replies":[{"embeddable":true,"href":"https:\/\/www.thorsten-schneider.com\/blog\/wp-json\/wp\/v2\/comments?post=3585"}],"version-history":[{"count":5,"href":"https:\/\/www.thorsten-schneider.com\/blog\/wp-json\/wp\/v2\/pages\/3585\/revisions"}],"predecessor-version":[{"id":4149,"href":"https:\/\/www.thorsten-schneider.com\/blog\/wp-json\/wp\/v2\/pages\/3585\/revisions\/4149"}],"wp:attachment":[{"href":"https:\/\/www.thorsten-schneider.com\/blog\/wp-json\/wp\/v2\/media?parent=3585"}],"curies":[{"name":"wp","href":"https:\/\/api.w.org\/{rel}","templated":true}]}}