{"id":3377,"date":"2024-08-15T23:32:20","date_gmt":"2024-08-15T21:32:20","guid":{"rendered":"https:\/\/www.thorsten-schneider.com\/blog\/?page_id=3377"},"modified":"2026-02-02T13:06:38","modified_gmt":"2026-02-02T12:06:38","slug":"1-pam-submersible-black-mod","status":"publish","type":"page","link":"https:\/\/www.thorsten-schneider.com\/blog\/1-pam-submersible-black-mod\/","title":{"rendered":"1 &#8211; PAM Sub Black Mod"},"content":{"rendered":"\n<figure class=\"wp-block-image size-large\"><img loading=\"lazy\" decoding=\"async\" width=\"1024\" height=\"768\" src=\"https:\/\/www.thorsten-schneider.com\/blog\/wp-content\/uploads\/2024\/08\/pam_submersible_black-1024x768.jpeg\" alt=\"\" class=\"wp-image-3331\" srcset=\"https:\/\/www.thorsten-schneider.com\/blog\/wp-content\/uploads\/2024\/08\/pam_submersible_black-1024x768.jpeg 1024w, https:\/\/www.thorsten-schneider.com\/blog\/wp-content\/uploads\/2024\/08\/pam_submersible_black-300x225.jpeg 300w, https:\/\/www.thorsten-schneider.com\/blog\/wp-content\/uploads\/2024\/08\/pam_submersible_black-768x576.jpeg 768w, https:\/\/www.thorsten-schneider.com\/blog\/wp-content\/uploads\/2024\/08\/pam_submersible_black-1536x1152.jpeg 1536w, https:\/\/www.thorsten-schneider.com\/blog\/wp-content\/uploads\/2024\/08\/pam_submersible_black.jpeg 1600w\" sizes=\"auto, (max-width: 767px) 89vw, (max-width: 1000px) 54vw, (max-width: 1071px) 543px, 580px\" \/><\/figure>\n\n\n\n<figure class=\"wp-block-table is-style-stripes\"><table><tbody><tr><td>Inspiration<\/td><td>Panerai Submersible schwarz PAM02973<\/td><\/tr><tr><td>Basis<\/td><td>Pagani Design Submersible-Stil 42mm<\/td><\/tr><tr><td>Geh\u00e4use<\/td><td>Pagani Design Edelstahl mattiert 42mm<\/td><\/tr><tr><td>Geh\u00e4useboden<\/td><td>Glasboden<\/td><\/tr><tr><td><\/td><td><\/td><\/tr><tr><td>Zifferblatt<\/td><td><strong>schwarz strukturiert mit silbernen Indizes (31,8mm)<\/strong><\/td><\/tr><tr><td>Werk<\/td><td><strong>Seiko NH35<\/strong><\/td><\/tr><tr><td>Datumsscheibe<\/td><td><strong>schwarz<\/strong><\/td><\/tr><tr><td>Stundenzeiger<\/td><td><strong>Ranger-Stil silber mit wei\u00dfem Lume<\/strong><\/td><\/tr><tr><td>Minutenzeiger<\/td><td><strong><strong><strong>Ranger-Stil silber mit wei\u00dfem Lume<\/strong><\/strong><\/strong><\/td><\/tr><tr><td>Sekundenzeiger<\/td><td><strong>Pfeilzeiger <strong><strong><strong>hellblau mit wei\u00dfem Lume<\/strong><\/strong><\/strong><\/strong><\/td><\/tr><tr><td>Krone<\/td><td>Edelstahl mattiert<\/td><\/tr><tr><td>L\u00fcnette<\/td><td>Edelstahl mattiert<\/td><\/tr><tr><td>L\u00fcnetteninlay<\/td><td>Edelstahl mattiert mit Indexpunkten<\/td><\/tr><tr><td><\/td><td><\/td><\/tr><tr><td>Nato<\/td><td><strong>2-Piece schwarz mit hellblauem Streifen und Edelstahl-Dornschlie\u00dfe<\/strong><\/td><\/tr><tr><td>Edelstahl<\/td><td>IWC-Stil massiv mattiert mit Edelstahl-Faltschlie\u00dfe<\/td><\/tr><\/tbody><\/table><figcaption class=\"wp-element-caption\">Alle von mir durchgef\u00fchrten \u00c4nderungen zum Serienmodell und das auf dem Foto abgebildete Band sind <strong>fett<\/strong> markiert.<\/figcaption><\/figure>\n\n\n\n<p><a href=\"https:\/\/www.thorsten-schneider.com\/blog\/asian-mod-cooperative\/\" data-type=\"page\" data-id=\"2748\">zur\u00fcck zur Auswahl &gt;<\/a><\/p>\n","protected":false},"excerpt":{"rendered":"<p>Inspiration Panerai Submersible schwarz PAM02973 Basis Pagani Design Submersible-Stil 42mm Geh\u00e4use Pagani Design Edelstahl mattiert 42mm Geh\u00e4useboden Glasboden Zifferblatt schwarz strukturiert mit silbernen Indizes (31,8mm) Werk Seiko NH35 Datumsscheibe schwarz Stundenzeiger Ranger-Stil silber mit wei\u00dfem Lume Minutenzeiger Ranger-Stil silber mit wei\u00dfem Lume Sekundenzeiger Pfeilzeiger hellblau mit wei\u00dfem Lume Krone Edelstahl mattiert L\u00fcnette Edelstahl mattiert L\u00fcnetteninlay &hellip; <\/p>\n<p class=\"link-more\"><a href=\"https:\/\/www.thorsten-schneider.com\/blog\/1-pam-submersible-black-mod\/\" class=\"more-link\"><span class=\"screen-reader-text\">\u201e1 &#8211; PAM Sub Black Mod\u201c <\/span>weiterlesen<\/a><\/p>\n","protected":false},"author":1,"featured_media":0,"parent":0,"menu_order":0,"comment_status":"closed","ping_status":"closed","template":"","meta":{"footnotes":""},"class_list":["post-3377","page","type-page","status-publish","hentry"],"_links":{"self":[{"href":"https:\/\/www.thorsten-schneider.com\/blog\/wp-json\/wp\/v2\/pages\/3377","targetHints":{"allow":["GET"]}}],"collection":[{"href":"https:\/\/www.thorsten-schneider.com\/blog\/wp-json\/wp\/v2\/pages"}],"about":[{"href":"https:\/\/www.thorsten-schneider.com\/blog\/wp-json\/wp\/v2\/types\/page"}],"author":[{"embeddable":true,"href":"https:\/\/www.thorsten-schneider.com\/blog\/wp-json\/wp\/v2\/users\/1"}],"replies":[{"embeddable":true,"href":"https:\/\/www.thorsten-schneider.com\/blog\/wp-json\/wp\/v2\/comments?post=3377"}],"version-history":[{"count":3,"href":"https:\/\/www.thorsten-schneider.com\/blog\/wp-json\/wp\/v2\/pages\/3377\/revisions"}],"predecessor-version":[{"id":5013,"href":"https:\/\/www.thorsten-schneider.com\/blog\/wp-json\/wp\/v2\/pages\/3377\/revisions\/5013"}],"wp:attachment":[{"href":"https:\/\/www.thorsten-schneider.com\/blog\/wp-json\/wp\/v2\/media?parent=3377"}],"curies":[{"name":"wp","href":"https:\/\/api.w.org\/{rel}","templated":true}]}}