{"id":3294,"date":"2024-08-06T10:59:30","date_gmt":"2024-08-06T08:59:30","guid":{"rendered":"https:\/\/www.thorsten-schneider.com\/blog\/?page_id=3294"},"modified":"2025-03-13T14:58:34","modified_gmt":"2025-03-13T13:58:34","slug":"1-monza-bamford-mod","status":"publish","type":"page","link":"https:\/\/www.thorsten-schneider.com\/blog\/1-monza-bamford-mod\/","title":{"rendered":"1 &#8211; Monza Bamford Mod"},"content":{"rendered":"\n<figure class=\"wp-block-image size-large\"><img loading=\"lazy\" decoding=\"async\" width=\"1024\" height=\"768\" src=\"https:\/\/www.thorsten-schneider.com\/blog\/wp-content\/uploads\/2024\/08\/monza_bamford-1024x768.jpeg\" alt=\"\" class=\"wp-image-3323\" srcset=\"https:\/\/www.thorsten-schneider.com\/blog\/wp-content\/uploads\/2024\/08\/monza_bamford-1024x768.jpeg 1024w, https:\/\/www.thorsten-schneider.com\/blog\/wp-content\/uploads\/2024\/08\/monza_bamford-300x225.jpeg 300w, https:\/\/www.thorsten-schneider.com\/blog\/wp-content\/uploads\/2024\/08\/monza_bamford-768x576.jpeg 768w, https:\/\/www.thorsten-schneider.com\/blog\/wp-content\/uploads\/2024\/08\/monza_bamford-1536x1152.jpeg 1536w, https:\/\/www.thorsten-schneider.com\/blog\/wp-content\/uploads\/2024\/08\/monza_bamford.jpeg 1600w\" sizes=\"auto, (max-width: 767px) 89vw, (max-width: 1000px) 54vw, (max-width: 1071px) 543px, 580px\" \/><\/figure>\n\n\n\n<figure class=\"wp-block-table is-style-stripes\"><table><tbody><tr><td>Inspiration<\/td><td>TAG Heuer Monza Chronograph Bamford Special Edition<\/td><\/tr><tr><td>Basis<\/td><td>Tandorio Radiomir-Stil 42mm<\/td><\/tr><tr><td>Geh\u00e4use<\/td><td>Tandorio Edelstahl Radiomir-Stil 42mm <strong>matt gestrahlt<\/strong><\/td><\/tr><tr><td>Geh\u00e4useboden<\/td><td>Edelstahl <strong>matt gestrahlt<\/strong><\/td><\/tr><tr><td><\/td><td><\/td><\/tr><tr><td>Zifferblatt<\/td><td><strong>dunkelblau  mit wei\u00dfen Indizes (auf 34,8mm abgeschliffen)<\/strong><\/td><\/tr><tr><td>Werk<\/td><td>Seiko NH35<\/td><\/tr><tr><td>Datumsscheibe<\/td><td>schwarz<\/td><\/tr><tr><td>Stundenzeiger<\/td><td><strong><strong><strong><strong>Pencil silber mattiert\/orange mit wei\u00dfem Lume<\/strong><\/strong><\/strong><\/strong><\/td><\/tr><tr><td>Minutenzeiger<\/td><td><strong><strong><strong><strong>Pencil silber mattiert\/orange mit wei\u00dfem Lume<\/strong><\/strong><\/strong><\/strong><\/td><\/tr><tr><td>Sekundenzeiger<\/td><td><strong>keilf\u00f6rmig, orange<\/strong><\/td><\/tr><tr><td>Krone<\/td><td><strong>Edelstahl matt gestrahlt<\/strong><\/td><\/tr><tr><td>L\u00fcnette<\/td><td>Edelstahl <strong>matt gestrahlt<\/strong><\/td><\/tr><tr><td>L\u00fcnetteninlay<\/td><td>&#8211;<\/td><\/tr><tr><td><\/td><td><\/td><\/tr><tr><td>Nato<\/td><td><strong>orange-dunkelblau mit Edelstahl-Dornschlie\u00dfe<\/strong><\/td><\/tr><tr><td>Wildleder<\/td><td>dunkelblau mit orangefarbener Ziernaht und Edelstahl-Dornschlie\u00dfe<\/td><\/tr><\/tbody><\/table><figcaption class=\"wp-element-caption\">Alle von mir durchgef\u00fchrten \u00c4nderungen zum Serienmodell und das auf dem Foto abgebildete Band sind <strong>fett<\/strong> markiert.<\/figcaption><\/figure>\n\n\n\n<p><a href=\"https:\/\/www.thorsten-schneider.com\/blog\/asian-mod-cooperative\/\" data-type=\"page\" data-id=\"2748\">zur\u00fcck zur Auswahl &gt;<\/a><\/p>\n","protected":false},"excerpt":{"rendered":"<p>Inspiration TAG Heuer Monza Chronograph Bamford Special Edition Basis Tandorio Radiomir-Stil 42mm Geh\u00e4use Tandorio Edelstahl Radiomir-Stil 42mm matt gestrahlt Geh\u00e4useboden Edelstahl matt gestrahlt Zifferblatt dunkelblau mit wei\u00dfen Indizes (auf 34,8mm abgeschliffen) Werk Seiko NH35 Datumsscheibe schwarz Stundenzeiger Pencil silber mattiert\/orange mit wei\u00dfem Lume Minutenzeiger Pencil silber mattiert\/orange mit wei\u00dfem Lume Sekundenzeiger keilf\u00f6rmig, orange Krone Edelstahl &hellip; <\/p>\n<p class=\"link-more\"><a href=\"https:\/\/www.thorsten-schneider.com\/blog\/1-monza-bamford-mod\/\" class=\"more-link\"><span class=\"screen-reader-text\">\u201e1 &#8211; Monza Bamford Mod\u201c <\/span>weiterlesen<\/a><\/p>\n","protected":false},"author":1,"featured_media":0,"parent":0,"menu_order":0,"comment_status":"closed","ping_status":"closed","template":"","meta":{"footnotes":""},"class_list":["post-3294","page","type-page","status-publish","hentry"],"_links":{"self":[{"href":"https:\/\/www.thorsten-schneider.com\/blog\/wp-json\/wp\/v2\/pages\/3294","targetHints":{"allow":["GET"]}}],"collection":[{"href":"https:\/\/www.thorsten-schneider.com\/blog\/wp-json\/wp\/v2\/pages"}],"about":[{"href":"https:\/\/www.thorsten-schneider.com\/blog\/wp-json\/wp\/v2\/types\/page"}],"author":[{"embeddable":true,"href":"https:\/\/www.thorsten-schneider.com\/blog\/wp-json\/wp\/v2\/users\/1"}],"replies":[{"embeddable":true,"href":"https:\/\/www.thorsten-schneider.com\/blog\/wp-json\/wp\/v2\/comments?post=3294"}],"version-history":[{"count":5,"href":"https:\/\/www.thorsten-schneider.com\/blog\/wp-json\/wp\/v2\/pages\/3294\/revisions"}],"predecessor-version":[{"id":4038,"href":"https:\/\/www.thorsten-schneider.com\/blog\/wp-json\/wp\/v2\/pages\/3294\/revisions\/4038"}],"wp:attachment":[{"href":"https:\/\/www.thorsten-schneider.com\/blog\/wp-json\/wp\/v2\/media?parent=3294"}],"curies":[{"name":"wp","href":"https:\/\/api.w.org\/{rel}","templated":true}]}}