{"id":3292,"date":"2024-08-06T10:52:49","date_gmt":"2024-08-06T08:52:49","guid":{"rendered":"https:\/\/www.thorsten-schneider.com\/blog\/?page_id=3292"},"modified":"2025-03-13T15:48:31","modified_gmt":"2025-03-13T14:48:31","slug":"1-u1-ds-grey-mod","status":"publish","type":"page","link":"https:\/\/www.thorsten-schneider.com\/blog\/1-u1-ds-grey-mod\/","title":{"rendered":"1 &#8211; U1 DS Grey Mod"},"content":{"rendered":"\n<figure class=\"wp-block-image size-large\"><img loading=\"lazy\" decoding=\"async\" width=\"1024\" height=\"768\" src=\"https:\/\/www.thorsten-schneider.com\/blog\/wp-content\/uploads\/2024\/08\/u1_ds_se-1024x768.jpeg\" alt=\"\" class=\"wp-image-3278\" srcset=\"https:\/\/www.thorsten-schneider.com\/blog\/wp-content\/uploads\/2024\/08\/u1_ds_se-1024x768.jpeg 1024w, https:\/\/www.thorsten-schneider.com\/blog\/wp-content\/uploads\/2024\/08\/u1_ds_se-300x225.jpeg 300w, https:\/\/www.thorsten-schneider.com\/blog\/wp-content\/uploads\/2024\/08\/u1_ds_se-768x576.jpeg 768w, https:\/\/www.thorsten-schneider.com\/blog\/wp-content\/uploads\/2024\/08\/u1_ds_se-1536x1152.jpeg 1536w, https:\/\/www.thorsten-schneider.com\/blog\/wp-content\/uploads\/2024\/08\/u1_ds_se.jpeg 1600w\" sizes=\"auto, (max-width: 767px) 89vw, (max-width: 1000px) 54vw, (max-width: 1071px) 543px, 580px\" \/><\/figure>\n\n\n\n<figure class=\"wp-block-table is-style-stripes\"><table><tbody><tr><td>Inspiration<\/td><td>Sinn U1 DS<\/td><\/tr><tr><td>Basis<\/td><td>Seiko-SEA-Stil Edelstahl 42mm<\/td><\/tr><tr><td>Geh\u00e4use<\/td><td>Seiko-SEA-Stil Edelstahl <strong>matt gestrahlt<\/strong> 42mm<\/td><\/tr><tr><td>Geh\u00e4useboden<\/td><td>Glasboden<\/td><\/tr><tr><td><\/td><td><\/td><\/tr><tr><td>Zifferblatt<\/td><td><strong><strong>grau matt strukturiert mit silbernen Indizes (28,5mm)<\/strong><\/strong><\/td><\/tr><tr><td>Werk<\/td><td>Seiko NH35<\/td><\/tr><tr><td>Datumsscheibe<\/td><td>schwarz<\/td><\/tr><tr><td>Stundenzeiger<\/td><td><strong><strong>Namoki U1-Stil schwarz mit wei\u00dfem Lume<\/strong><\/strong><\/td><\/tr><tr><td>Minutenzeiger<\/td><td><strong><strong>Namoki U1-Stil schwarz mit wei\u00dfem Lume<\/strong><\/strong><\/td><\/tr><tr><td>Sekundenzeiger<\/td><td><strong><strong>Namoki U1-Stil schwarz mit wei\u00dfem Lume<\/strong><\/strong><\/td><\/tr><tr><td>Krone<\/td><td>Edelstahl <strong>matt gestrahlt<\/strong><\/td><\/tr><tr><td>L\u00fcnette<\/td><td>Edelstahl <strong>matt gestrahlt<\/strong><\/td><\/tr><tr><td>L\u00fcnetteninlay<\/td><td>Edelstahl <strong>matt gestrahlt<\/strong><\/td><\/tr><tr><td><\/td><td><\/td><\/tr><tr><td>Canvas<\/td><td><strong>beige mit beigefarbener Ziernaht und Edelstahl-Dornschlie\u00dfe<\/strong><\/td><\/tr><tr><td>Leder<\/td><td>braun mit schwarzer Ziernaht und Edelstahl-Dornschlie\u00dfe<\/td><\/tr><\/tbody><\/table><figcaption class=\"wp-element-caption\">Alle von mir durchgef\u00fchrten \u00c4nderungen zum Serienmodell und das auf dem Foto abgebildete Band sind <strong>fett<\/strong> markiert.<\/figcaption><\/figure>\n\n\n\n<p><a href=\"https:\/\/www.thorsten-schneider.com\/blog\/asian-mod-cooperative\/\" data-type=\"page\" data-id=\"2748\">zur\u00fcck zur Auswahl &gt;<\/a><\/p>\n","protected":false},"excerpt":{"rendered":"<p>Inspiration Sinn U1 DS Basis Seiko-SEA-Stil Edelstahl 42mm Geh\u00e4use Seiko-SEA-Stil Edelstahl matt gestrahlt 42mm Geh\u00e4useboden Glasboden Zifferblatt grau matt strukturiert mit silbernen Indizes (28,5mm) Werk Seiko NH35 Datumsscheibe schwarz Stundenzeiger Namoki U1-Stil schwarz mit wei\u00dfem Lume Minutenzeiger Namoki U1-Stil schwarz mit wei\u00dfem Lume Sekundenzeiger Namoki U1-Stil schwarz mit wei\u00dfem Lume Krone Edelstahl matt gestrahlt L\u00fcnette &hellip; <\/p>\n<p class=\"link-more\"><a href=\"https:\/\/www.thorsten-schneider.com\/blog\/1-u1-ds-grey-mod\/\" class=\"more-link\"><span class=\"screen-reader-text\">\u201e1 &#8211; U1 DS Grey Mod\u201c <\/span>weiterlesen<\/a><\/p>\n","protected":false},"author":1,"featured_media":0,"parent":0,"menu_order":0,"comment_status":"closed","ping_status":"closed","template":"","meta":{"footnotes":""},"class_list":["post-3292","page","type-page","status-publish","hentry"],"_links":{"self":[{"href":"https:\/\/www.thorsten-schneider.com\/blog\/wp-json\/wp\/v2\/pages\/3292","targetHints":{"allow":["GET"]}}],"collection":[{"href":"https:\/\/www.thorsten-schneider.com\/blog\/wp-json\/wp\/v2\/pages"}],"about":[{"href":"https:\/\/www.thorsten-schneider.com\/blog\/wp-json\/wp\/v2\/types\/page"}],"author":[{"embeddable":true,"href":"https:\/\/www.thorsten-schneider.com\/blog\/wp-json\/wp\/v2\/users\/1"}],"replies":[{"embeddable":true,"href":"https:\/\/www.thorsten-schneider.com\/blog\/wp-json\/wp\/v2\/comments?post=3292"}],"version-history":[{"count":3,"href":"https:\/\/www.thorsten-schneider.com\/blog\/wp-json\/wp\/v2\/pages\/3292\/revisions"}],"predecessor-version":[{"id":4103,"href":"https:\/\/www.thorsten-schneider.com\/blog\/wp-json\/wp\/v2\/pages\/3292\/revisions\/4103"}],"wp:attachment":[{"href":"https:\/\/www.thorsten-schneider.com\/blog\/wp-json\/wp\/v2\/media?parent=3292"}],"curies":[{"name":"wp","href":"https:\/\/api.w.org\/{rel}","templated":true}]}}