{"id":3214,"date":"2024-06-06T11:05:48","date_gmt":"2024-06-06T09:05:48","guid":{"rendered":"https:\/\/www.thorsten-schneider.com\/blog\/?page_id=3214"},"modified":"2025-10-10T10:28:03","modified_gmt":"2025-10-10T08:28:03","slug":"1-62mas-orangeturquoise","status":"publish","type":"page","link":"https:\/\/www.thorsten-schneider.com\/blog\/1-62mas-orangeturquoise\/","title":{"rendered":"1 &#8211; 62MAS OrangeBlue"},"content":{"rendered":"\n<figure class=\"wp-block-image size-large\"><img loading=\"lazy\" decoding=\"async\" width=\"1024\" height=\"768\" src=\"https:\/\/www.thorsten-schneider.com\/blog\/wp-content\/uploads\/2025\/10\/62MAS_BlueOrange-1024x768.jpeg\" alt=\"\" class=\"wp-image-4610\" srcset=\"https:\/\/www.thorsten-schneider.com\/blog\/wp-content\/uploads\/2025\/10\/62MAS_BlueOrange-1024x768.jpeg 1024w, https:\/\/www.thorsten-schneider.com\/blog\/wp-content\/uploads\/2025\/10\/62MAS_BlueOrange-300x225.jpeg 300w, https:\/\/www.thorsten-schneider.com\/blog\/wp-content\/uploads\/2025\/10\/62MAS_BlueOrange-768x576.jpeg 768w, https:\/\/www.thorsten-schneider.com\/blog\/wp-content\/uploads\/2025\/10\/62MAS_BlueOrange-1536x1152.jpeg 1536w, https:\/\/www.thorsten-schneider.com\/blog\/wp-content\/uploads\/2025\/10\/62MAS_BlueOrange.jpeg 1600w\" sizes=\"auto, (max-width: 767px) 89vw, (max-width: 1000px) 54vw, (max-width: 1071px) 543px, 580px\" \/><\/figure>\n\n\n\n<figure class=\"wp-block-table is-style-stripes\"><table><tbody><tr><td>Inspiration<\/td><td>Seiko 62MAS<\/td><\/tr><tr><td>Basis<\/td><td>62MAS 41mm<\/td><\/tr><tr><td>Geh\u00e4use<\/td><td>Edelstahl 41mm mattiert<\/td><\/tr><tr><td>Geh\u00e4useboden<\/td><td>Edelstahl mattiert<\/td><\/tr><tr><td><\/td><td><\/td><\/tr><tr><td>Zifferblatt<\/td><td><strong>hellblau strukturiert mit silbernen Indizes (28,5mm)<\/strong><\/td><\/tr><tr><td>Werk<\/td><td>Seiko NH35<\/td><\/tr><tr><td>Datumsscheibe<\/td><td>wei\u00df<\/td><\/tr><tr><td>Stundenzeiger<\/td><td><strong>Pfeilzeiger wei\u00df mit wei\u00dfem Lume<\/strong><\/td><\/tr><tr><td>Minutenzeiger<\/td><td><strong>Pencil wei\u00df mit wei\u00dfem Lume<\/strong><\/td><\/tr><tr><td>Sekundenzeiger<\/td><td><strong>Pfeilzeiger orange<\/strong><\/td><\/tr><tr><td>Krone<\/td><td>Edelstahl <strong>mattiert<\/strong><\/td><\/tr><tr><td>L\u00fcnette<\/td><td>Edelstahl poliert<\/td><\/tr><tr><td>L\u00fcnetteninlay<\/td><td>Aluminium orange mit silbernen Indizes<\/td><\/tr><tr><td><\/td><td><\/td><\/tr><tr><td>Paratrooper<\/td><td><strong>hellblau mit wei\u00dfem Streifen und Edelstahl-Hakenschlie\u00dfe<\/strong><\/td><\/tr><tr><td>Kautschuk<\/td><td>Tropic grau mit Edelstahl-Dornschlie\u00dfe<\/td><\/tr><tr><td>Kautschuk<\/td><td>Tropic orange mit Edelstahl-Dornschlie\u00dfe<\/td><\/tr><\/tbody><\/table><figcaption class=\"wp-element-caption\">Alle von mir durchgef\u00fchrten \u00c4nderungen zum Serienmodell und das auf dem Foto abgebildete Band sind <strong>fett<\/strong> markiert.<\/figcaption><\/figure>\n\n\n\n<p><a href=\"https:\/\/www.thorsten-schneider.com\/blog\/asian-mod-cooperative\/\" data-type=\"page\" data-id=\"2748\">zur\u00fcck zur Auswahl &gt;<\/a><\/p>\n","protected":false},"excerpt":{"rendered":"<p>Inspiration Seiko 62MAS Basis 62MAS 41mm Geh\u00e4use Edelstahl 41mm mattiert Geh\u00e4useboden Edelstahl mattiert Zifferblatt hellblau strukturiert mit silbernen Indizes (28,5mm) Werk Seiko NH35 Datumsscheibe wei\u00df Stundenzeiger Pfeilzeiger wei\u00df mit wei\u00dfem Lume Minutenzeiger Pencil wei\u00df mit wei\u00dfem Lume Sekundenzeiger Pfeilzeiger orange Krone Edelstahl mattiert L\u00fcnette Edelstahl poliert L\u00fcnetteninlay Aluminium orange mit silbernen Indizes Paratrooper hellblau mit &hellip; <\/p>\n<p class=\"link-more\"><a href=\"https:\/\/www.thorsten-schneider.com\/blog\/1-62mas-orangeturquoise\/\" class=\"more-link\"><span class=\"screen-reader-text\">\u201e1 &#8211; 62MAS OrangeBlue\u201c <\/span>weiterlesen<\/a><\/p>\n","protected":false},"author":1,"featured_media":0,"parent":0,"menu_order":0,"comment_status":"closed","ping_status":"closed","template":"","meta":{"footnotes":""},"class_list":["post-3214","page","type-page","status-publish","hentry"],"_links":{"self":[{"href":"https:\/\/www.thorsten-schneider.com\/blog\/wp-json\/wp\/v2\/pages\/3214","targetHints":{"allow":["GET"]}}],"collection":[{"href":"https:\/\/www.thorsten-schneider.com\/blog\/wp-json\/wp\/v2\/pages"}],"about":[{"href":"https:\/\/www.thorsten-schneider.com\/blog\/wp-json\/wp\/v2\/types\/page"}],"author":[{"embeddable":true,"href":"https:\/\/www.thorsten-schneider.com\/blog\/wp-json\/wp\/v2\/users\/1"}],"replies":[{"embeddable":true,"href":"https:\/\/www.thorsten-schneider.com\/blog\/wp-json\/wp\/v2\/comments?post=3214"}],"version-history":[{"count":9,"href":"https:\/\/www.thorsten-schneider.com\/blog\/wp-json\/wp\/v2\/pages\/3214\/revisions"}],"predecessor-version":[{"id":4614,"href":"https:\/\/www.thorsten-schneider.com\/blog\/wp-json\/wp\/v2\/pages\/3214\/revisions\/4614"}],"wp:attachment":[{"href":"https:\/\/www.thorsten-schneider.com\/blog\/wp-json\/wp\/v2\/media?parent=3214"}],"curies":[{"name":"wp","href":"https:\/\/api.w.org\/{rel}","templated":true}]}}