{"id":3159,"date":"2024-05-06T14:36:37","date_gmt":"2024-05-06T12:36:37","guid":{"rendered":"https:\/\/www.thorsten-schneider.com\/blog\/?page_id=3159"},"modified":"2025-03-13T15:59:41","modified_gmt":"2025-03-13T14:59:41","slug":"1-white-beauty","status":"publish","type":"page","link":"https:\/\/www.thorsten-schneider.com\/blog\/1-white-beauty\/","title":{"rendered":"1 &#8211; White Beauty"},"content":{"rendered":"\n<figure class=\"wp-block-image size-large\"><img loading=\"lazy\" decoding=\"async\" width=\"1024\" height=\"768\" src=\"https:\/\/www.thorsten-schneider.com\/blog\/wp-content\/uploads\/2025\/02\/white_beauty-1024x768.jpeg\" alt=\"\" class=\"wp-image-3884\" srcset=\"https:\/\/www.thorsten-schneider.com\/blog\/wp-content\/uploads\/2025\/02\/white_beauty-1024x768.jpeg 1024w, https:\/\/www.thorsten-schneider.com\/blog\/wp-content\/uploads\/2025\/02\/white_beauty-300x225.jpeg 300w, https:\/\/www.thorsten-schneider.com\/blog\/wp-content\/uploads\/2025\/02\/white_beauty-768x576.jpeg 768w, https:\/\/www.thorsten-schneider.com\/blog\/wp-content\/uploads\/2025\/02\/white_beauty-1536x1152.jpeg 1536w, https:\/\/www.thorsten-schneider.com\/blog\/wp-content\/uploads\/2025\/02\/white_beauty.jpeg 1600w\" sizes=\"auto, (max-width: 767px) 89vw, (max-width: 1000px) 54vw, (max-width: 1071px) 543px, 580px\" \/><\/figure>\n\n\n\n<figure class=\"wp-block-table is-style-stripes\"><table><tbody><tr><td>Inspiration<\/td><td>&#8211;<\/td><\/tr><tr><td>Basis<\/td><td>Pagani Design Aqua Terra Stil 40mm<\/td><\/tr><tr><td>Geh\u00e4use<\/td><td>Pagani Design Aqua Terra Stil 40mm teilmattiert<\/td><\/tr><tr><td>Geh\u00e4useboden<\/td><td>Glasboden<\/td><\/tr><tr><td><\/td><td><\/td><\/tr><tr><td>Zifferblatt<\/td><td><strong>VC-Stil wei\u00df mit wei\u00dfen Indizes (33mm)<\/strong><\/td><\/tr><tr><td>Werk<\/td><td>Seiko NH35<\/td><\/tr><tr><td>Datumsscheibe<\/td><td>wei\u00df<\/td><\/tr><tr><td>Stundenzeiger<\/td><td><strong>Pencil silber mit wei\u00dfem Lume<\/strong><\/td><\/tr><tr><td>Minutenzeiger<\/td><td><strong><strong>Pencil silber mit wei\u00dfem Lume<\/strong><\/strong><\/td><\/tr><tr><td>Sekundenzeiger<\/td><td><strong>Pfeilzeiger orange<\/strong> <strong><strong>mit wei\u00dfem Lume<\/strong><\/strong><\/td><\/tr><tr><td>Krone<\/td><td>Edelstahl poliert<\/td><\/tr><tr><td>L\u00fcnette<\/td><td>Edelstahl poliert<\/td><\/tr><tr><td>L\u00fcnetteninlay<\/td><td>&#8211;<\/td><\/tr><tr><td><\/td><td><\/td><\/tr><tr><td>Edelstahl<\/td><td><strong>massiv teilmattiert mit Faltschlie\u00dfe<\/strong><\/td><\/tr><\/tbody><\/table><figcaption class=\"wp-element-caption\">Alle von mir durchgef\u00fchrten \u00c4nderungen zum Serienmodell und das auf dem Foto abgebildete Band sind <strong>fett<\/strong> markiert.<\/figcaption><\/figure>\n\n\n\n<p><a href=\"https:\/\/www.thorsten-schneider.com\/blog\/asian-mod-cooperative\/\" data-type=\"page\" data-id=\"2748\">zur\u00fcck zur Auswahl &gt;<\/a><\/p>\n","protected":false},"excerpt":{"rendered":"<p>Inspiration &#8211; Basis Pagani Design Aqua Terra Stil 40mm Geh\u00e4use Pagani Design Aqua Terra Stil 40mm teilmattiert Geh\u00e4useboden Glasboden Zifferblatt VC-Stil wei\u00df mit wei\u00dfen Indizes (33mm) Werk Seiko NH35 Datumsscheibe wei\u00df Stundenzeiger Pencil silber mit wei\u00dfem Lume Minutenzeiger Pencil silber mit wei\u00dfem Lume Sekundenzeiger Pfeilzeiger orange mit wei\u00dfem Lume Krone Edelstahl poliert L\u00fcnette Edelstahl poliert &hellip; <\/p>\n<p class=\"link-more\"><a href=\"https:\/\/www.thorsten-schneider.com\/blog\/1-white-beauty\/\" class=\"more-link\"><span class=\"screen-reader-text\">\u201e1 &#8211; White Beauty\u201c <\/span>weiterlesen<\/a><\/p>\n","protected":false},"author":1,"featured_media":0,"parent":0,"menu_order":0,"comment_status":"closed","ping_status":"closed","template":"","meta":{"footnotes":""},"class_list":["post-3159","page","type-page","status-publish","hentry"],"_links":{"self":[{"href":"https:\/\/www.thorsten-schneider.com\/blog\/wp-json\/wp\/v2\/pages\/3159","targetHints":{"allow":["GET"]}}],"collection":[{"href":"https:\/\/www.thorsten-schneider.com\/blog\/wp-json\/wp\/v2\/pages"}],"about":[{"href":"https:\/\/www.thorsten-schneider.com\/blog\/wp-json\/wp\/v2\/types\/page"}],"author":[{"embeddable":true,"href":"https:\/\/www.thorsten-schneider.com\/blog\/wp-json\/wp\/v2\/users\/1"}],"replies":[{"embeddable":true,"href":"https:\/\/www.thorsten-schneider.com\/blog\/wp-json\/wp\/v2\/comments?post=3159"}],"version-history":[{"count":6,"href":"https:\/\/www.thorsten-schneider.com\/blog\/wp-json\/wp\/v2\/pages\/3159\/revisions"}],"predecessor-version":[{"id":4114,"href":"https:\/\/www.thorsten-schneider.com\/blog\/wp-json\/wp\/v2\/pages\/3159\/revisions\/4114"}],"wp:attachment":[{"href":"https:\/\/www.thorsten-schneider.com\/blog\/wp-json\/wp\/v2\/media?parent=3159"}],"curies":[{"name":"wp","href":"https:\/\/api.w.org\/{rel}","templated":true}]}}