{"id":3126,"date":"2024-05-05T11:54:04","date_gmt":"2024-05-05T09:54:04","guid":{"rendered":"https:\/\/www.thorsten-schneider.com\/blog\/?page_id=3126"},"modified":"2024-11-28T14:41:43","modified_gmt":"2024-11-28T13:41:43","slug":"orangina-2","status":"publish","type":"page","link":"https:\/\/www.thorsten-schneider.com\/blog\/orangina-2\/","title":{"rendered":"Amphibia BlackRed"},"content":{"rendered":"\n<figure class=\"wp-block-image size-large\"><img loading=\"lazy\" decoding=\"async\" width=\"1024\" height=\"768\" src=\"https:\/\/www.thorsten-schneider.com\/blog\/wp-content\/uploads\/2024\/11\/amphibia_blackred-1024x768.jpeg\" alt=\"\" class=\"wp-image-3680\" srcset=\"https:\/\/www.thorsten-schneider.com\/blog\/wp-content\/uploads\/2024\/11\/amphibia_blackred-1024x768.jpeg 1024w, https:\/\/www.thorsten-schneider.com\/blog\/wp-content\/uploads\/2024\/11\/amphibia_blackred-300x225.jpeg 300w, https:\/\/www.thorsten-schneider.com\/blog\/wp-content\/uploads\/2024\/11\/amphibia_blackred-768x576.jpeg 768w, https:\/\/www.thorsten-schneider.com\/blog\/wp-content\/uploads\/2024\/11\/amphibia_blackred-1536x1152.jpeg 1536w, https:\/\/www.thorsten-schneider.com\/blog\/wp-content\/uploads\/2024\/11\/amphibia_blackred.jpeg 1600w\" sizes=\"auto, (max-width: 767px) 89vw, (max-width: 1000px) 54vw, (max-width: 1071px) 543px, 580px\" \/><\/figure>\n\n\n\n<figure class=\"wp-block-table is-style-stripes\"><table><tbody><tr><td>Inspiration<\/td><td>&#8211;<\/td><\/tr><tr><td>Basis<\/td><td>Vostok Komandirskie 020XXX<\/td><\/tr><tr><td>Geh\u00e4use<\/td><td><strong>Komandirskie 020 Edelstahl mattiert<\/strong><\/td><\/tr><tr><td>Geh\u00e4useboden<\/td><td><strong>Meranom Glasboden mit gro\u00dfem Sichtfenster<\/strong><\/td><\/tr><tr><td><\/td><td><\/td><\/tr><tr><td>Zifferblatt<\/td><td><strong>Amphibia 512 schwarz<\/strong><\/td><\/tr><tr><td>Werk<\/td><td>Vostok 2416B Automatik<\/td><\/tr><tr><td>Werkhaltering<\/td><td>Kunststoff<\/td><\/tr><tr><td>Armierungsring<\/td><td>Edelstahl poliert<\/td><\/tr><tr><td>Datumsscheibe<\/td><td>&#8211;<\/td><\/tr><tr><td>Stundenzeiger<\/td><td>Komandirskie silber<\/td><\/tr><tr><td>Minutenzeiger<\/td><td>Komandirskie silber<\/td><\/tr><tr><td>Sekundenzeiger<\/td><td><strong>Vostok SE rot<\/strong><\/td><\/tr><tr><td>Krone<\/td><td><strong>Edelstahl mattiert mit Fase<\/strong><\/td><\/tr><tr><td>L\u00fcnette<\/td><td><strong>Meranom 3-6-9-12 schwarz matt PVD-beschichtet<\/strong><\/td><\/tr><tr><td>L\u00fcnetteninlay<\/td><td>&#8211;<\/td><\/tr><tr><td><\/td><td><\/td><\/tr><tr><td>Paratrooper<\/td><td><strong>schwarz mit rotem Streifen und Edelstahl-Hakenschlie\u00dfe<\/strong><\/td><\/tr><tr><td>Leder<\/td><td>schwarz mit roter Ziernaht und Edelstahl-Dornschlie\u00dfe<\/td><\/tr><\/tbody><\/table><figcaption class=\"wp-element-caption\">Alle von mir durchgef\u00fchrten \u00c4nderungen zum Serienmodell und die auf den Fotos abgebildeten B\u00e4nder sind <strong>fett<\/strong> markiert.<\/figcaption><\/figure>\n\n\n\n<p><a href=\"https:\/\/www.thorsten-schneider.com\/blog\/blue-boys\/\" data-type=\"page\" data-id=\"1173\">zur\u00fcck zur Auswahl &gt;<\/a><\/p>\n","protected":false},"excerpt":{"rendered":"<p>Inspiration &#8211; Basis Vostok Komandirskie 020XXX Geh\u00e4use Komandirskie 020 Edelstahl mattiert Geh\u00e4useboden Meranom Glasboden mit gro\u00dfem Sichtfenster Zifferblatt Amphibia 512 schwarz Werk Vostok 2416B Automatik Werkhaltering Kunststoff Armierungsring Edelstahl poliert Datumsscheibe &#8211; Stundenzeiger Komandirskie silber Minutenzeiger Komandirskie silber Sekundenzeiger Vostok SE rot Krone Edelstahl mattiert mit Fase L\u00fcnette Meranom 3-6-9-12 schwarz matt PVD-beschichtet L\u00fcnetteninlay &#8211; &hellip; <\/p>\n<p class=\"link-more\"><a href=\"https:\/\/www.thorsten-schneider.com\/blog\/orangina-2\/\" class=\"more-link\"><span class=\"screen-reader-text\">\u201eAmphibia BlackRed\u201c <\/span>weiterlesen<\/a><\/p>\n","protected":false},"author":1,"featured_media":0,"parent":0,"menu_order":0,"comment_status":"closed","ping_status":"closed","template":"","meta":{"footnotes":""},"class_list":["post-3126","page","type-page","status-publish","hentry"],"_links":{"self":[{"href":"https:\/\/www.thorsten-schneider.com\/blog\/wp-json\/wp\/v2\/pages\/3126","targetHints":{"allow":["GET"]}}],"collection":[{"href":"https:\/\/www.thorsten-schneider.com\/blog\/wp-json\/wp\/v2\/pages"}],"about":[{"href":"https:\/\/www.thorsten-schneider.com\/blog\/wp-json\/wp\/v2\/types\/page"}],"author":[{"embeddable":true,"href":"https:\/\/www.thorsten-schneider.com\/blog\/wp-json\/wp\/v2\/users\/1"}],"replies":[{"embeddable":true,"href":"https:\/\/www.thorsten-schneider.com\/blog\/wp-json\/wp\/v2\/comments?post=3126"}],"version-history":[{"count":6,"href":"https:\/\/www.thorsten-schneider.com\/blog\/wp-json\/wp\/v2\/pages\/3126\/revisions"}],"predecessor-version":[{"id":3693,"href":"https:\/\/www.thorsten-schneider.com\/blog\/wp-json\/wp\/v2\/pages\/3126\/revisions\/3693"}],"wp:attachment":[{"href":"https:\/\/www.thorsten-schneider.com\/blog\/wp-json\/wp\/v2\/media?parent=3126"}],"curies":[{"name":"wp","href":"https:\/\/api.w.org\/{rel}","templated":true}]}}