{"id":3047,"date":"2024-04-17T13:18:46","date_gmt":"2024-04-17T11:18:46","guid":{"rendered":"https:\/\/www.thorsten-schneider.com\/blog\/?page_id=3047"},"modified":"2025-09-30T12:07:18","modified_gmt":"2025-09-30T10:07:18","slug":"1-vintage-fieldwatch-bronze-red","status":"publish","type":"page","link":"https:\/\/www.thorsten-schneider.com\/blog\/1-vintage-fieldwatch-bronze-red\/","title":{"rendered":"1 &#8211; Vintage Fieldwatch Bronze Red"},"content":{"rendered":"\n<figure class=\"wp-block-image size-large\"><img loading=\"lazy\" decoding=\"async\" width=\"1024\" height=\"768\" src=\"https:\/\/www.thorsten-schneider.com\/blog\/wp-content\/uploads\/2025\/09\/bronze_fieldwatch-1024x768.jpeg\" alt=\"\" class=\"wp-image-4547\" srcset=\"https:\/\/www.thorsten-schneider.com\/blog\/wp-content\/uploads\/2025\/09\/bronze_fieldwatch-1024x768.jpeg 1024w, https:\/\/www.thorsten-schneider.com\/blog\/wp-content\/uploads\/2025\/09\/bronze_fieldwatch-300x225.jpeg 300w, https:\/\/www.thorsten-schneider.com\/blog\/wp-content\/uploads\/2025\/09\/bronze_fieldwatch-768x576.jpeg 768w, https:\/\/www.thorsten-schneider.com\/blog\/wp-content\/uploads\/2025\/09\/bronze_fieldwatch-1536x1152.jpeg 1536w, https:\/\/www.thorsten-schneider.com\/blog\/wp-content\/uploads\/2025\/09\/bronze_fieldwatch.jpeg 1600w\" sizes=\"auto, (max-width: 767px) 89vw, (max-width: 1000px) 54vw, (max-width: 1071px) 543px, 580px\" \/><\/figure>\n\n\n\n<figure class=\"wp-block-image size-large\"><img loading=\"lazy\" decoding=\"async\" width=\"1024\" height=\"768\" src=\"https:\/\/www.thorsten-schneider.com\/blog\/wp-content\/uploads\/2024\/04\/fieldwatch_bronze_red-1024x768.jpeg\" alt=\"\" class=\"wp-image-3034\" srcset=\"https:\/\/www.thorsten-schneider.com\/blog\/wp-content\/uploads\/2024\/04\/fieldwatch_bronze_red-1024x768.jpeg 1024w, https:\/\/www.thorsten-schneider.com\/blog\/wp-content\/uploads\/2024\/04\/fieldwatch_bronze_red-300x225.jpeg 300w, https:\/\/www.thorsten-schneider.com\/blog\/wp-content\/uploads\/2024\/04\/fieldwatch_bronze_red-768x576.jpeg 768w, https:\/\/www.thorsten-schneider.com\/blog\/wp-content\/uploads\/2024\/04\/fieldwatch_bronze_red-1536x1152.jpeg 1536w, https:\/\/www.thorsten-schneider.com\/blog\/wp-content\/uploads\/2024\/04\/fieldwatch_bronze_red.jpeg 1600w\" sizes=\"auto, (max-width: 767px) 89vw, (max-width: 1000px) 54vw, (max-width: 1071px) 543px, 580px\" \/><\/figure>\n\n\n\n<figure class=\"wp-block-table is-style-stripes\"><table><tbody><tr><td>Inspiration<\/td><td>WWII-Fieldwatch<\/td><\/tr><tr><td>Basis<\/td><td>Tandorio Fieldwatch Bronze red 39mm<\/td><\/tr><tr><td>Geh\u00e4use<\/td><td>Tandorio Bronze 39mm mattiert und <strong>patiniert<\/strong><\/td><\/tr><tr><td>Geh\u00e4useboden<\/td><td>Edelstahl mattiert<\/td><\/tr><tr><td><\/td><td><\/td><\/tr><tr><td>Zifferblatt<\/td><td>rot mit gelben Ziffern (33,5mm)<\/td><\/tr><tr><td>Werk<\/td><td>Seiko NH35<\/td><\/tr><tr><td>Datumsscheibe<\/td><td>&#8211;<\/td><\/tr><tr><td>Stundenzeiger<\/td><td><strong>Milspec silber mit gelbem Lume<\/strong><\/td><\/tr><tr><td>Minutenzeiger<\/td><td><strong>Milspec silber mit gelbem Lume<\/strong><\/td><\/tr><tr><td>Sekundenzeiger<\/td><td>silber<\/td><\/tr><tr><td>Krone<\/td><td>Bronze mattiert und <strong>patiniert<\/strong><\/td><\/tr><tr><td>L\u00fcnette<\/td><td>Bronze mattiert und <strong>patiniert<\/strong><\/td><\/tr><tr><td>L\u00fcnetteninlay<\/td><td>&#8211;<\/td><\/tr><tr><td><\/td><td><\/td><\/tr><tr><td>Nato<\/td><td><strong>2-Piece dunkelrot mit beigefarbenem Streifen und Bronze-Dornschlie\u00dfe<\/strong><\/td><\/tr><tr><td>Paratrooper<\/td><td><strong>beige mit wei\u00dfem Streifen und Bronze-Hakenschlie\u00dfe<\/strong><\/td><\/tr><tr><td>Leder<\/td><td>hellbraun mit beigefarbener Ziernaht und Bronze-Dornschlie\u00dfe<\/td><\/tr><\/tbody><\/table><figcaption class=\"wp-element-caption\">Alle von mir durchgef\u00fchrten \u00c4nderungen zum Serienmodell und die auf den Fotos abgebildeten B\u00e4nder sind <strong>fett<\/strong> markiert.<\/figcaption><\/figure>\n\n\n\n<p><\/p>\n\n\n\n<p><a href=\"https:\/\/www.thorsten-schneider.com\/blog\/asian-mod-cooperative\/\" data-type=\"page\" data-id=\"2748\">zur\u00fcck zur Auswahl &gt;<\/a><\/p>\n","protected":false},"excerpt":{"rendered":"<p>Inspiration WWII-Fieldwatch Basis Tandorio Fieldwatch Bronze red 39mm Geh\u00e4use Tandorio Bronze 39mm mattiert und patiniert Geh\u00e4useboden Edelstahl mattiert Zifferblatt rot mit gelben Ziffern (33,5mm) Werk Seiko NH35 Datumsscheibe &#8211; Stundenzeiger Milspec silber mit gelbem Lume Minutenzeiger Milspec silber mit gelbem Lume Sekundenzeiger silber Krone Bronze mattiert und patiniert L\u00fcnette Bronze mattiert und patiniert L\u00fcnetteninlay &#8211; &hellip; <\/p>\n<p class=\"link-more\"><a href=\"https:\/\/www.thorsten-schneider.com\/blog\/1-vintage-fieldwatch-bronze-red\/\" class=\"more-link\"><span class=\"screen-reader-text\">\u201e1 &#8211; Vintage Fieldwatch Bronze Red\u201c <\/span>weiterlesen<\/a><\/p>\n","protected":false},"author":1,"featured_media":0,"parent":0,"menu_order":0,"comment_status":"closed","ping_status":"closed","template":"","meta":{"footnotes":""},"class_list":["post-3047","page","type-page","status-publish","hentry"],"_links":{"self":[{"href":"https:\/\/www.thorsten-schneider.com\/blog\/wp-json\/wp\/v2\/pages\/3047","targetHints":{"allow":["GET"]}}],"collection":[{"href":"https:\/\/www.thorsten-schneider.com\/blog\/wp-json\/wp\/v2\/pages"}],"about":[{"href":"https:\/\/www.thorsten-schneider.com\/blog\/wp-json\/wp\/v2\/types\/page"}],"author":[{"embeddable":true,"href":"https:\/\/www.thorsten-schneider.com\/blog\/wp-json\/wp\/v2\/users\/1"}],"replies":[{"embeddable":true,"href":"https:\/\/www.thorsten-schneider.com\/blog\/wp-json\/wp\/v2\/comments?post=3047"}],"version-history":[{"count":6,"href":"https:\/\/www.thorsten-schneider.com\/blog\/wp-json\/wp\/v2\/pages\/3047\/revisions"}],"predecessor-version":[{"id":4563,"href":"https:\/\/www.thorsten-schneider.com\/blog\/wp-json\/wp\/v2\/pages\/3047\/revisions\/4563"}],"wp:attachment":[{"href":"https:\/\/www.thorsten-schneider.com\/blog\/wp-json\/wp\/v2\/media?parent=3047"}],"curies":[{"name":"wp","href":"https:\/\/api.w.org\/{rel}","templated":true}]}}