{"id":3039,"date":"2024-04-17T13:03:50","date_gmt":"2024-04-17T11:03:50","guid":{"rendered":"https:\/\/www.thorsten-schneider.com\/blog\/?page_id=3039"},"modified":"2025-10-10T10:35:57","modified_gmt":"2025-10-10T08:35:57","slug":"1-samuxa-orange","status":"publish","type":"page","link":"https:\/\/www.thorsten-schneider.com\/blog\/1-samuxa-orange\/","title":{"rendered":"1 &#8211; Samurai WhiteOrange"},"content":{"rendered":"\n<figure class=\"wp-block-image size-large\"><img loading=\"lazy\" decoding=\"async\" width=\"1024\" height=\"768\" src=\"https:\/\/www.thorsten-schneider.com\/blog\/wp-content\/uploads\/2025\/10\/Samurai_WhiteOrange-1024x768.jpeg\" alt=\"\" class=\"wp-image-4608\" srcset=\"https:\/\/www.thorsten-schneider.com\/blog\/wp-content\/uploads\/2025\/10\/Samurai_WhiteOrange-1024x768.jpeg 1024w, https:\/\/www.thorsten-schneider.com\/blog\/wp-content\/uploads\/2025\/10\/Samurai_WhiteOrange-300x225.jpeg 300w, https:\/\/www.thorsten-schneider.com\/blog\/wp-content\/uploads\/2025\/10\/Samurai_WhiteOrange-768x576.jpeg 768w, https:\/\/www.thorsten-schneider.com\/blog\/wp-content\/uploads\/2025\/10\/Samurai_WhiteOrange-1536x1152.jpeg 1536w, https:\/\/www.thorsten-schneider.com\/blog\/wp-content\/uploads\/2025\/10\/Samurai_WhiteOrange.jpeg 1600w\" sizes=\"auto, (max-width: 767px) 89vw, (max-width: 1000px) 54vw, (max-width: 1071px) 543px, 580px\" \/><\/figure>\n\n\n\n<figure class=\"wp-block-table is-style-stripes\"><table><tbody><tr><td>Inspiration<\/td><td>Seiko Samurai<\/td><\/tr><tr><td>Basis<\/td><td>Samurai-Stil 43mm<\/td><\/tr><tr><td>Geh\u00e4use<\/td><td>Samurai-Stil Edelstahl teilmattiert 43mm<\/td><\/tr><tr><td>Geh\u00e4useboden<\/td><td>Edelstahl mattiert<\/td><\/tr><tr><td><\/td><td><\/td><\/tr><tr><td>Zifferblatt<\/td><td><strong>wei\u00df strukturiert mit silbernen Indizes (28,5mm)<\/strong><\/td><\/tr><tr><td>Werk<\/td><td>Seiko NH35<\/td><\/tr><tr><td>Datumsscheibe<\/td><td>schwarz<\/td><\/tr><tr><td>Stundenzeiger<\/td><td><strong>MM-Stil schwarz poliert mit wei\u00dfem Lume<\/strong><\/td><\/tr><tr><td>Minutenzeiger<\/td><td><strong><strong><strong>MM-Stil schwarz poliert mit wei\u00dfem Lume<\/strong><\/strong><\/strong><\/td><\/tr><tr><td>Sekundenzeiger<\/td><td><strong>orange matt mit wei\u00dfem Lume<\/strong><\/td><\/tr><tr><td>Krone<\/td><td>Edelstahl mattiert<\/td><\/tr><tr><td>L\u00fcnette<\/td><td>Edelstahl poliert<\/td><\/tr><tr><td>L\u00fcnetteninlay<\/td><td>schwarz mit wei\u00dfen Ziffern und orangefarbenen Indizes<\/td><\/tr><tr><td><\/td><td><\/td><\/tr><tr><td>Edelstahl<\/td><td><strong>Uncle-Seiko-Stil massiv mattiert mit Faltschlie\u00dfe<\/strong><\/td><\/tr><\/tbody><\/table><figcaption class=\"wp-element-caption\">Alle von mir durchgef\u00fchrten \u00c4nderungen zum Serienmodell und das auf dem Foto abgebildete Band sind <strong>fett<\/strong> markiert.<\/figcaption><\/figure>\n\n\n\n<p><a href=\"https:\/\/www.thorsten-schneider.com\/blog\/asian-mod-cooperative\/\" data-type=\"page\" data-id=\"2748\">zur\u00fcck zur Auswahl &gt;<\/a><\/p>\n","protected":false},"excerpt":{"rendered":"<p>Inspiration Seiko Samurai Basis Samurai-Stil 43mm Geh\u00e4use Samurai-Stil Edelstahl teilmattiert 43mm Geh\u00e4useboden Edelstahl mattiert Zifferblatt wei\u00df strukturiert mit silbernen Indizes (28,5mm) Werk Seiko NH35 Datumsscheibe schwarz Stundenzeiger MM-Stil schwarz poliert mit wei\u00dfem Lume Minutenzeiger MM-Stil schwarz poliert mit wei\u00dfem Lume Sekundenzeiger orange matt mit wei\u00dfem Lume Krone Edelstahl mattiert L\u00fcnette Edelstahl poliert L\u00fcnetteninlay schwarz mit &hellip; <\/p>\n<p class=\"link-more\"><a href=\"https:\/\/www.thorsten-schneider.com\/blog\/1-samuxa-orange\/\" class=\"more-link\"><span class=\"screen-reader-text\">\u201e1 &#8211; Samurai WhiteOrange\u201c <\/span>weiterlesen<\/a><\/p>\n","protected":false},"author":1,"featured_media":0,"parent":0,"menu_order":0,"comment_status":"closed","ping_status":"closed","template":"","meta":{"footnotes":""},"class_list":["post-3039","page","type-page","status-publish","hentry"],"_links":{"self":[{"href":"https:\/\/www.thorsten-schneider.com\/blog\/wp-json\/wp\/v2\/pages\/3039","targetHints":{"allow":["GET"]}}],"collection":[{"href":"https:\/\/www.thorsten-schneider.com\/blog\/wp-json\/wp\/v2\/pages"}],"about":[{"href":"https:\/\/www.thorsten-schneider.com\/blog\/wp-json\/wp\/v2\/types\/page"}],"author":[{"embeddable":true,"href":"https:\/\/www.thorsten-schneider.com\/blog\/wp-json\/wp\/v2\/users\/1"}],"replies":[{"embeddable":true,"href":"https:\/\/www.thorsten-schneider.com\/blog\/wp-json\/wp\/v2\/comments?post=3039"}],"version-history":[{"count":8,"href":"https:\/\/www.thorsten-schneider.com\/blog\/wp-json\/wp\/v2\/pages\/3039\/revisions"}],"predecessor-version":[{"id":4625,"href":"https:\/\/www.thorsten-schneider.com\/blog\/wp-json\/wp\/v2\/pages\/3039\/revisions\/4625"}],"wp:attachment":[{"href":"https:\/\/www.thorsten-schneider.com\/blog\/wp-json\/wp\/v2\/media?parent=3039"}],"curies":[{"name":"wp","href":"https:\/\/api.w.org\/{rel}","templated":true}]}}