{"id":3025,"date":"2024-03-22T11:02:24","date_gmt":"2024-03-22T10:02:24","guid":{"rendered":"https:\/\/www.thorsten-schneider.com\/blog\/?page_id=3025"},"modified":"2025-03-13T13:03:31","modified_gmt":"2025-03-13T12:03:31","slug":"1-aximod","status":"publish","type":"page","link":"https:\/\/www.thorsten-schneider.com\/blog\/1-aximod\/","title":{"rendered":"1 &#8211; AxiMod"},"content":{"rendered":"\n<figure class=\"wp-block-image size-large\"><img loading=\"lazy\" decoding=\"async\" width=\"1024\" height=\"768\" src=\"https:\/\/www.thorsten-schneider.com\/blog\/wp-content\/uploads\/2025\/02\/aximod-1024x768.jpeg\" alt=\"\" class=\"wp-image-3868\" srcset=\"https:\/\/www.thorsten-schneider.com\/blog\/wp-content\/uploads\/2025\/02\/aximod-1024x768.jpeg 1024w, https:\/\/www.thorsten-schneider.com\/blog\/wp-content\/uploads\/2025\/02\/aximod-300x225.jpeg 300w, https:\/\/www.thorsten-schneider.com\/blog\/wp-content\/uploads\/2025\/02\/aximod-768x576.jpeg 768w, https:\/\/www.thorsten-schneider.com\/blog\/wp-content\/uploads\/2025\/02\/aximod-1536x1152.jpeg 1536w, https:\/\/www.thorsten-schneider.com\/blog\/wp-content\/uploads\/2025\/02\/aximod.jpeg 1600w\" sizes=\"auto, (max-width: 767px) 89vw, (max-width: 1000px) 54vw, (max-width: 1071px) 543px, 580px\" \/><\/figure>\n\n\n\n<figure class=\"wp-block-table is-style-stripes\"><table><tbody><tr><td>Inspiration<\/td><td>Axios Flagship<\/td><\/tr><tr><td>Basis<\/td><td>Tandorio Fifty Fathoms Stil 40mm<\/td><\/tr><tr><td>Geh\u00e4use<\/td><td>Tandorio Fifty Fathoms Stil Edelstahl matt gestrahlt 40mm<\/td><\/tr><tr><td>Geh\u00e4useboden<\/td><td>Edelstahl matt gestrahlt<\/td><\/tr><tr><td><\/td><td><\/td><\/tr><tr><td>Zifferblatt<\/td><td><strong>blau-schwarz Sonnenschliff mit wei\u00dfen Indizes, auf 28,5mm abgeschliffen<\/strong><\/td><\/tr><tr><td>Werk<\/td><td>Seiko NH35<\/td><\/tr><tr><td>Datumsscheibe<\/td><td>schwarz<\/td><\/tr><tr><td>Stundenzeiger<\/td><td><strong>Milspec silber mit wei\u00dfem Lume<\/strong><\/td><\/tr><tr><td>Minutenzeiger<\/td><td><strong>Milspec silber mit wei\u00dfem Lume<\/strong><\/td><\/tr><tr><td>Sekundenzeiger<\/td><td><strong>silber mit wei\u00dfem Lume<\/strong><\/td><\/tr><tr><td>Krone<\/td><td>Edelstahl matt gestrahlt<\/td><\/tr><tr><td>L\u00fcnette<\/td><td>Edelstahl matt gestrahlt<\/td><\/tr><tr><td>L\u00fcnetteninlay<\/td><td>Edelstahl<\/td><\/tr><tr><td><\/td><td><\/td><\/tr><tr><td>Wildleder<\/td><td><strong>grau mit wei\u00dfer Ziernaht und Edelstahl-Dornschlie\u00dfe<\/strong><\/td><\/tr><\/tbody><\/table><figcaption class=\"wp-element-caption\">Alle von mir durchgef\u00fchrten \u00c4nderungen zum Serienmodell und das auf dem Foto abgebildete Band sind <strong>fett<\/strong> markiert.<\/figcaption><\/figure>\n\n\n\n<p><a href=\"https:\/\/www.thorsten-schneider.com\/blog\/asian-mod-cooperative\/\" data-type=\"page\" data-id=\"2748\">zur\u00fcck zur Auswahl &gt;<\/a><\/p>\n","protected":false},"excerpt":{"rendered":"<p>Inspiration Axios Flagship Basis Tandorio Fifty Fathoms Stil 40mm Geh\u00e4use Tandorio Fifty Fathoms Stil Edelstahl matt gestrahlt 40mm Geh\u00e4useboden Edelstahl matt gestrahlt Zifferblatt blau-schwarz Sonnenschliff mit wei\u00dfen Indizes, auf 28,5mm abgeschliffen Werk Seiko NH35 Datumsscheibe schwarz Stundenzeiger Milspec silber mit wei\u00dfem Lume Minutenzeiger Milspec silber mit wei\u00dfem Lume Sekundenzeiger silber mit wei\u00dfem Lume Krone Edelstahl &hellip; <\/p>\n<p class=\"link-more\"><a href=\"https:\/\/www.thorsten-schneider.com\/blog\/1-aximod\/\" class=\"more-link\"><span class=\"screen-reader-text\">\u201e1 &#8211; AxiMod\u201c <\/span>weiterlesen<\/a><\/p>\n","protected":false},"author":1,"featured_media":0,"parent":0,"menu_order":0,"comment_status":"closed","ping_status":"closed","template":"","meta":{"footnotes":""},"class_list":["post-3025","page","type-page","status-publish","hentry"],"_links":{"self":[{"href":"https:\/\/www.thorsten-schneider.com\/blog\/wp-json\/wp\/v2\/pages\/3025","targetHints":{"allow":["GET"]}}],"collection":[{"href":"https:\/\/www.thorsten-schneider.com\/blog\/wp-json\/wp\/v2\/pages"}],"about":[{"href":"https:\/\/www.thorsten-schneider.com\/blog\/wp-json\/wp\/v2\/types\/page"}],"author":[{"embeddable":true,"href":"https:\/\/www.thorsten-schneider.com\/blog\/wp-json\/wp\/v2\/users\/1"}],"replies":[{"embeddable":true,"href":"https:\/\/www.thorsten-schneider.com\/blog\/wp-json\/wp\/v2\/comments?post=3025"}],"version-history":[{"count":5,"href":"https:\/\/www.thorsten-schneider.com\/blog\/wp-json\/wp\/v2\/pages\/3025\/revisions"}],"predecessor-version":[{"id":4019,"href":"https:\/\/www.thorsten-schneider.com\/blog\/wp-json\/wp\/v2\/pages\/3025\/revisions\/4019"}],"wp:attachment":[{"href":"https:\/\/www.thorsten-schneider.com\/blog\/wp-json\/wp\/v2\/media?parent=3025"}],"curies":[{"name":"wp","href":"https:\/\/api.w.org\/{rel}","templated":true}]}}