{"id":2995,"date":"2024-03-12T18:16:43","date_gmt":"2024-03-12T17:16:43","guid":{"rendered":"https:\/\/www.thorsten-schneider.com\/blog\/?page_id=2995"},"modified":"2026-02-16T16:01:54","modified_gmt":"2026-02-16T15:01:54","slug":"1-857-mod","status":"publish","type":"page","link":"https:\/\/www.thorsten-schneider.com\/blog\/1-857-mod\/","title":{"rendered":"1 &#8211; Sub Black Steel"},"content":{"rendered":"\n<figure class=\"wp-block-image size-large\"><img loading=\"lazy\" decoding=\"async\" width=\"1024\" height=\"768\" src=\"https:\/\/www.thorsten-schneider.com\/blog\/wp-content\/uploads\/2026\/02\/sub_black_steel_mod-1024x768.jpeg\" alt=\"\" class=\"wp-image-5057\" srcset=\"https:\/\/www.thorsten-schneider.com\/blog\/wp-content\/uploads\/2026\/02\/sub_black_steel_mod-1024x768.jpeg 1024w, https:\/\/www.thorsten-schneider.com\/blog\/wp-content\/uploads\/2026\/02\/sub_black_steel_mod-300x225.jpeg 300w, https:\/\/www.thorsten-schneider.com\/blog\/wp-content\/uploads\/2026\/02\/sub_black_steel_mod-768x576.jpeg 768w, https:\/\/www.thorsten-schneider.com\/blog\/wp-content\/uploads\/2026\/02\/sub_black_steel_mod-1536x1152.jpeg 1536w, https:\/\/www.thorsten-schneider.com\/blog\/wp-content\/uploads\/2026\/02\/sub_black_steel_mod.jpeg 1600w\" sizes=\"auto, (max-width: 767px) 89vw, (max-width: 1000px) 54vw, (max-width: 1071px) 543px, 580px\" \/><\/figure>\n\n\n\n<figure class=\"wp-block-table is-style-stripes\"><table><tbody><tr><td>Inspiration<\/td><td>&#8211;<\/td><\/tr><tr><td>Basis<\/td><td>Sub-Stil 42mm<\/td><\/tr><tr><td>Geh\u00e4use<\/td><td>Sub-Stil Edelstahl 42mm matt gestrahlt<\/td><\/tr><tr><td>Geh\u00e4useboden<\/td><td>Glasboden<\/td><\/tr><tr><td><\/td><td><\/td><\/tr><tr><td>Zifferblatt<\/td><td><strong>PAM-Stil schwarz matt mit wei\u00dfen Ziffern (28,5mm)<\/strong><\/td><\/tr><tr><td>Werk<\/td><td>Seiko NH35<\/td><\/tr><tr><td>Datumsscheibe<\/td><td>wei\u00df<\/td><\/tr><tr><td>Stundenzeiger<\/td><td><strong>dunkelgrau gl\u00e4nzend mit wei\u00dfem Lume<\/strong><\/td><\/tr><tr><td>Minutenzeiger<\/td><td><strong><strong>dunkelgrau gl\u00e4nzend mit wei\u00dfem Lume<\/strong><\/strong><\/td><\/tr><tr><td>Sekundenzeiger<\/td><td><strong>t\u00fcrkis mit wei\u00dfem Lume<\/strong><\/td><\/tr><tr><td>Krone<\/td><td>Edelstahl matt gestrahlt<\/td><\/tr><tr><td>L\u00fcnette<\/td><td>Edelstahl matt gestrahlt<\/td><\/tr><tr><td>L\u00fcnetteninlay<\/td><td>Yachtmaster-Stil Keramik schwarz matt<\/td><\/tr><tr><td><\/td><td><\/td><\/tr><tr><td>Kautschuk<\/td><td><strong>Tropic schwarz mit Edelstahl-Dornschlie\u00dfe<\/strong><\/td><\/tr><tr><td>Nato<\/td><td>2Piece schwarz mit Edelstahl-Dornschlie\u00dfe<\/td><\/tr><tr><td>Sailcloth<\/td><td>schwarz mit Edelstahl-Dornschlie\u00dfe<\/td><\/tr><tr><td>Edelstahl<\/td><td>massiv mattiert mit Faltschlie\u00dfe<\/td><\/tr><\/tbody><\/table><figcaption class=\"wp-element-caption\">Alle von mir durchgef\u00fchrten \u00c4nderungen zum Serienmodell und das auf dem Foto abgebildete Band sind <strong>fett<\/strong> markiert.<\/figcaption><\/figure>\n\n\n\n<p><a href=\"https:\/\/www.thorsten-schneider.com\/blog\/asian-mod-cooperative\/\" data-type=\"page\" data-id=\"2748\">zur\u00fcck zur Auswahl &gt;<\/a><\/p>\n","protected":false},"excerpt":{"rendered":"<p>Inspiration &#8211; Basis Sub-Stil 42mm Geh\u00e4use Sub-Stil Edelstahl 42mm matt gestrahlt Geh\u00e4useboden Glasboden Zifferblatt PAM-Stil schwarz matt mit wei\u00dfen Ziffern (28,5mm) Werk Seiko NH35 Datumsscheibe wei\u00df Stundenzeiger dunkelgrau gl\u00e4nzend mit wei\u00dfem Lume Minutenzeiger dunkelgrau gl\u00e4nzend mit wei\u00dfem Lume Sekundenzeiger t\u00fcrkis mit wei\u00dfem Lume Krone Edelstahl matt gestrahlt L\u00fcnette Edelstahl matt gestrahlt L\u00fcnetteninlay Yachtmaster-Stil Keramik schwarz &hellip; <\/p>\n<p class=\"link-more\"><a href=\"https:\/\/www.thorsten-schneider.com\/blog\/1-857-mod\/\" class=\"more-link\"><span class=\"screen-reader-text\">\u201e1 &#8211; Sub Black Steel\u201c <\/span>weiterlesen<\/a><\/p>\n","protected":false},"author":1,"featured_media":0,"parent":0,"menu_order":0,"comment_status":"closed","ping_status":"closed","template":"","meta":{"footnotes":""},"class_list":["post-2995","page","type-page","status-publish","hentry"],"_links":{"self":[{"href":"https:\/\/www.thorsten-schneider.com\/blog\/wp-json\/wp\/v2\/pages\/2995","targetHints":{"allow":["GET"]}}],"collection":[{"href":"https:\/\/www.thorsten-schneider.com\/blog\/wp-json\/wp\/v2\/pages"}],"about":[{"href":"https:\/\/www.thorsten-schneider.com\/blog\/wp-json\/wp\/v2\/types\/page"}],"author":[{"embeddable":true,"href":"https:\/\/www.thorsten-schneider.com\/blog\/wp-json\/wp\/v2\/users\/1"}],"replies":[{"embeddable":true,"href":"https:\/\/www.thorsten-schneider.com\/blog\/wp-json\/wp\/v2\/comments?post=2995"}],"version-history":[{"count":19,"href":"https:\/\/www.thorsten-schneider.com\/blog\/wp-json\/wp\/v2\/pages\/2995\/revisions"}],"predecessor-version":[{"id":5062,"href":"https:\/\/www.thorsten-schneider.com\/blog\/wp-json\/wp\/v2\/pages\/2995\/revisions\/5062"}],"wp:attachment":[{"href":"https:\/\/www.thorsten-schneider.com\/blog\/wp-json\/wp\/v2\/media?parent=2995"}],"curies":[{"name":"wp","href":"https:\/\/api.w.org\/{rel}","templated":true}]}}